{"id":8269,"date":"2022-06-09T08:10:44","date_gmt":"2022-06-09T07:10:44","guid":{"rendered":"https:\/\/papajuliett.com\/product\/ogledalo-kompresor-reaktivnega-motorja-pratt-whitney\/"},"modified":"2024-08-21T13:31:21","modified_gmt":"2024-08-21T12:31:21","slug":"ogledalo-kompresor-reaktivnega-motorja-pratt-and-whitney","status":"publish","type":"product","link":"https:\/\/papajuliett.com\/sl\/izdelek\/ogledalo-kompresor-reaktivnega-motorja-pratt-and-whitney\/","title":{"rendered":"Ogledalo Kompresor reaktivnega motorja Pratt and Whitney"},"content":{"rendered":"","protected":false},"excerpt":{"rendered":"<p><span><strong>Izdelava po naro\u010dilu. Za ve\u010d nas kontaktirajte.<\/strong><\/span><\/p>\n<p class=\"p1\"><span class=\"s1\">Pot tega ogledala je podobna poti junaka, ki se s svojo notranjo mo\u010djo prebije na drugo stran vseh tegob in izzivov, ki jih je sre\u010dal na svoji poti.<br \/>\n<\/span><\/p>\n<p class=\"p1\" style=\"text-align: left;\"><span class=\"s1\">Njegove mo\u010dne kompresorske lopatice smo pustili tak\u0161ne, kakr\u0161ne so- saj so bile to\u010dno take zaslu\u017ene za to, da je dobro deloval in da je bil izbran za transformacijo v novo \u017eivljenje.<\/span><\/p>\n<p class=\"p1\"><span class=\"s1\">S premerom 70 cm in premium ogledalom premera 43 cm, se zlahka zlije z vsakim prostorom in mu daje sodoben, pristen in eleganten videz.<\/span><\/p>\n<p><span class=\"s1\">Poglejte se v ogledalo, ki &#8220;razume&#8221;, skozi kaj vse ste \u0161li. <\/span>U\u017eivajte v ob\u010dutku osebne zmage vsaki\u010d, ko v njem opazite svoj lep nasmeh \ud83d\ude42<\/p>\n<p>Oglejte si video na <a href=\"https:\/\/youtube.com\/shorts\/4znf1QOYTNY?feature=shared\">YouTube<\/a>.<\/p>\n<p>&nbsp;<\/p>\n","protected":false},"featured_media":8620,"template":"","meta":{"om_disable_all_campaigns":false,"_monsterinsights_skip_tracking":false,"_monsterinsights_sitenote_active":false,"_monsterinsights_sitenote_note":"","_monsterinsights_sitenote_category":0,"iawp_total_views":47},"product_brand":[],"product_cat":[489],"product_tag":[],"class_list":{"0":"post-8269","1":"product","2":"type-product","3":"status-publish","4":"has-post-thumbnail","6":"product_cat-ogledalo","8":"first","9":"instock","10":"taxable","11":"shipping-taxable","12":"product-type-simple"},"aioseo_notices":[],"_links":{"self":[{"href":"https:\/\/papajuliett.com\/sl\/wp-json\/wp\/v2\/product\/8269","targetHints":{"allow":["GET"]}}],"collection":[{"href":"https:\/\/papajuliett.com\/sl\/wp-json\/wp\/v2\/product"}],"about":[{"href":"https:\/\/papajuliett.com\/sl\/wp-json\/wp\/v2\/types\/product"}],"wp:featuredmedia":[{"embeddable":true,"href":"https:\/\/papajuliett.com\/sl\/wp-json\/wp\/v2\/media\/8620"}],"wp:attachment":[{"href":"https:\/\/papajuliett.com\/sl\/wp-json\/wp\/v2\/media?parent=8269"}],"wp:term":[{"taxonomy":"product_brand","embeddable":true,"href":"https:\/\/papajuliett.com\/sl\/wp-json\/wp\/v2\/product_brand?post=8269"},{"taxonomy":"product_cat","embeddable":true,"href":"https:\/\/papajuliett.com\/sl\/wp-json\/wp\/v2\/product_cat?post=8269"},{"taxonomy":"product_tag","embeddable":true,"href":"https:\/\/papajuliett.com\/sl\/wp-json\/wp\/v2\/product_tag?post=8269"}],"curies":[{"name":"wp","href":"https:\/\/api.w.org\/{rel}","templated":true}]}}