{"id":8248,"date":"2022-07-12T13:18:58","date_gmt":"2022-07-12T12:18:58","guid":{"rendered":"https:\/\/papajuliett.com\/product\/miza-za-kavo-piper-m500-spinner\/"},"modified":"2024-10-28T12:18:13","modified_gmt":"2024-10-28T11:18:13","slug":"klubska-mizica-iz-pokrova-propelerja","status":"publish","type":"product","link":"https:\/\/papajuliett.com\/sl\/izdelek\/klubska-mizica-iz-pokrova-propelerja\/","title":{"rendered":"Klubska mizica iz pokrova propelerja"},"content":{"rendered":"","protected":false},"excerpt":{"rendered":"<p><strong>Izdelava po naro\u010dilu. Za ve\u010d nas kontaktirajte.\u00a0<\/strong><\/p>\n<p>&nbsp;<\/p>\n<p><span>\u2713<\/span>pokrov propelerja letala<br \/>\n<span>\u2713<\/span> poliran in za\u0161\u010diten<span class=\"Apple-converted-space\"><br \/>\n<\/span><span>\u2713<\/span> premium steklo<br \/>\n<span>\u2713<\/span> ve\u010dbarvna LED osvetljava za ve\u010derno popestritev ambienta<\/p>\n<p>Pokrov propelerja je zelo opazen del ve\u010dine propelerskih letal.<span class=\"Apple-converted-space\">\u00a0 <\/span>Njegova glavna funkcija je zmanj\u0161anje zra\u010dnega upora in izbolj\u0161anje aerodinami\u010dne u\u010dinkovitosti propelerja med letom. Obi\u010dajno ima sto\u017e\u010dasto ali zaobljeno obliko, kar omogo\u010da, da zrak gladko te\u010de okoli propelerja, kar pove\u010duje zmogljivost letala.<span class=\"Apple-converted-space\">\u00a0<\/span><\/p>\n<p>Sto\u017eec zagotavlja stabilno in estetsko podlago za steklo.<span class=\"Apple-converted-space\">\u00a0 <\/span>Pokrov propelerja smo spolirali in za\u0161\u010ditili. Nanj smo namestili premium steklo in dodali ve\u010dbarvno LED osvetljavo za ve\u010derno popestritev ambienta.<span class=\"Apple-converted-space\">\u00a0<\/span><\/p>\n<p>Mizica brezhibno zdru\u017euje svet letalstva z umetnostjo elegantnega \u017eivljenja. Je ve\u010d kot le mizica; je izraz va\u0161ega dobrega okusa in smisla za u\u017eivanje v lepih stvareh.<span class=\"Apple-converted-space\">\u00a0<\/span><\/p>\n<p>\u0160irina talnega sto\u017eca: 47 cm<br \/>\nVi\u0161ina sto\u017eca: 60 cm<br \/>\nVi\u0161ina namiznega stekla: 43 cm<br \/>\nPremer stekla: 80 cm<\/p>\n<p>Oglejte si video mizice na <a href=\"https:\/\/www.youtube.com\/watch?v=FaACgKc7cMk\"><span>YouTube<\/span><\/a><\/p>\n<p>&nbsp;<\/p>\n","protected":false},"featured_media":8618,"template":"","meta":{"om_disable_all_campaigns":false,"_monsterinsights_skip_tracking":false,"_monsterinsights_sitenote_active":false,"_monsterinsights_sitenote_note":"","_monsterinsights_sitenote_category":0,"iawp_total_views":65},"product_brand":[],"product_cat":[494],"product_tag":[],"class_list":{"0":"post-8248","1":"product","2":"type-product","3":"status-publish","4":"has-post-thumbnail","6":"product_cat-miza","8":"first","9":"instock","10":"taxable","11":"shipping-taxable","12":"product-type-simple"},"aioseo_notices":[],"_links":{"self":[{"href":"https:\/\/papajuliett.com\/sl\/wp-json\/wp\/v2\/product\/8248","targetHints":{"allow":["GET"]}}],"collection":[{"href":"https:\/\/papajuliett.com\/sl\/wp-json\/wp\/v2\/product"}],"about":[{"href":"https:\/\/papajuliett.com\/sl\/wp-json\/wp\/v2\/types\/product"}],"wp:featuredmedia":[{"embeddable":true,"href":"https:\/\/papajuliett.com\/sl\/wp-json\/wp\/v2\/media\/8618"}],"wp:attachment":[{"href":"https:\/\/papajuliett.com\/sl\/wp-json\/wp\/v2\/media?parent=8248"}],"wp:term":[{"taxonomy":"product_brand","embeddable":true,"href":"https:\/\/papajuliett.com\/sl\/wp-json\/wp\/v2\/product_brand?post=8248"},{"taxonomy":"product_cat","embeddable":true,"href":"https:\/\/papajuliett.com\/sl\/wp-json\/wp\/v2\/product_cat?post=8248"},{"taxonomy":"product_tag","embeddable":true,"href":"https:\/\/papajuliett.com\/sl\/wp-json\/wp\/v2\/product_tag?post=8248"}],"curies":[{"name":"wp","href":"https:\/\/api.w.org\/{rel}","templated":true}]}}