{"id":8144,"date":"2023-10-22T13:16:05","date_gmt":"2023-10-22T12:16:05","guid":{"rendered":"https:\/\/papajuliett.com\/product\/letalsko-ogledalo-pratt-whitney-exhaust-mixer\/"},"modified":"2024-08-25T08:50:57","modified_gmt":"2024-08-25T07:50:57","slug":"letalsko-ogledalo-jet-engine-exhaust-mixer","status":"publish","type":"product","link":"https:\/\/papajuliett.com\/sl\/izdelek\/letalsko-ogledalo-jet-engine-exhaust-mixer\/","title":{"rendered":"Letalsko ogledalo Jet Engine Exhaust Mixer"},"content":{"rendered":"","protected":false},"excerpt":{"rendered":"<p>ZA CENO NAS KONTAKTIRAJTE.<\/p>\n<p><span>\u2713 me\u0161alnik izpu\u0161nih plinov motorja<br \/>\n\u2713 edinstvena oblika<br \/>\n\u2713 visok sijaj<br \/>\n\u2713 v notranjosti okroglo premium ogledalo<br \/>\n\u2713 eleganca<\/span><\/p>\n<p>Me\u0161alnik izpu\u0161nih plinov motorja je izdelan za zmanj\u0161anje hrupa reaktivnih motorjev. Pri prej\u0161njih reaktivnih letalih so prispevali tudi k bolj\u0161i zmogljivosti. Me\u0161alnik, ki smo ga preoblikovali, naredi ogledalo druga\u010deno od obi\u010dajne okrogle oblike in ima zato zelo eleganten in ekstravaganten izgled.<\/p>\n<p>Ljubkovalno smo pa poimenovali \u00a0&#8220;Muffin&#8221; \ud83d\ude42<\/p>\n<p>Zvarili smo ga in nato do spolirali do sijaja. Vanj smo namestili premium ogledalo. <span>Na\u0161 &#8220;mafin&#8221; tako zdru\u017euje funkcijo in obliko v popolnem sozvo\u010dju.<\/span><\/p>\n<p><span>Ne iz\u017eareva le elegance; odra\u017ea tudi prefinjenost letalske tehnologije. <\/span><span>S tem izjemnim kosom lahko u\u017eivate v lepoti in ti\u0161ini naenkrat.<\/span><\/p>\n<p>Oglejte si video na <a href=\"https:\/\/youtube.com\/shorts\/4FG166Evxh8?feature=shared\">YouTube<\/a><\/p>\n","protected":false},"featured_media":8133,"template":"","meta":{"om_disable_all_campaigns":false,"_monsterinsights_skip_tracking":false,"_monsterinsights_sitenote_active":false,"_monsterinsights_sitenote_note":"","_monsterinsights_sitenote_category":0,"iawp_total_views":66},"product_brand":[],"product_cat":[489],"product_tag":[],"class_list":{"0":"post-8144","1":"product","2":"type-product","3":"status-publish","4":"has-post-thumbnail","6":"product_cat-ogledalo","8":"first","9":"instock","10":"taxable","11":"shipping-taxable","12":"product-type-simple"},"aioseo_notices":[],"_links":{"self":[{"href":"https:\/\/papajuliett.com\/sl\/wp-json\/wp\/v2\/product\/8144","targetHints":{"allow":["GET"]}}],"collection":[{"href":"https:\/\/papajuliett.com\/sl\/wp-json\/wp\/v2\/product"}],"about":[{"href":"https:\/\/papajuliett.com\/sl\/wp-json\/wp\/v2\/types\/product"}],"wp:featuredmedia":[{"embeddable":true,"href":"https:\/\/papajuliett.com\/sl\/wp-json\/wp\/v2\/media\/8133"}],"wp:attachment":[{"href":"https:\/\/papajuliett.com\/sl\/wp-json\/wp\/v2\/media?parent=8144"}],"wp:term":[{"taxonomy":"product_brand","embeddable":true,"href":"https:\/\/papajuliett.com\/sl\/wp-json\/wp\/v2\/product_brand?post=8144"},{"taxonomy":"product_cat","embeddable":true,"href":"https:\/\/papajuliett.com\/sl\/wp-json\/wp\/v2\/product_cat?post=8144"},{"taxonomy":"product_tag","embeddable":true,"href":"https:\/\/papajuliett.com\/sl\/wp-json\/wp\/v2\/product_tag?post=8144"}],"curies":[{"name":"wp","href":"https:\/\/api.w.org\/{rel}","templated":true}]}}