{"id":8117,"date":"2024-04-04T18:02:15","date_gmt":"2024-04-04T17:02:15","guid":{"rendered":"https:\/\/papajuliett.com\/product\/jetfighter-fiat-g-91-letalsko-ogledalo-exhaust-cone\/"},"modified":"2024-08-15T14:08:50","modified_gmt":"2024-08-15T13:08:50","slug":"letalsko-ogledalo-jetfighter-fiat-g91-exhaust-cone","status":"publish","type":"product","link":"https:\/\/papajuliett.com\/sl\/izdelek\/letalsko-ogledalo-jetfighter-fiat-g91-exhaust-cone\/","title":{"rendered":"Letalsko ogledalo Jetfighter Fiat G91 Exhaust Cone"},"content":{"rendered":"","protected":false},"excerpt":{"rendered":"<p>ZA CENO NAS KONTAKTIRAJTE.<\/p>\n<p><span>Ko reaktivno lovsko letalo Fiat G.91 postane ogledalo!<\/span><\/p>\n<p><span>\u2713 izpu\u0161ni sto\u017eec ikoni\u010dnega reaktivnega lovskega letala Fiat G.91<br \/>\n\u2713originalni kompresor letala Fiat G.91<br \/>\n\u2713 polirano<br \/>\n\u2713 visoko kakovostno okroglo ogledalo<br \/>\n\u2713 \u010drne kompresorske lopatice<br \/>\n\u2713 vrhunsko \u010drno steklo na vrhu<br \/>\n\u2713 LED lu\u010di (modre, zlate, bele)<br \/>\n\u2713 unikat<\/span><\/p>\n<p>Reaktivno letalo se pomika naprej tako, da sila izpuha potiska letalo naprej in vro\u010di zrak, ki gre iz motorja, izstopa iz letala preko izpu\u0161ne cevi oz sto\u017eca.<span class=\"Apple-converted-space\">\u00a0 <\/span>Sto\u017eec je iz posebnega materiala, ker mora zdr\u017eati visoke temperature.<span class=\"Apple-converted-space\">\u00a0<\/span><\/p>\n<p>Originalni izpu\u0161ni sto\u017eec in avtenti\u010dni kompresor reaktivnega lovskega letala Fiat G.91 nista postala le edinstveno oblikovano ogledalo, temve\u010d sta tudi nalo\u017eba in po\u010dastitev letalske zgodovine. Fiat G.91 je reaktivno lovsko letalo, ki ga je zasnoval in izdelal italijanski proizvajalec letal <a href=\"https:\/\/en.wikipedia.org\/wiki\/Fiat_Aviazione\"><span>Fiat Aviazione<\/span><\/a>.<\/p>\n<p>Dele za to ogledalo smo iskali skoraj pet let in kon\u010dno se nam je nasmehnila sre\u010da. Tvegali smo in z ustvarjalno drznostjo nam je uspelo najti perfekten par.<\/p>\n<p>Izpu\u0161ni sto\u017eec smo spolirali do sijaja, lopatice kompresorja pobarvali v \u010drno barvo in ogledalo okronali s kakovostnim \u010drnim steklom na vrhu ogledala, ki lahko slu\u017ei kot poli\u010dka. V ogledalo smo vgradili LED osvetlitev, ki ogledalo osvetli v treh barvah in tako \u0161e poudari njegovo posebnost.<span class=\"Apple-converted-space\">\u00a0<\/span><\/p>\n<p>Ogledalo je za \u010dloveka, ki sledi sebi, ceni zgodovino, u\u017eiva v pristni mo\u010di in ima odli\u010den okus. To ogledalo je dokaz brez\u010dasne strasti do letalstva.<\/p>\n<p>Premer ogledala: 44 cm<br \/>\nPremer sto\u017eca: 60 cm<br \/>\nVi\u0161ina sto\u017eca: 77 cm<br \/>\n\u0160irina sto\u017eca: 56 cm<\/p>\n<p>Ve\u010d o ogledalu na<a href=\"https:\/\/www.youtube.com\/watch?v=B5PH93WoERw\"> YouTube<\/a><\/p>\n","protected":false},"featured_media":8116,"template":"","meta":{"om_disable_all_campaigns":false,"_monsterinsights_skip_tracking":false,"_monsterinsights_sitenote_active":false,"_monsterinsights_sitenote_note":"","_monsterinsights_sitenote_category":0,"iawp_total_views":91},"product_brand":[],"product_cat":[489],"product_tag":[],"class_list":{"0":"post-8117","1":"product","2":"type-product","3":"status-publish","4":"has-post-thumbnail","6":"product_cat-ogledalo","8":"first","9":"instock","10":"taxable","11":"shipping-taxable","12":"product-type-simple"},"aioseo_notices":[],"_links":{"self":[{"href":"https:\/\/papajuliett.com\/sl\/wp-json\/wp\/v2\/product\/8117","targetHints":{"allow":["GET"]}}],"collection":[{"href":"https:\/\/papajuliett.com\/sl\/wp-json\/wp\/v2\/product"}],"about":[{"href":"https:\/\/papajuliett.com\/sl\/wp-json\/wp\/v2\/types\/product"}],"wp:featuredmedia":[{"embeddable":true,"href":"https:\/\/papajuliett.com\/sl\/wp-json\/wp\/v2\/media\/8116"}],"wp:attachment":[{"href":"https:\/\/papajuliett.com\/sl\/wp-json\/wp\/v2\/media?parent=8117"}],"wp:term":[{"taxonomy":"product_brand","embeddable":true,"href":"https:\/\/papajuliett.com\/sl\/wp-json\/wp\/v2\/product_brand?post=8117"},{"taxonomy":"product_cat","embeddable":true,"href":"https:\/\/papajuliett.com\/sl\/wp-json\/wp\/v2\/product_cat?post=8117"},{"taxonomy":"product_tag","embeddable":true,"href":"https:\/\/papajuliett.com\/sl\/wp-json\/wp\/v2\/product_tag?post=8117"}],"curies":[{"name":"wp","href":"https:\/\/api.w.org\/{rel}","templated":true}]}}