{"id":8064,"date":"2022-06-09T07:50:44","date_gmt":"2022-06-09T06:50:44","guid":{"rendered":"https:\/\/papajuliett.com\/product\/stenski-minibar-letala-boeing-757\/"},"modified":"2023-10-25T16:54:40","modified_gmt":"2023-10-25T15:54:40","slug":"boeing-757-aircraft-window-wall-bar","status":"publish","type":"product","link":"https:\/\/papajuliett.com\/sl\/izdelek\/boeing-757-aircraft-window-wall-bar\/","title":{"rendered":"Stenski minibar letala Boeing 757"},"content":{"rendered":"","protected":false},"excerpt":{"rendered":"<p><span>\u2713 okna letala Boeing 757<br \/>\n\u2713 poliran trup<br \/>\n\u2713 LED lu\u010di<br \/>\n\u2713 \u010drna podloga, ki osvetljena spremeni barvo<br \/>\n\u2713 stenski minibar ali polica<br \/>\n<\/span><\/p>\n<p><span>U\u017eivajte svoje najljub\u0161e pija\u010de v stilu prvega razreda na 10.000 metrih, s stenskim mini barom Boeing 757.<\/span><\/p>\n<p><span>Podnevi elegantna in polirana stenska polica, ki s svojo \u010drno teksturo iz\u017eareva prefinjenost. <\/span><span>Ko se stemni, pa se \u010darovnija za\u010dne&#8230; <\/span><span>Izbirate lahko med barvnim spektrom lu\u010di LED, ki osvetlijo va\u0161o zbirko najljub\u0161ih pija\u010d in s prepletanjem barv pri\u010darajo edinstveno vzdu\u0161je.<\/span><\/p>\n<p><span>U\u017eivajte v razko\u0161ju in ustvarite lepe spomine&#8230; <\/span><span>Osvetlite svoj dobri okus z mini barom Boeing 757. \u2728\ud83e\udd42<\/span><\/p>\n<p>&nbsp;<\/p>\n","protected":false},"featured_media":8074,"template":"","meta":{"om_disable_all_campaigns":false,"_monsterinsights_skip_tracking":false,"_monsterinsights_sitenote_active":false,"_monsterinsights_sitenote_note":"","_monsterinsights_sitenote_category":0,"iawp_total_views":71},"product_brand":[],"product_cat":[562,496,492],"product_tag":[],"class_list":{"0":"post-8064","1":"product","2":"type-product","3":"status-publish","4":"has-post-thumbnail","6":"product_cat-minibar-sl","7":"product_cat-okno","8":"product_cat-polica","10":"first","11":"instock","12":"taxable","13":"shipping-taxable","14":"product-type-simple"},"aioseo_notices":[],"_links":{"self":[{"href":"https:\/\/papajuliett.com\/sl\/wp-json\/wp\/v2\/product\/8064","targetHints":{"allow":["GET"]}}],"collection":[{"href":"https:\/\/papajuliett.com\/sl\/wp-json\/wp\/v2\/product"}],"about":[{"href":"https:\/\/papajuliett.com\/sl\/wp-json\/wp\/v2\/types\/product"}],"wp:featuredmedia":[{"embeddable":true,"href":"https:\/\/papajuliett.com\/sl\/wp-json\/wp\/v2\/media\/8074"}],"wp:attachment":[{"href":"https:\/\/papajuliett.com\/sl\/wp-json\/wp\/v2\/media?parent=8064"}],"wp:term":[{"taxonomy":"product_brand","embeddable":true,"href":"https:\/\/papajuliett.com\/sl\/wp-json\/wp\/v2\/product_brand?post=8064"},{"taxonomy":"product_cat","embeddable":true,"href":"https:\/\/papajuliett.com\/sl\/wp-json\/wp\/v2\/product_cat?post=8064"},{"taxonomy":"product_tag","embeddable":true,"href":"https:\/\/papajuliett.com\/sl\/wp-json\/wp\/v2\/product_tag?post=8064"}],"curies":[{"name":"wp","href":"https:\/\/api.w.org\/{rel}","templated":true}]}}