{"id":8063,"date":"2023-09-20T15:29:56","date_gmt":"2023-09-20T14:29:56","guid":{"rendered":"https:\/\/papajuliett.com\/product\/letalsko-ogledalo-crj-900-exhaust-cone\/"},"modified":"2024-07-13T08:37:08","modified_gmt":"2024-07-13T07:37:08","slug":"letalsko-ogledalo-crj-900-exhaust-cone","status":"publish","type":"product","link":"https:\/\/papajuliett.com\/sl\/izdelek\/letalsko-ogledalo-crj-900-exhaust-cone\/","title":{"rendered":"Letalsko ogledalo CRJ 900 Exhaust Cone"},"content":{"rendered":"","protected":false},"excerpt":{"rendered":"<p>ZA CENO NAS KONTAKTIRAJTE.<\/p>\n<p style=\"text-align: left;\">\u2713 iz motorja CF34 General Electric<br \/>\n\u2713 pripadalo letalu CRJ 900 flote Adria Airways<br \/>\n<span>\u2713 avtenti\u010dnost<br \/>\n\u2713 vidne sledi visokih temperatur izpu\u0161nih plinov<br \/>\n\u2713 zna\u010dilna oblika<br \/>\n\u2713 nalo\u017eba v letalsko zgodovino<br \/>\n\u2713 okrogla oblika<br \/>\n\u2713 \u010drn okvir<br \/>\n\u2713 premium ogledalo<br \/>\n\u2713 poli\u010dka za klju\u010de<\/span><span><\/span><\/p>\n<p><span>Ogledalo ohranja pristen, nespremenjen izpu\u0161ni sto\u017eec letala CRJ 900, ki je neko\u010d pripadalo floti letalske dru\u017ebe Adria Aiwyas, na katerem so vidne sledi visokih temperatur in njegove pretekle mo\u010di.\u00a0<\/span><\/p>\n<div class=\"flex flex-grow flex-col max-w-full\">\n<div data-message-author-role=\"assistant\" data-message-id=\"f0a2f7a2-06f3-49af-8fb2-b9a6fdad7997\" dir=\"auto\" class=\"min-h-[20px] text-message flex flex-col items-start whitespace-pre-wrap break-words [.text-message+&amp;]:mt-5 juice:w-full juice:items-end overflow-x-auto gap-2\">\n<div class=\"flex w-full flex-col gap-1 juice:empty:hidden juice:first:pt-[3px]\">\n<div class=\"markdown prose w-full break-words dark:prose-invert light\">\n<p>\u0160obo motorja CF34 General Electric, ki je poganjala letalo CRJ 900 \ud83d\udd25 smo spolirali in za\u0161\u010ditili s premazom, znotraj pa smo sledi visoke temperature pustili nedotaknjene.<\/p>\n<p>Ogledalo ima posebno obliko, saj gledano s strani konvergira\ud83e\udddc\u200d\u2640\ufe0f\ud83d\udc40, kar je te\u017eko videti na fotografiji\ud83d\udcf8.<\/p>\n<p>\ud83d\udca1Ogledalo lahko slu\u017ei kot poli\u010dka za va\u0161e \u2708\ufe0f \u00a0klju\u010de ter za tista nova son\u010dna o\u010dala, ki jih tako radi nosite \ud83d\ude0e<\/p>\n<p>Ogledala so obi\u010dajno zgolj ogledala\ud83e\ude9e, na\u0161a ogledala pa so za tiste, ki si \u00a0\u017eelite od \u017eivljenja ve\u010d! \ud83d\udcaa\ud83c\udf0e\ud83c\udf79<\/p>\n<p>Ogledalo je odli\u010dne \u00a0velikosti za vsak prostor, ne preveliko, ne premajhno:<br \/>\n\ud83d\udc49\ud83c\udffc Premer: 65 cm<br \/>\n\ud83d\udc49\ud83c\udffc Globina: 25 cm<\/p>\n<p>Video ogledala si oglejte \u00a0na<a href=\"https:\/\/youtu.be\/VeeLQEk_CNA\"> YouTube<\/a>!<\/p>\n<\/div>\n<\/div>\n<\/div>\n<\/div>\n<p>&nbsp;<\/p>\n","protected":false},"featured_media":8045,"template":"","meta":{"om_disable_all_campaigns":false,"_monsterinsights_skip_tracking":false,"_monsterinsights_sitenote_active":false,"_monsterinsights_sitenote_note":"","_monsterinsights_sitenote_category":0,"iawp_total_views":49},"product_brand":[],"product_cat":[489],"product_tag":[],"class_list":{"0":"post-8063","1":"product","2":"type-product","3":"status-publish","4":"has-post-thumbnail","6":"product_cat-ogledalo","8":"first","9":"instock","10":"taxable","11":"shipping-taxable","12":"product-type-simple"},"aioseo_notices":[],"_links":{"self":[{"href":"https:\/\/papajuliett.com\/sl\/wp-json\/wp\/v2\/product\/8063","targetHints":{"allow":["GET"]}}],"collection":[{"href":"https:\/\/papajuliett.com\/sl\/wp-json\/wp\/v2\/product"}],"about":[{"href":"https:\/\/papajuliett.com\/sl\/wp-json\/wp\/v2\/types\/product"}],"wp:featuredmedia":[{"embeddable":true,"href":"https:\/\/papajuliett.com\/sl\/wp-json\/wp\/v2\/media\/8045"}],"wp:attachment":[{"href":"https:\/\/papajuliett.com\/sl\/wp-json\/wp\/v2\/media?parent=8063"}],"wp:term":[{"taxonomy":"product_brand","embeddable":true,"href":"https:\/\/papajuliett.com\/sl\/wp-json\/wp\/v2\/product_brand?post=8063"},{"taxonomy":"product_cat","embeddable":true,"href":"https:\/\/papajuliett.com\/sl\/wp-json\/wp\/v2\/product_cat?post=8063"},{"taxonomy":"product_tag","embeddable":true,"href":"https:\/\/papajuliett.com\/sl\/wp-json\/wp\/v2\/product_tag?post=8063"}],"curies":[{"name":"wp","href":"https:\/\/api.w.org\/{rel}","templated":true}]}}