{"id":8042,"date":"2023-09-14T20:37:24","date_gmt":"2023-09-14T19:37:24","guid":{"rendered":"https:\/\/papajuliett.com\/product\/british-airways-atlas-box-minibar\/"},"modified":"2025-01-30T13:03:53","modified_gmt":"2025-01-30T12:03:53","slug":"british-airways-atlas-box-minibar","status":"publish","type":"product","link":"https:\/\/papajuliett.com\/sl\/izdelek\/british-airways-atlas-box-minibar\/","title":{"rendered":"British Airways Atlas Box Minibar"},"content":{"rendered":"","protected":false},"excerpt":{"rendered":"<p>ZA CENO NAS KONTAKTIRAJTE.<\/p>\n<p><span>\u2713<\/span> dedi\u0161\u010dina letalske dru\u017ebe British Airways<br \/>\n<span>\u2713<\/span> bela vratca v kombinaciji z aluminijem<br \/>\n<span>\u2713<\/span> police iz visokokakovostnega modrega stekla<br \/>\n<span>\u2713<\/span> mo\u017enost originalnega notranjega predala<br \/>\n<span>\u2713<\/span> lahko se uporablja kot mini bar, no\u010dna omarica,&#8230;<\/p>\n<p>Atlas boxi, ki se uporabljajo na letalih, so izjemno funkcionalni in vsestranski. Ti mali aluminijasti zabojniki, ki jih letalske dru\u017ebe uporabljajo za shranjevanje hrane in pija\u010de med letom, so zasnovani tako, da so kompaktni, trpe\u017eni in enostavni za uporabo v ozkih letalskih kabinah.<span class=\"Apple-converted-space\">\u00a0<\/span><\/p>\n<p>Po koncu \u017eivljenjske dobe smo atlas box letalske dru\u017ebe British Airways preoblikovali v unikatno no\u010dno omarico. Vratca smo prebarvali v belo in poudarili napis letalske dru\u017ebe, tako da se omarica odli\u010dno poda ve\u010dini interjerjev in prostoru vnese dodaten zna\u010daj. Na in v omarico smo namestili kvalitetno modro steklo. Notranje police so ohranile svojo funkcionalnost, kar pomeni, da je tak\u0161na no\u010dna omarica poleg estetskega videza tudi zelo prakti\u010dna za shranjevanje knjig, o\u010dal in drugih predmetov, ki jih potrebujete ob postelji, ali pa no\u010dnega prigrizka&#8230;<\/p>\n<p>Uporaba recikliranih atlas boxov ne doda le unikatnega zna\u010daja va\u0161emu domu, ampak je tudi trajnostna izbira, saj zmanj\u0161uje odpadke in ohranja dedi\u0161\u010dino letalstva.<\/p>\n","protected":false},"featured_media":8011,"template":"","meta":{"om_disable_all_campaigns":false,"_monsterinsights_skip_tracking":false,"_monsterinsights_sitenote_active":false,"_monsterinsights_sitenote_note":"","_monsterinsights_sitenote_category":0,"iawp_total_views":84},"product_brand":[],"product_cat":[492,493],"product_tag":[],"class_list":{"0":"post-8042","1":"product","2":"type-product","3":"status-publish","4":"has-post-thumbnail","6":"product_cat-polica","7":"product_cat-shranjevanje","9":"first","10":"instock","11":"taxable","12":"shipping-taxable","13":"product-type-simple"},"aioseo_notices":[],"_links":{"self":[{"href":"https:\/\/papajuliett.com\/sl\/wp-json\/wp\/v2\/product\/8042","targetHints":{"allow":["GET"]}}],"collection":[{"href":"https:\/\/papajuliett.com\/sl\/wp-json\/wp\/v2\/product"}],"about":[{"href":"https:\/\/papajuliett.com\/sl\/wp-json\/wp\/v2\/types\/product"}],"wp:featuredmedia":[{"embeddable":true,"href":"https:\/\/papajuliett.com\/sl\/wp-json\/wp\/v2\/media\/8011"}],"wp:attachment":[{"href":"https:\/\/papajuliett.com\/sl\/wp-json\/wp\/v2\/media?parent=8042"}],"wp:term":[{"taxonomy":"product_brand","embeddable":true,"href":"https:\/\/papajuliett.com\/sl\/wp-json\/wp\/v2\/product_brand?post=8042"},{"taxonomy":"product_cat","embeddable":true,"href":"https:\/\/papajuliett.com\/sl\/wp-json\/wp\/v2\/product_cat?post=8042"},{"taxonomy":"product_tag","embeddable":true,"href":"https:\/\/papajuliett.com\/sl\/wp-json\/wp\/v2\/product_tag?post=8042"}],"curies":[{"name":"wp","href":"https:\/\/api.w.org\/{rel}","templated":true}]}}