{"id":7347,"date":"2024-04-22T18:37:50","date_gmt":"2024-04-22T17:37:50","guid":{"rendered":"https:\/\/papajuliett.com\/product\/ogledalo-breguet-atlantic-engine-cowling\/"},"modified":"2024-09-18T22:21:10","modified_gmt":"2024-09-18T21:21:10","slug":"ogledalo-breguet-atlantic-cowling","status":"publish","type":"product","link":"https:\/\/papajuliett.com\/sl\/izdelek\/ogledalo-breguet-atlantic-cowling\/","title":{"rendered":"Ogledalo Breguet Atlantic Cowling"},"content":{"rendered":"","protected":false},"excerpt":{"rendered":"<p>ZA CENO NAS KONTAKTIRAJTE.<\/p>\n<p><span>\u2713 pokrov motorja letala Breguet Atlantic<br \/>\n\u2713 srebrna barva okvirja (pokrova)<br \/>\n\u2713 premium ogledalo<br \/>\n\u2713 ve\u010dje ogledalo<br \/>\n\u2713 industrijski dizajn<br \/>\n\u2713 avio stil<\/span><\/p>\n<p>Cowling oz. pokrov motorja \u00a0je del letala, ki ima dve funkciji. Prva je, da fizi\u010dno za\u0161\u010diti motor, da je pokrit, druga pa da usmerja zrak, ki pride v motor naprej v kompresorske lopatice.<\/p>\n<p>Ta cowling je del mornarskega izvidni\u0161kega letala Breguet Atlantic in dobili smo ga iz Francije. Najprej smo ga pokitali, potem pobarvali v srebrno barvo in vanj vstavili \u0161e veliko premium ogledalo. \u00a0O<span>gledalo se odli\u010dno poda na stensko povr\u0161ino kot centralni kos, saj je premer pokrova motorja kar 104 cm. Posebnost ogledala je, da je spodnji kroga bolj raven, kar da njegovi obliki piko na i.\u00a0<\/span><\/p>\n<p>Premer okrova: 104 cm<br \/>\nPremer ogledala: 88 cm<\/p>\n<p>Oglejte si video ogledala na <a href=\"https:\/\/www.youtube.com\/watch?v=DMb43PKs8y4\">YouTube<\/a><\/p>\n","protected":false},"featured_media":8532,"template":"","meta":{"om_disable_all_campaigns":false,"_monsterinsights_skip_tracking":false,"_monsterinsights_sitenote_active":false,"_monsterinsights_sitenote_note":"","_monsterinsights_sitenote_category":0,"iawp_total_views":77},"product_brand":[],"product_cat":[489],"product_tag":[],"class_list":{"0":"post-7347","1":"product","2":"type-product","3":"status-publish","4":"has-post-thumbnail","6":"product_cat-ogledalo","8":"first","9":"instock","10":"taxable","11":"shipping-taxable","12":"product-type-simple"},"aioseo_notices":[],"_links":{"self":[{"href":"https:\/\/papajuliett.com\/sl\/wp-json\/wp\/v2\/product\/7347","targetHints":{"allow":["GET"]}}],"collection":[{"href":"https:\/\/papajuliett.com\/sl\/wp-json\/wp\/v2\/product"}],"about":[{"href":"https:\/\/papajuliett.com\/sl\/wp-json\/wp\/v2\/types\/product"}],"wp:featuredmedia":[{"embeddable":true,"href":"https:\/\/papajuliett.com\/sl\/wp-json\/wp\/v2\/media\/8532"}],"wp:attachment":[{"href":"https:\/\/papajuliett.com\/sl\/wp-json\/wp\/v2\/media?parent=7347"}],"wp:term":[{"taxonomy":"product_brand","embeddable":true,"href":"https:\/\/papajuliett.com\/sl\/wp-json\/wp\/v2\/product_brand?post=7347"},{"taxonomy":"product_cat","embeddable":true,"href":"https:\/\/papajuliett.com\/sl\/wp-json\/wp\/v2\/product_cat?post=7347"},{"taxonomy":"product_tag","embeddable":true,"href":"https:\/\/papajuliett.com\/sl\/wp-json\/wp\/v2\/product_tag?post=7347"}],"curies":[{"name":"wp","href":"https:\/\/api.w.org\/{rel}","templated":true}]}}