{"id":7245,"date":"2022-06-08T22:11:51","date_gmt":"2022-06-08T21:11:51","guid":{"rendered":"https:\/\/papajuliett.com\/?post_type=product&#038;p=7245"},"modified":"2023-05-25T17:01:06","modified_gmt":"2023-05-25T16:01:06","slug":"dekor-propeler-cessna-172","status":"publish","type":"product","link":"https:\/\/papajuliett.com\/sl\/izdelek\/dekor-propeler-cessna-172\/","title":{"rendered":"Dekor Propeler Cessna 172"},"content":{"rendered":"","protected":false},"excerpt":{"rendered":"<p><strong>Mo\u017ena izdelava po naro\u010dilu. Za ve\u010d nas kontaktirajte.\u00a0<\/strong><\/p>\n","protected":false},"featured_media":7240,"template":"","meta":{"om_disable_all_campaigns":false,"_monsterinsights_skip_tracking":false,"_monsterinsights_sitenote_active":false,"_monsterinsights_sitenote_note":"","_monsterinsights_sitenote_category":0,"iawp_total_views":7},"product_brand":[],"product_cat":[],"product_tag":[],"class_list":{"0":"post-7245","1":"product","2":"type-product","3":"status-publish","4":"has-post-thumbnail","7":"first","8":"instock","9":"taxable","10":"shipping-taxable","11":"product-type-simple"},"aioseo_notices":[],"_links":{"self":[{"href":"https:\/\/papajuliett.com\/sl\/wp-json\/wp\/v2\/product\/7245","targetHints":{"allow":["GET"]}}],"collection":[{"href":"https:\/\/papajuliett.com\/sl\/wp-json\/wp\/v2\/product"}],"about":[{"href":"https:\/\/papajuliett.com\/sl\/wp-json\/wp\/v2\/types\/product"}],"wp:featuredmedia":[{"embeddable":true,"href":"https:\/\/papajuliett.com\/sl\/wp-json\/wp\/v2\/media\/7240"}],"wp:attachment":[{"href":"https:\/\/papajuliett.com\/sl\/wp-json\/wp\/v2\/media?parent=7245"}],"wp:term":[{"taxonomy":"product_brand","embeddable":true,"href":"https:\/\/papajuliett.com\/sl\/wp-json\/wp\/v2\/product_brand?post=7245"},{"taxonomy":"product_cat","embeddable":true,"href":"https:\/\/papajuliett.com\/sl\/wp-json\/wp\/v2\/product_cat?post=7245"},{"taxonomy":"product_tag","embeddable":true,"href":"https:\/\/papajuliett.com\/sl\/wp-json\/wp\/v2\/product_tag?post=7245"}],"curies":[{"name":"wp","href":"https:\/\/api.w.org\/{rel}","templated":true}]}}