{"id":7115,"date":"2023-05-12T17:24:34","date_gmt":"2023-05-12T16:24:34","guid":{"rendered":"https:\/\/papajuliett.com\/product\/stenska-ura-crj-200-adria-airways\/"},"modified":"2024-08-15T15:33:50","modified_gmt":"2024-08-15T14:33:50","slug":"stenska-ura-vrata-za-izhod-v-sili-crj-200-adria-airways","status":"publish","type":"product","link":"https:\/\/papajuliett.com\/sl\/izdelek\/stenska-ura-vrata-za-izhod-v-sili-crj-200-adria-airways\/","title":{"rendered":"Stenska Ura Vrata Za Izhod V Sili CRJ 200 Adria Airways"},"content":{"rendered":"","protected":false},"excerpt":{"rendered":"<p>ZA CENO NAS KONTAKTIRAJTE.<\/p>\n<p><span>\u2713vrata za izhod v sili letala CRJ 200<br \/>\n\u2713 rde\u010d okvir<br \/>\n\u2713polirana vrata<br \/>\n\u2713 dolgotrajna za\u0161\u010dita<br \/>\n\u2713 ura s simbolom letala<br \/>\n\u2713 dobro vidna \u0161tevil\u010dnica ure<\/span><\/p>\n<p>Vsako potni\u0161ko letalo mora imeti po zakonodaji dva ali ve\u010d izhodov v sili. To so manj\u0161a vrata, ki so v primeru po\u0161kodbe letala pri vzletu ali pristanku namenjena temu, da jih lahko potnik z enostavnimi navodili odpre. Poleg glavnih vrat se v primeru nevarnosti potniki evakuirajo skozi ta vrata. Ve\u010dje kot je letalo, ve\u010d vrat za izhod v sili ima, in ve\u010dja so.<span class=\"Apple-converted-space\">\u00a0<\/span><\/p>\n<p>Ko boste sedeli v potni\u0161kem letalu, boste v sede\u017eu pred seboj na\u0161li karton\u010dek, na katerem so navodila, kako kot potnik v primeru nevarnosti odprete ta vrata.<span class=\"Apple-converted-space\">\u00a0<\/span><\/p>\n<p>Vrata za izhod v sili letala CRJ 200 (registracija S5-AAD) Adrie Airways smo zelo predelali. Najprej smo odstranili staro barvo, jih spolirali, okvir in zadnji del vrat pa pobarvali v \u010dudovito rde\u010do.<span class=\"Apple-converted-space\">\u00a0 <\/span>Na koncu smo v sredino vrat namestili veliko \u0161tevil\u010dnico in tako vrata za izhod v sili spremenili v stensko uro, ki jemlje dih!<\/p>\n<p>Ura bo pritegnila bo vsak pogled. V uri biva \u0161epet turbulenc , \u010dudovitih razgledov in posebnih potovanj, ura pa tudi od\u0161teva \u010das do va\u0161e naslednje dogodiv\u0161\u010dine!<\/p>\n","protected":false},"featured_media":7964,"template":"","meta":{"om_disable_all_campaigns":false,"_monsterinsights_skip_tracking":false,"_monsterinsights_sitenote_active":false,"_monsterinsights_sitenote_note":"","_monsterinsights_sitenote_category":0,"iawp_total_views":93},"product_brand":[],"product_cat":[485,488],"product_tag":[],"class_list":{"0":"post-7115","1":"product","2":"type-product","3":"status-publish","4":"has-post-thumbnail","6":"product_cat-ura","7":"product_cat-vrata","9":"first","10":"instock","11":"taxable","12":"shipping-taxable","13":"product-type-simple"},"aioseo_notices":[],"_links":{"self":[{"href":"https:\/\/papajuliett.com\/sl\/wp-json\/wp\/v2\/product\/7115","targetHints":{"allow":["GET"]}}],"collection":[{"href":"https:\/\/papajuliett.com\/sl\/wp-json\/wp\/v2\/product"}],"about":[{"href":"https:\/\/papajuliett.com\/sl\/wp-json\/wp\/v2\/types\/product"}],"wp:featuredmedia":[{"embeddable":true,"href":"https:\/\/papajuliett.com\/sl\/wp-json\/wp\/v2\/media\/7964"}],"wp:attachment":[{"href":"https:\/\/papajuliett.com\/sl\/wp-json\/wp\/v2\/media?parent=7115"}],"wp:term":[{"taxonomy":"product_brand","embeddable":true,"href":"https:\/\/papajuliett.com\/sl\/wp-json\/wp\/v2\/product_brand?post=7115"},{"taxonomy":"product_cat","embeddable":true,"href":"https:\/\/papajuliett.com\/sl\/wp-json\/wp\/v2\/product_cat?post=7115"},{"taxonomy":"product_tag","embeddable":true,"href":"https:\/\/papajuliett.com\/sl\/wp-json\/wp\/v2\/product_tag?post=7115"}],"curies":[{"name":"wp","href":"https:\/\/api.w.org\/{rel}","templated":true}]}}