{"id":6575,"date":"2024-10-28T11:45:40","date_gmt":"2024-10-28T10:45:40","guid":{"rendered":"https:\/\/papajuliett.com\/product\/ogledalo-cessna-citation-engine-cowling\/"},"modified":"2024-09-15T12:54:40","modified_gmt":"2024-09-15T11:54:40","slug":"malo-ogledalo-engine-cowling","status":"publish","type":"product","link":"https:\/\/papajuliett.com\/sl\/izdelek\/malo-ogledalo-engine-cowling\/","title":{"rendered":"Malo Ogledalo Engine Cowling"},"content":{"rendered":"","protected":false},"excerpt":{"rendered":"<p>ZA CENO NAS KONTAKTIRAJTE.<\/p>\n<p><span>\u2713 okrov motorja letala Cessna Citation<br \/>\n\u2713 polirano<br \/>\n\u2713 kromirano<br \/>\n\u2713 visoko kakovostno ogledalo<br \/>\n\u2713 aero dizajn<br \/>\n\u2713okroglo ogledalo<br \/>\n\u2713 prava velikost za vsak prostor<br \/>\n<\/span><\/p>\n<p>&nbsp;<\/p>\n<p>Zdru\u017eite eleganten letalski slog s funkcionalnostjo. Kromiran okrov motorja je dobra kombinacija klasi\u010dnega izgleda in avio stila. Je ravno prave velikosti, da vsakemu prostoru doda eleganco in pridih avtenti\u010dnosti.<\/p>\n<p>Premer: ogledalo 42 cm, okrov 72cm<\/p>\n<p>&nbsp;<\/p>\n<p>&nbsp;<\/p>\n<p>&nbsp;<\/p>\n","protected":false},"featured_media":9103,"template":"","meta":{"om_disable_all_campaigns":false,"_monsterinsights_skip_tracking":false,"_monsterinsights_sitenote_active":false,"_monsterinsights_sitenote_note":"","_monsterinsights_sitenote_category":0,"iawp_total_views":72},"product_brand":[],"product_cat":[489],"product_tag":[],"class_list":{"0":"post-6575","1":"product","2":"type-product","3":"status-publish","4":"has-post-thumbnail","6":"product_cat-ogledalo","8":"first","9":"instock","10":"taxable","11":"shipping-taxable","12":"product-type-simple"},"aioseo_notices":[],"_links":{"self":[{"href":"https:\/\/papajuliett.com\/sl\/wp-json\/wp\/v2\/product\/6575","targetHints":{"allow":["GET"]}}],"collection":[{"href":"https:\/\/papajuliett.com\/sl\/wp-json\/wp\/v2\/product"}],"about":[{"href":"https:\/\/papajuliett.com\/sl\/wp-json\/wp\/v2\/types\/product"}],"wp:featuredmedia":[{"embeddable":true,"href":"https:\/\/papajuliett.com\/sl\/wp-json\/wp\/v2\/media\/9103"}],"wp:attachment":[{"href":"https:\/\/papajuliett.com\/sl\/wp-json\/wp\/v2\/media?parent=6575"}],"wp:term":[{"taxonomy":"product_brand","embeddable":true,"href":"https:\/\/papajuliett.com\/sl\/wp-json\/wp\/v2\/product_brand?post=6575"},{"taxonomy":"product_cat","embeddable":true,"href":"https:\/\/papajuliett.com\/sl\/wp-json\/wp\/v2\/product_cat?post=6575"},{"taxonomy":"product_tag","embeddable":true,"href":"https:\/\/papajuliett.com\/sl\/wp-json\/wp\/v2\/product_tag?post=6575"}],"curies":[{"name":"wp","href":"https:\/\/api.w.org\/{rel}","templated":true}]}}