{"id":6543,"date":"2024-04-23T03:24:45","date_gmt":"2024-04-23T02:24:45","guid":{"rendered":"https:\/\/papajuliett.com\/product\/klubska-mizica-red-jet-flap-l29-dolphin\/"},"modified":"2024-08-25T06:52:40","modified_gmt":"2024-08-25T05:52:40","slug":"klubska-mizica-red-jet-flap-l29-dolphin","status":"publish","type":"product","link":"https:\/\/papajuliett.com\/sl\/izdelek\/klubska-mizica-red-jet-flap-l29-dolphin\/","title":{"rendered":"Klubska mizica Red Jet Flap L29 Dolphin"},"content":{"rendered":"","protected":false},"excerpt":{"rendered":"<p>ZA CENO NAS KONTAKTIRAJTE.<\/p>\n<p><span>\u2713 zakrilce letala L 29 Dolphin<br \/>\n\u2713 rde\u010da barva stojala<br \/>\n\u2713 avio dizajn stojala<br \/>\n\u2713 polirana<br \/>\n\u2713 kakovostno steklo<br \/>\n\u2713 za\u0161\u010diteno za dolgo \u017eivljensko dobo<\/span><\/p>\n<p><span class=\"Y2IQFc\" lang=\"sl\">Zakrilce je aerodinami\u010dni del krila, ki ima dva namena. Prvi je pove\u010dati vzgon, tako da lahko letalo vzleti in pristane pri ni\u017eji hitrosti, drugi pa, da \u00a0zakrilce \u00a0ustvarja upor, ki deluje kot zavora.<\/span><\/p>\n<p>Mizica je izdelana iz poliranega in pobarvanega zakrilca letala L29 Dolphin. Zanjo smo izdelali po meri narejeno stojalo v obliki pu\u0161\u010dice. Na stojalo smo pritrdili zakrilce, ter ga oblekli z visoko kakovostnim steklom.<\/p>\n<p>Klubska mizica Red Jet Flap L29 je popolna tako za ljubitelje letalstva kot za tiste, ki cenijo edinstven dizajn.<\/p>\n<p>Oglejte si video mizice na <a href=\"https:\/\/youtube.com\/shorts\/A1VQPX0bMao?feature=shared\">YouTube<\/a><\/p>\n","protected":false},"featured_media":7962,"template":"","meta":{"om_disable_all_campaigns":false,"_monsterinsights_skip_tracking":false,"_monsterinsights_sitenote_active":false,"_monsterinsights_sitenote_note":"","_monsterinsights_sitenote_category":0,"iawp_total_views":105},"product_brand":[],"product_cat":[494],"product_tag":[],"class_list":{"0":"post-6543","1":"product","2":"type-product","3":"status-publish","4":"has-post-thumbnail","6":"product_cat-miza","8":"first","9":"instock","10":"taxable","11":"shipping-taxable","12":"product-type-simple"},"aioseo_notices":[],"_links":{"self":[{"href":"https:\/\/papajuliett.com\/sl\/wp-json\/wp\/v2\/product\/6543","targetHints":{"allow":["GET"]}}],"collection":[{"href":"https:\/\/papajuliett.com\/sl\/wp-json\/wp\/v2\/product"}],"about":[{"href":"https:\/\/papajuliett.com\/sl\/wp-json\/wp\/v2\/types\/product"}],"wp:featuredmedia":[{"embeddable":true,"href":"https:\/\/papajuliett.com\/sl\/wp-json\/wp\/v2\/media\/7962"}],"wp:attachment":[{"href":"https:\/\/papajuliett.com\/sl\/wp-json\/wp\/v2\/media?parent=6543"}],"wp:term":[{"taxonomy":"product_brand","embeddable":true,"href":"https:\/\/papajuliett.com\/sl\/wp-json\/wp\/v2\/product_brand?post=6543"},{"taxonomy":"product_cat","embeddable":true,"href":"https:\/\/papajuliett.com\/sl\/wp-json\/wp\/v2\/product_cat?post=6543"},{"taxonomy":"product_tag","embeddable":true,"href":"https:\/\/papajuliett.com\/sl\/wp-json\/wp\/v2\/product_tag?post=6543"}],"curies":[{"name":"wp","href":"https:\/\/api.w.org\/{rel}","templated":true}]}}