{"id":6209,"date":"2022-06-09T09:05:39","date_gmt":"2022-06-09T08:05:39","guid":{"rendered":"https:\/\/papajuliett.com\/product\/aztec-spinner-mizica-za-kavo-black-edition\/"},"modified":"2024-08-21T13:29:51","modified_gmt":"2024-08-21T12:29:51","slug":"klubska-mizica-crni-spinner","status":"publish","type":"product","link":"https:\/\/papajuliett.com\/sl\/izdelek\/klubska-mizica-crni-spinner\/","title":{"rendered":"Klubska mizica \u010crni Spinner"},"content":{"rendered":"","protected":false},"excerpt":{"rendered":"<p><span><strong>Izdelava po naro\u010dilu. Za ve\u010d nas kontaktirajte.<\/strong><\/span><\/p>\n<p><span>\u2713 spinner ( okrov propelerja) letala<br \/>\n\u2713 \u010drno premium steklo<br \/>\n\u2713 polirana<br \/>\n\u2713 kromirana<br \/>\n\u2713 LED osvetlitev za romanti\u010dne ve\u010dere<br \/>\n\u2713 unikaten aero dizajn<\/span><\/p>\n<p>&nbsp;<\/p>\n<p><span>To klubsko mizico odlikujeta poliran in kromiran okrov propelerja (spinner) letala \u00a0ter vrhunsko \u010drno steklo. Skupaj iz\u017earevajo minimalisti\u010dno in elegantno estetiko.<\/span><\/p>\n<p>V notranjosti mizice se nahaja LED osvetlitev v razli\u010dnih barvah, s katero lahko ustvarite o\u010darljivo vzdu\u0161je za romanti\u010dne ve\u010dere in prilo\u017enostna dru\u017eenja.<\/p>\n<p>Vi\u0161ina stekla: 35 cm<br \/>\nPremer stekla: 70 cm<br \/>\nPremer sto\u017eca: 35 cm<br \/>\nVi\u0161ina sto\u017eca: 40 cm<\/p>\n<p>Oglejte si video mizice na <a href=\"https:\/\/www.youtube.com\/watch?v=FaACgKc7cMk\">YouTube<\/a><\/p>\n","protected":false},"featured_media":6553,"template":"","meta":{"om_disable_all_campaigns":false,"_monsterinsights_skip_tracking":false,"_monsterinsights_sitenote_active":false,"_monsterinsights_sitenote_note":"","_monsterinsights_sitenote_category":0,"iawp_total_views":84},"product_brand":[],"product_cat":[494],"product_tag":[],"class_list":{"0":"post-6209","1":"product","2":"type-product","3":"status-publish","4":"has-post-thumbnail","6":"product_cat-miza","8":"first","9":"instock","10":"taxable","11":"shipping-taxable","12":"product-type-simple"},"aioseo_notices":[],"_links":{"self":[{"href":"https:\/\/papajuliett.com\/sl\/wp-json\/wp\/v2\/product\/6209","targetHints":{"allow":["GET"]}}],"collection":[{"href":"https:\/\/papajuliett.com\/sl\/wp-json\/wp\/v2\/product"}],"about":[{"href":"https:\/\/papajuliett.com\/sl\/wp-json\/wp\/v2\/types\/product"}],"wp:featuredmedia":[{"embeddable":true,"href":"https:\/\/papajuliett.com\/sl\/wp-json\/wp\/v2\/media\/6553"}],"wp:attachment":[{"href":"https:\/\/papajuliett.com\/sl\/wp-json\/wp\/v2\/media?parent=6209"}],"wp:term":[{"taxonomy":"product_brand","embeddable":true,"href":"https:\/\/papajuliett.com\/sl\/wp-json\/wp\/v2\/product_brand?post=6209"},{"taxonomy":"product_cat","embeddable":true,"href":"https:\/\/papajuliett.com\/sl\/wp-json\/wp\/v2\/product_cat?post=6209"},{"taxonomy":"product_tag","embeddable":true,"href":"https:\/\/papajuliett.com\/sl\/wp-json\/wp\/v2\/product_tag?post=6209"}],"curies":[{"name":"wp","href":"https:\/\/api.w.org\/{rel}","templated":true}]}}