{"id":6026,"date":"2023-06-08T09:14:46","date_gmt":"2023-06-08T08:14:46","guid":{"rendered":"https:\/\/papajuliett.com\/product\/novo-ogledalo-stator-reaktivnega-motorja-iz-royce-tay-620\/"},"modified":"2025-01-30T12:42:36","modified_gmt":"2025-01-30T11:42:36","slug":"ogledalo-jet-engine-stator","status":"publish","type":"product","link":"https:\/\/papajuliett.com\/sl\/izdelek\/ogledalo-jet-engine-stator\/","title":{"rendered":"Ogledalo Jet Engine Stator"},"content":{"rendered":"","protected":false},"excerpt":{"rendered":"<p>ZA CENO NAS KONTAKTIRAJTE.<\/p>\n<p><span>\u2713 stator reaktivnega motorja Royce Tay 62<br \/>\n\u2713 \u010drna pobarvana rezila<br \/>\n\u2713 premium ogledalo<br \/>\n\u2713 LED osvetljava<br \/>\n\u2713 industrijski dizajn<\/span><\/p>\n<p>Vsak reaktivni motor ima kompresorske in statorske diske. Kompresorski disk je rotacijski del motorja in stisne zrak, tako da ima ve\u010d zgorevanja v zgorevalni komori. \u00a0Za vsakim kompresorjem je statorski disk, ki se ne premika in je namenjen temu, da se zra\u010dni tok vrne vzporedno z osjo.<\/p>\n<p>Stator reaktivnega motorja \u00a0Royce Tay 62 smo spremenili v \u010dudovito ogledalo. Stator je izdelan iz visokokakovostnih kovin in zgrajen tako, da prenese ekstremne temperature in pritiske v motorju. Rezila statorja smo pobarvali v \u010drno barvo in vanj vstavili premium steklo. \u00a0Vgradili smo tudi LED lu\u010di razli\u010dnih barv. \u010ce gostite zabavo ali u\u017eivate v romanti\u010dnem ve\u010deru, vam bo ogledalo ustvarilo prijetno atmosfero.<\/p>\n<p>Premer ogledala: 50 cm<br \/>\nPremer okvira: 77 cm<\/p>\n<p>Oglejte si video na <a href=\"https:\/\/www.youtube.com\/shorts\/x1Jnivksb30\">YouTube<\/a><\/p>\n<pre class=\"tw-data-text tw-text-large JgzqYd RES9jf tw-ta\" data-placeholder=\"Translation\" id=\"tw-target-text\" dir=\"ltr\"><span class=\"Y2IQFc\" lang=\"sl\"><\/span><\/pre>\n","protected":false},"featured_media":6930,"template":"","meta":{"om_disable_all_campaigns":false,"_monsterinsights_skip_tracking":false,"_monsterinsights_sitenote_active":false,"_monsterinsights_sitenote_note":"","_monsterinsights_sitenote_category":0,"iawp_total_views":167},"product_brand":[],"product_cat":[489],"product_tag":[],"class_list":{"0":"post-6026","1":"product","2":"type-product","3":"status-publish","4":"has-post-thumbnail","6":"product_cat-ogledalo","8":"first","9":"instock","10":"taxable","11":"shipping-taxable","12":"product-type-simple"},"aioseo_notices":[],"_links":{"self":[{"href":"https:\/\/papajuliett.com\/sl\/wp-json\/wp\/v2\/product\/6026","targetHints":{"allow":["GET"]}}],"collection":[{"href":"https:\/\/papajuliett.com\/sl\/wp-json\/wp\/v2\/product"}],"about":[{"href":"https:\/\/papajuliett.com\/sl\/wp-json\/wp\/v2\/types\/product"}],"wp:featuredmedia":[{"embeddable":true,"href":"https:\/\/papajuliett.com\/sl\/wp-json\/wp\/v2\/media\/6930"}],"wp:attachment":[{"href":"https:\/\/papajuliett.com\/sl\/wp-json\/wp\/v2\/media?parent=6026"}],"wp:term":[{"taxonomy":"product_brand","embeddable":true,"href":"https:\/\/papajuliett.com\/sl\/wp-json\/wp\/v2\/product_brand?post=6026"},{"taxonomy":"product_cat","embeddable":true,"href":"https:\/\/papajuliett.com\/sl\/wp-json\/wp\/v2\/product_cat?post=6026"},{"taxonomy":"product_tag","embeddable":true,"href":"https:\/\/papajuliett.com\/sl\/wp-json\/wp\/v2\/product_tag?post=6026"}],"curies":[{"name":"wp","href":"https:\/\/api.w.org\/{rel}","templated":true}]}}