{"id":5855,"date":"2022-06-07T05:28:25","date_gmt":"2022-06-07T04:28:25","guid":{"rendered":"https:\/\/papajuliett.com\/product\/mizica-za-kavo-king-air-spinner\/"},"modified":"2023-02-16T21:36:37","modified_gmt":"2023-02-16T20:36:37","slug":"klubska-mizica-king-air-spinner","status":"publish","type":"product","link":"https:\/\/papajuliett.com\/sl\/izdelek\/klubska-mizica-king-air-spinner\/","title":{"rendered":"Klubska mizica King Air Spinner"},"content":{"rendered":"","protected":false},"excerpt":{"rendered":"<p>NOVO! <span>Beechcraft King Air je eden najbolj ikoni\u010dnih turboprop poslovnih letal.<\/span><span>. King Air pokrov propelerja je zdaj elegantna, polirana aluminijasta klubska mizica, kot nala\u0161\u010d za ljubitelja ali ljubiteljico minimalizma in trajnostnega \u017eivljenjskega sloga. PRODANO. <strong>Mo\u017eno podobno naro\u010dilo po meri.\u00a0Za ve\u010d nas kontaktirajte.<\/strong><\/span><\/p>\n","protected":false},"featured_media":5844,"template":"","meta":{"om_disable_all_campaigns":false,"_monsterinsights_skip_tracking":false,"_monsterinsights_sitenote_active":false,"_monsterinsights_sitenote_note":"","_monsterinsights_sitenote_category":0,"iawp_total_views":9},"product_brand":[],"product_cat":[494],"product_tag":[],"class_list":{"0":"post-5855","1":"product","2":"type-product","3":"status-publish","4":"has-post-thumbnail","6":"product_cat-miza","8":"first","9":"instock","10":"taxable","11":"shipping-taxable","12":"product-type-simple"},"aioseo_notices":[],"_links":{"self":[{"href":"https:\/\/papajuliett.com\/sl\/wp-json\/wp\/v2\/product\/5855","targetHints":{"allow":["GET"]}}],"collection":[{"href":"https:\/\/papajuliett.com\/sl\/wp-json\/wp\/v2\/product"}],"about":[{"href":"https:\/\/papajuliett.com\/sl\/wp-json\/wp\/v2\/types\/product"}],"wp:featuredmedia":[{"embeddable":true,"href":"https:\/\/papajuliett.com\/sl\/wp-json\/wp\/v2\/media\/5844"}],"wp:attachment":[{"href":"https:\/\/papajuliett.com\/sl\/wp-json\/wp\/v2\/media?parent=5855"}],"wp:term":[{"taxonomy":"product_brand","embeddable":true,"href":"https:\/\/papajuliett.com\/sl\/wp-json\/wp\/v2\/product_brand?post=5855"},{"taxonomy":"product_cat","embeddable":true,"href":"https:\/\/papajuliett.com\/sl\/wp-json\/wp\/v2\/product_cat?post=5855"},{"taxonomy":"product_tag","embeddable":true,"href":"https:\/\/papajuliett.com\/sl\/wp-json\/wp\/v2\/product_tag?post=5855"}],"curies":[{"name":"wp","href":"https:\/\/api.w.org\/{rel}","templated":true}]}}