{"id":5171,"date":"2021-12-22T12:18:21","date_gmt":"2021-12-22T11:18:21","guid":{"rendered":"https:\/\/papajuliett.com\/product\/crj-200-adria-airways-izhodna-vrata-2\/"},"modified":"2023-02-16T19:41:57","modified_gmt":"2023-02-16T18:41:57","slug":"crj-200-adria-airways-vrata-za-izhod-v-sili","status":"publish","type":"product","link":"https:\/\/papajuliett.com\/sl\/izdelek\/crj-200-adria-airways-vrata-za-izhod-v-sili\/","title":{"rendered":"CRJ 200 Adria Airways vrata za izhod v sili"},"content":{"rendered":"","protected":false},"excerpt":{"rendered":"<p>I\u0161\u010dete poseben kos za svojo steno? CRJ 200 Adria Airways Exit Door je prav to. Fotografijo v oknu vrat lahko personaliziramo ali \u00a0vstavimo uro.<br \/>\nPRODANO.\u00a0<span><strong>Mo\u017eno podobno naro\u010dilo po meri. Za ve\u010d nas kontaktirajte.<\/strong><\/span><\/p>\n","protected":false},"featured_media":5292,"template":"","meta":{"om_disable_all_campaigns":false,"_monsterinsights_skip_tracking":false,"_monsterinsights_sitenote_active":false,"_monsterinsights_sitenote_note":"","_monsterinsights_sitenote_category":0,"iawp_total_views":16},"product_brand":[],"product_cat":[487,488],"product_tag":[504,514,533,523,541,521,524],"class_list":{"0":"post-5171","1":"product","2":"type-product","3":"status-publish","4":"has-post-thumbnail","6":"product_cat-dekor","7":"product_cat-vrata","8":"product_tag-adria","9":"product_tag-dekor","10":"product_tag-fotografija","11":"product_tag-izhod","12":"product_tag-rdeca","13":"product_tag-stena","14":"product_tag-vrata","16":"first","17":"instock","18":"sold-individually","19":"product-type-simple"},"aioseo_notices":[],"_links":{"self":[{"href":"https:\/\/papajuliett.com\/sl\/wp-json\/wp\/v2\/product\/5171","targetHints":{"allow":["GET"]}}],"collection":[{"href":"https:\/\/papajuliett.com\/sl\/wp-json\/wp\/v2\/product"}],"about":[{"href":"https:\/\/papajuliett.com\/sl\/wp-json\/wp\/v2\/types\/product"}],"wp:featuredmedia":[{"embeddable":true,"href":"https:\/\/papajuliett.com\/sl\/wp-json\/wp\/v2\/media\/5292"}],"wp:attachment":[{"href":"https:\/\/papajuliett.com\/sl\/wp-json\/wp\/v2\/media?parent=5171"}],"wp:term":[{"taxonomy":"product_brand","embeddable":true,"href":"https:\/\/papajuliett.com\/sl\/wp-json\/wp\/v2\/product_brand?post=5171"},{"taxonomy":"product_cat","embeddable":true,"href":"https:\/\/papajuliett.com\/sl\/wp-json\/wp\/v2\/product_cat?post=5171"},{"taxonomy":"product_tag","embeddable":true,"href":"https:\/\/papajuliett.com\/sl\/wp-json\/wp\/v2\/product_tag?post=5171"}],"curies":[{"name":"wp","href":"https:\/\/api.w.org\/{rel}","templated":true}]}}