{"id":5170,"date":"2021-10-26T13:49:03","date_gmt":"2021-10-26T12:49:03","guid":{"rendered":"https:\/\/papajuliett.com\/product\/okno-letala-s-personalizirano-fotografijo\/"},"modified":"2023-02-16T21:08:54","modified_gmt":"2023-02-16T20:08:54","slug":"okno-letala-s-personalizirano-fotografijo","status":"publish","type":"product","link":"https:\/\/papajuliett.com\/sl\/izdelek\/okno-letala-s-personalizirano-fotografijo\/","title":{"rendered":"Okno letala s personalizirano fotografijo"},"content":{"rendered":"","protected":false},"excerpt":{"rendered":"<p>Izbirate lahko med razli\u010dnimi fotografijami v okno pa lahko po va\u0161i \u017eelji vstavimo ogledalo. Ponujamo tudi mo\u017enost namestitve \u00a0LED lu\u010di.\u00a0PRODANO.\u00a0<span><strong>Mo\u017eno podobno naro\u010dilo po meri. Za ve\u010d nas kontaktirajte.<\/strong><\/span><\/p>\n<div class=\"cxmmr5t8 oygrvhab hcukyx3x c1et5uql o9v6fnle ii04i59q\">\n<div dir=\"auto\"><\/div>\n<\/div>\n<p>&nbsp;<\/p>\n","protected":false},"featured_media":4470,"template":"","meta":{"om_disable_all_campaigns":false,"_monsterinsights_skip_tracking":false,"_monsterinsights_sitenote_active":false,"_monsterinsights_sitenote_note":"","_monsterinsights_sitenote_category":0,"iawp_total_views":7},"product_brand":[],"product_cat":[496],"product_tag":[514,540,534,539,521],"class_list":{"0":"post-5170","1":"product","2":"type-product","3":"status-publish","4":"has-post-thumbnail","6":"product_cat-okno","7":"product_tag-dekor","8":"product_tag-fotografija-sl","9":"product_tag-okno","10":"product_tag-personalizirano","11":"product_tag-stena","13":"first","14":"outofstock","15":"product-type-simple"},"aioseo_notices":[],"_links":{"self":[{"href":"https:\/\/papajuliett.com\/sl\/wp-json\/wp\/v2\/product\/5170","targetHints":{"allow":["GET"]}}],"collection":[{"href":"https:\/\/papajuliett.com\/sl\/wp-json\/wp\/v2\/product"}],"about":[{"href":"https:\/\/papajuliett.com\/sl\/wp-json\/wp\/v2\/types\/product"}],"wp:featuredmedia":[{"embeddable":true,"href":"https:\/\/papajuliett.com\/sl\/wp-json\/wp\/v2\/media\/4470"}],"wp:attachment":[{"href":"https:\/\/papajuliett.com\/sl\/wp-json\/wp\/v2\/media?parent=5170"}],"wp:term":[{"taxonomy":"product_brand","embeddable":true,"href":"https:\/\/papajuliett.com\/sl\/wp-json\/wp\/v2\/product_brand?post=5170"},{"taxonomy":"product_cat","embeddable":true,"href":"https:\/\/papajuliett.com\/sl\/wp-json\/wp\/v2\/product_cat?post=5170"},{"taxonomy":"product_tag","embeddable":true,"href":"https:\/\/papajuliett.com\/sl\/wp-json\/wp\/v2\/product_tag?post=5170"}],"curies":[{"name":"wp","href":"https:\/\/api.w.org\/{rel}","templated":true}]}}