{"id":5169,"date":"2021-10-26T20:03:02","date_gmt":"2021-10-26T19:03:02","guid":{"rendered":"https:\/\/papajuliett.com\/product\/miza-za-kavo-supermarine-spitfire-mk-i\/"},"modified":"2023-02-16T20:22:51","modified_gmt":"2023-02-16T19:22:51","slug":"klubska-mizica-supermarine-spitfire-mk-i","status":"publish","type":"product","link":"https:\/\/papajuliett.com\/sl\/izdelek\/klubska-mizica-supermarine-spitfire-mk-i\/","title":{"rendered":"Klubska mizica Supermarine Spitfire Mk I"},"content":{"rendered":"","protected":false},"excerpt":{"rendered":"<p>Gre za pristen, izjemno redek del, ki je bil neko\u010d del najbolj legendarnega letala vseh \u010dasov &#8211; Supermarine Spitfire Mk I, ki \u00a0sedaj razveseljuje kot zavidanja vredna klubska mizica.<br \/>\nPRODANO.\u00a0<span><strong>Mo\u017eno podobno naro\u010dilo po meri. Za ve\u010d nas kontaktirajte.<\/strong><\/span><\/p>\n","protected":false},"featured_media":5014,"template":"","meta":{"om_disable_all_campaigns":false,"_monsterinsights_skip_tracking":false,"_monsterinsights_sitenote_active":false,"_monsterinsights_sitenote_note":"","_monsterinsights_sitenote_category":0,"iawp_total_views":7},"product_brand":[],"product_cat":[494],"product_tag":[510,538,537,511],"class_list":{"0":"post-5169","1":"product","2":"type-product","3":"status-publish","4":"has-post-thumbnail","6":"product_cat-miza","7":"product_tag-kava","8":"product_tag-spitfire-sl","9":"product_tag-supermarine-sl","10":"product_tag-tabela","12":"first","13":"outofstock","14":"sold-individually","15":"taxable","16":"shipping-taxable","17":"product-type-simple"},"aioseo_notices":[],"_links":{"self":[{"href":"https:\/\/papajuliett.com\/sl\/wp-json\/wp\/v2\/product\/5169","targetHints":{"allow":["GET"]}}],"collection":[{"href":"https:\/\/papajuliett.com\/sl\/wp-json\/wp\/v2\/product"}],"about":[{"href":"https:\/\/papajuliett.com\/sl\/wp-json\/wp\/v2\/types\/product"}],"wp:featuredmedia":[{"embeddable":true,"href":"https:\/\/papajuliett.com\/sl\/wp-json\/wp\/v2\/media\/5014"}],"wp:attachment":[{"href":"https:\/\/papajuliett.com\/sl\/wp-json\/wp\/v2\/media?parent=5169"}],"wp:term":[{"taxonomy":"product_brand","embeddable":true,"href":"https:\/\/papajuliett.com\/sl\/wp-json\/wp\/v2\/product_brand?post=5169"},{"taxonomy":"product_cat","embeddable":true,"href":"https:\/\/papajuliett.com\/sl\/wp-json\/wp\/v2\/product_cat?post=5169"},{"taxonomy":"product_tag","embeddable":true,"href":"https:\/\/papajuliett.com\/sl\/wp-json\/wp\/v2\/product_tag?post=5169"}],"curies":[{"name":"wp","href":"https:\/\/api.w.org\/{rel}","templated":true}]}}