{"id":5166,"date":"2021-10-26T12:48:15","date_gmt":"2021-10-26T11:48:15","guid":{"rendered":"https:\/\/papajuliett.com\/product\/okno-letala-s-kabino\/"},"modified":"2023-02-16T21:12:30","modified_gmt":"2023-02-16T20:12:30","slug":"okna-letala-s-kabino","status":"publish","type":"product","link":"https:\/\/papajuliett.com\/sl\/izdelek\/okna-letala-s-kabino\/","title":{"rendered":"Okna letala s kabino"},"content":{"rendered":"","protected":false},"excerpt":{"rendered":"<p>Popestrite svojo pisarno z letalskimi okni v svet. Na sliki po naro\u010dilu opremljena turisti\u010dna agencija.<br \/>\nPRODANO.\u00a0<span><strong>Mo\u017eno podobno naro\u010dilo po meri. Za ve\u010d nas kontaktirajte.<\/strong><\/span><\/p>\n","protected":false},"featured_media":4333,"template":"","meta":{"om_disable_all_campaigns":false,"_monsterinsights_skip_tracking":false,"_monsterinsights_sitenote_active":false,"_monsterinsights_sitenote_note":"","_monsterinsights_sitenote_category":0,"iawp_total_views":7},"product_brand":[],"product_cat":[496],"product_tag":[514,533,534,521],"class_list":{"0":"post-5166","1":"product","2":"type-product","3":"status-publish","4":"has-post-thumbnail","6":"product_cat-okno","7":"product_tag-dekor","8":"product_tag-fotografija","9":"product_tag-okno","10":"product_tag-stena","12":"first","13":"outofstock","14":"sold-individually","15":"product-type-simple"},"aioseo_notices":[],"_links":{"self":[{"href":"https:\/\/papajuliett.com\/sl\/wp-json\/wp\/v2\/product\/5166","targetHints":{"allow":["GET"]}}],"collection":[{"href":"https:\/\/papajuliett.com\/sl\/wp-json\/wp\/v2\/product"}],"about":[{"href":"https:\/\/papajuliett.com\/sl\/wp-json\/wp\/v2\/types\/product"}],"wp:featuredmedia":[{"embeddable":true,"href":"https:\/\/papajuliett.com\/sl\/wp-json\/wp\/v2\/media\/4333"}],"wp:attachment":[{"href":"https:\/\/papajuliett.com\/sl\/wp-json\/wp\/v2\/media?parent=5166"}],"wp:term":[{"taxonomy":"product_brand","embeddable":true,"href":"https:\/\/papajuliett.com\/sl\/wp-json\/wp\/v2\/product_brand?post=5166"},{"taxonomy":"product_cat","embeddable":true,"href":"https:\/\/papajuliett.com\/sl\/wp-json\/wp\/v2\/product_cat?post=5166"},{"taxonomy":"product_tag","embeddable":true,"href":"https:\/\/papajuliett.com\/sl\/wp-json\/wp\/v2\/product_tag?post=5166"}],"curies":[{"name":"wp","href":"https:\/\/api.w.org\/{rel}","templated":true}]}}