{"id":5165,"date":"2022-07-13T08:31:47","date_gmt":"2022-07-13T07:31:47","guid":{"rendered":"https:\/\/papajuliett.com\/product\/adria-airways-crj-200-glavno-kolo-miza-za-kavo\/"},"modified":"2024-10-28T12:15:45","modified_gmt":"2024-10-28T11:15:45","slug":"klubska-mizica-iz-glavnega-kolesa-adria-airways-crj-200","status":"publish","type":"product","link":"https:\/\/papajuliett.com\/sl\/izdelek\/klubska-mizica-iz-glavnega-kolesa-adria-airways-crj-200\/","title":{"rendered":"Klubska mizica iz glavnega kolesa Adria Airways CRJ 200"},"content":{"rendered":"","protected":false},"excerpt":{"rendered":"<div class=\"cxmmr5t8 oygrvhab hcukyx3x c1et5uql o9v6fnle ii04i59q\">\n<div dir=\"auto\"><strong>Izdelava po naro\u010dilu. Za ve\u010d nas kontaktirajte.\u00a0<\/strong><\/div>\n<div dir=\"auto\"><\/div>\n<div dir=\"auto\"><span>\u2713 glavno kolo letala CRJ 200 Adrie Airways, registracija S5-AAD<br \/>\n\u2713 premium steklo<\/span><\/div>\n<div dir=\"auto\"><span>\u2713 izdelane nogice \u010drne barve<br \/>\n\u2713 osvetlitev LED za \u010darobne ve\u010dere<br \/>\n\u2713 za\u0161\u010ditno<\/span><\/div>\n<div dir=\"auto\"><span>\u2713polirano<br \/>\n<\/span><\/div>\n<div dir=\"auto\"><\/div>\n<div dir=\"auto\">\n<p>&nbsp;<\/p>\n<p>Na tiso\u010de pristankov po vsej Evropi &#8211; tik pod va\u0161o skodelico kave.<\/p>\n<p>Pristajalno kolo slu\u017ei za mehak in varen pristanek letala na vzletno-pristajalni stezi. Letalo ima lahko uvla\u010dljivo ali fiksno pristajalno kolo. Vsako letalo ima nosno kolo in glavno kolo. Kolo ima tudi zra\u010dnico, katere namen je da vzdr\u017ei letalo na pristanku in vzletu, preko njega pa se tudi zavira. \u010ce se kolo med pristajanjem ne izvle\u010de, potem letalo ne more varno pristati in pristane na trebuh. Zato je kolo letala pomemben del letala in pomembno je, da je redno vzdr\u017eevano in da tako lahko varno izvaja svojo funkcijo. Ve\u010dja kot so letala, ve\u010dja so kolesa. Nekatera letala imajo dve glavni kolesi, nekatera pa \u0161tiri ali ve\u010d, odvisno od te\u017ee in velikosti letala.<span class=\"Apple-converted-space\">\u00a0<\/span><\/p>\n<p>Kolo iz katere smo izdelali klubsko mizico, je glavno kolo letala CRJ 200, (registracija S5-AAD), ki je bil neko\u010d del flote slovenske letalske dru\u017ebe Adria Airways.<span class=\"Apple-converted-space\">\u00a0<\/span><\/p>\n<p>Glavno kolo CRJ 200 smo spolirali in za\u0161\u010ditili. Na kolo smo namestili posebaj za ta dizajn izdelane nogice v \u010drni barvi in na stojalo namestili premium steklo.\u00a0 Ve\u010dbarvne LED diode pod glavnim kolesom osvetlijo simbol Adrie Airways in poskrbijo za \u010darobne ve\u010dere.<span class=\"Apple-converted-space\">\u00a0<\/span><\/p>\n<\/div>\n<\/div>\n<div dir=\"auto\"><\/div>\n<div class=\"cxmmr5t8 oygrvhab hcukyx3x c1et5uql o9v6fnle ii04i59q\">\n<div dir=\"auto\"><\/div>\n<\/div>\n","protected":false},"featured_media":8925,"template":"","meta":{"om_disable_all_campaigns":false,"_monsterinsights_skip_tracking":false,"_monsterinsights_sitenote_active":false,"_monsterinsights_sitenote_note":"","_monsterinsights_sitenote_category":0,"iawp_total_views":112},"product_brand":[],"product_cat":[494],"product_tag":[565,567,566,532,568],"class_list":{"0":"post-5165","1":"product","2":"type-product","3":"status-publish","4":"has-post-thumbnail","6":"product_cat-miza","7":"product_tag-adriaairways-sl","8":"product_tag-aviationfurniture-sl","9":"product_tag-coffee-sl","10":"product_tag-crj200-sl","11":"product_tag-table-sl","13":"first","14":"instock","15":"sold-individually","16":"product-type-simple"},"aioseo_notices":[],"_links":{"self":[{"href":"https:\/\/papajuliett.com\/sl\/wp-json\/wp\/v2\/product\/5165","targetHints":{"allow":["GET"]}}],"collection":[{"href":"https:\/\/papajuliett.com\/sl\/wp-json\/wp\/v2\/product"}],"about":[{"href":"https:\/\/papajuliett.com\/sl\/wp-json\/wp\/v2\/types\/product"}],"wp:featuredmedia":[{"embeddable":true,"href":"https:\/\/papajuliett.com\/sl\/wp-json\/wp\/v2\/media\/8925"}],"wp:attachment":[{"href":"https:\/\/papajuliett.com\/sl\/wp-json\/wp\/v2\/media?parent=5165"}],"wp:term":[{"taxonomy":"product_brand","embeddable":true,"href":"https:\/\/papajuliett.com\/sl\/wp-json\/wp\/v2\/product_brand?post=5165"},{"taxonomy":"product_cat","embeddable":true,"href":"https:\/\/papajuliett.com\/sl\/wp-json\/wp\/v2\/product_cat?post=5165"},{"taxonomy":"product_tag","embeddable":true,"href":"https:\/\/papajuliett.com\/sl\/wp-json\/wp\/v2\/product_tag?post=5165"}],"curies":[{"name":"wp","href":"https:\/\/api.w.org\/{rel}","templated":true}]}}