{"id":5164,"date":"2021-11-29T10:45:33","date_gmt":"2021-11-29T09:45:33","guid":{"rendered":"https:\/\/papajuliett.com\/product\/eurofighter-typhoon-jet-engine-compressor-wall-clock\/"},"modified":"2023-02-16T20:11:38","modified_gmt":"2023-02-16T19:11:38","slug":"stenska-ura-eurofighter-typhoon-iz-motorja-kompresorja","status":"publish","type":"product","link":"https:\/\/papajuliett.com\/sl\/izdelek\/stenska-ura-eurofighter-typhoon-iz-motorja-kompresorja\/","title":{"rendered":"Stenska ura Eurofighter Typhoon iz motorja kompresorja"},"content":{"rendered":"","protected":false},"excerpt":{"rendered":"<p>PRODANO.\u00a0<span><strong>Mo\u017eno podobno naro\u010dilo po meri. Za ve\u010d nas kontaktirajte.<\/strong><\/span><\/p>\n","protected":false},"featured_media":5010,"template":"","meta":{"om_disable_all_campaigns":false,"_monsterinsights_skip_tracking":false,"_monsterinsights_sitenote_active":false,"_monsterinsights_sitenote_note":"","_monsterinsights_sitenote_category":0,"iawp_total_views":15},"product_brand":[],"product_cat":[485],"product_tag":[514,499,498,500,503,502,509],"class_list":{"0":"post-5164","1":"product","2":"type-product","3":"status-publish","4":"has-post-thumbnail","6":"product_cat-ura","7":"product_tag-dekor","8":"product_tag-eurofighter-sl","9":"product_tag-kompresor","10":"product_tag-reaktivni-motor","11":"product_tag-stenska-ura","12":"product_tag-typhoon-sl","13":"product_tag-ura","15":"first","16":"outofstock","17":"taxable","18":"shipping-taxable","19":"product-type-simple"},"aioseo_notices":[],"_links":{"self":[{"href":"https:\/\/papajuliett.com\/sl\/wp-json\/wp\/v2\/product\/5164","targetHints":{"allow":["GET"]}}],"collection":[{"href":"https:\/\/papajuliett.com\/sl\/wp-json\/wp\/v2\/product"}],"about":[{"href":"https:\/\/papajuliett.com\/sl\/wp-json\/wp\/v2\/types\/product"}],"wp:featuredmedia":[{"embeddable":true,"href":"https:\/\/papajuliett.com\/sl\/wp-json\/wp\/v2\/media\/5010"}],"wp:attachment":[{"href":"https:\/\/papajuliett.com\/sl\/wp-json\/wp\/v2\/media?parent=5164"}],"wp:term":[{"taxonomy":"product_brand","embeddable":true,"href":"https:\/\/papajuliett.com\/sl\/wp-json\/wp\/v2\/product_brand?post=5164"},{"taxonomy":"product_cat","embeddable":true,"href":"https:\/\/papajuliett.com\/sl\/wp-json\/wp\/v2\/product_cat?post=5164"},{"taxonomy":"product_tag","embeddable":true,"href":"https:\/\/papajuliett.com\/sl\/wp-json\/wp\/v2\/product_tag?post=5164"}],"curies":[{"name":"wp","href":"https:\/\/api.w.org\/{rel}","templated":true}]}}