{"id":5163,"date":"2021-12-21T14:28:11","date_gmt":"2021-12-21T13:28:11","guid":{"rendered":"https:\/\/papajuliett.com\/product\/stenska-ura-panavia-tornado-engine-compressor\/"},"modified":"2023-02-16T19:54:04","modified_gmt":"2023-02-16T18:54:04","slug":"stenska-ura-panavia-tornado-engine-compressor","status":"publish","type":"product","link":"https:\/\/papajuliett.com\/sl\/izdelek\/stenska-ura-panavia-tornado-engine-compressor\/","title":{"rendered":"Stenska ura Panavia Tornado Engine Compressor"},"content":{"rendered":"","protected":false},"excerpt":{"rendered":"<p>Na\u0161i deli letala \u017eivijo \u0161e dolgo po tem, ko so prenehali leteti. Po preciznem poliranju smo motorni kompresor Panavia Tornado pobarvali in ga spremenili v uro. PRODANO.\u00a0<span><strong>Mo\u017eno podobno naro\u010dilo po meri. Za ve\u010d nas kontaktirajte.<\/strong><\/span><\/p>\n","protected":false},"featured_media":4972,"template":"","meta":{"om_disable_all_campaigns":false,"_monsterinsights_skip_tracking":false,"_monsterinsights_sitenote_active":false,"_monsterinsights_sitenote_note":"","_monsterinsights_sitenote_category":0,"iawp_total_views":11},"product_brand":[],"product_cat":[485],"product_tag":[498,507,530,531,509],"class_list":{"0":"post-5163","1":"product","2":"type-product","3":"status-publish","4":"has-post-thumbnail","6":"product_cat-ura","7":"product_tag-kompresor","8":"product_tag-letalsko-pohistvo","9":"product_tag-panavia-sl","10":"product_tag-tornado-sl","11":"product_tag-ura","13":"first","14":"instock","15":"taxable","16":"shipping-taxable","17":"product-type-simple"},"aioseo_notices":[],"_links":{"self":[{"href":"https:\/\/papajuliett.com\/sl\/wp-json\/wp\/v2\/product\/5163","targetHints":{"allow":["GET"]}}],"collection":[{"href":"https:\/\/papajuliett.com\/sl\/wp-json\/wp\/v2\/product"}],"about":[{"href":"https:\/\/papajuliett.com\/sl\/wp-json\/wp\/v2\/types\/product"}],"wp:featuredmedia":[{"embeddable":true,"href":"https:\/\/papajuliett.com\/sl\/wp-json\/wp\/v2\/media\/4972"}],"wp:attachment":[{"href":"https:\/\/papajuliett.com\/sl\/wp-json\/wp\/v2\/media?parent=5163"}],"wp:term":[{"taxonomy":"product_brand","embeddable":true,"href":"https:\/\/papajuliett.com\/sl\/wp-json\/wp\/v2\/product_brand?post=5163"},{"taxonomy":"product_cat","embeddable":true,"href":"https:\/\/papajuliett.com\/sl\/wp-json\/wp\/v2\/product_cat?post=5163"},{"taxonomy":"product_tag","embeddable":true,"href":"https:\/\/papajuliett.com\/sl\/wp-json\/wp\/v2\/product_tag?post=5163"}],"curies":[{"name":"wp","href":"https:\/\/api.w.org\/{rel}","templated":true}]}}