{"id":5159,"date":"2021-10-25T21:49:56","date_gmt":"2021-10-25T20:49:56","guid":{"rendered":"https:\/\/papajuliett.com\/product\/mig-21-kompresorska-rezila-mirror\/"},"modified":"2023-02-16T21:17:41","modified_gmt":"2023-02-16T20:17:41","slug":"ogledalo-z-mig-21-kompresorskimi-rezili","status":"publish","type":"product","link":"https:\/\/papajuliett.com\/sl\/izdelek\/ogledalo-z-mig-21-kompresorskimi-rezili\/","title":{"rendered":"Ogledalo z MIG-21 kompresorskimi rezili"},"content":{"rendered":"","protected":false},"excerpt":{"rendered":"<p>Neko\u010d je ponosno poganjal eno najve\u010dkrat izdelanih voja\u0161kih letal na svetu &#8211; mogo\u010dnega Mikoyana Gurevi\u010da ali MiG-21. Ponosni lastnik tega \u010dudovitega ogledala s premerom 70 cm se zdaj ne ozira le v svojo podobo, temve\u010d tudi v zgodovino letalstva.PRODANO.\u00a0<span><strong>Mo\u017eno podobno naro\u010dilo po meri. Za ve\u010d nas kontaktirajte.<\/strong><\/span><\/p>\n","protected":false},"featured_media":4359,"template":"","meta":{"om_disable_all_campaigns":false,"_monsterinsights_skip_tracking":false,"_monsterinsights_sitenote_active":false,"_monsterinsights_sitenote_note":"","_monsterinsights_sitenote_category":0,"iawp_total_views":4},"product_brand":[],"product_cat":[489],"product_tag":[529,526,501,528,527],"class_list":{"0":"post-5159","1":"product","2":"type-product","3":"status-publish","4":"has-post-thumbnail","6":"product_cat-ogledalo","7":"product_tag-motor","8":"product_tag-ogledalo","9":"product_tag-tumanskir-25","10":"product_tag-turboreaktivni-reaktor","11":"product_tag-walldecor-sl","13":"first","14":"outofstock","15":"product-type-simple"},"aioseo_notices":[],"_links":{"self":[{"href":"https:\/\/papajuliett.com\/sl\/wp-json\/wp\/v2\/product\/5159","targetHints":{"allow":["GET"]}}],"collection":[{"href":"https:\/\/papajuliett.com\/sl\/wp-json\/wp\/v2\/product"}],"about":[{"href":"https:\/\/papajuliett.com\/sl\/wp-json\/wp\/v2\/types\/product"}],"wp:featuredmedia":[{"embeddable":true,"href":"https:\/\/papajuliett.com\/sl\/wp-json\/wp\/v2\/media\/4359"}],"wp:attachment":[{"href":"https:\/\/papajuliett.com\/sl\/wp-json\/wp\/v2\/media?parent=5159"}],"wp:term":[{"taxonomy":"product_brand","embeddable":true,"href":"https:\/\/papajuliett.com\/sl\/wp-json\/wp\/v2\/product_brand?post=5159"},{"taxonomy":"product_cat","embeddable":true,"href":"https:\/\/papajuliett.com\/sl\/wp-json\/wp\/v2\/product_cat?post=5159"},{"taxonomy":"product_tag","embeddable":true,"href":"https:\/\/papajuliett.com\/sl\/wp-json\/wp\/v2\/product_tag?post=5159"}],"curies":[{"name":"wp","href":"https:\/\/api.w.org\/{rel}","templated":true}]}}