{"id":5152,"date":"2021-10-25T20:54:53","date_gmt":"2021-10-25T19:54:53","guid":{"rendered":"https:\/\/papajuliett.com\/product\/adria-airways-atlas-box\/"},"modified":"2023-02-16T21:20:02","modified_gmt":"2023-02-16T20:20:02","slug":"adria-airways-atlas-box","status":"publish","type":"product","link":"https:\/\/papajuliett.com\/sl\/izdelek\/adria-airways-atlas-box\/","title":{"rendered":"Adria Airways Atlas Box"},"content":{"rendered":"","protected":false},"excerpt":{"rendered":"<p>Ta, zdaj elegantna no\u010dna omarica, je bila neko\u010d shramba za hrano na potni\u0161kem letalu. Omarica je pokrita je s kvalitetnim steklom tako da lahko pred pristankom v de\u017eeli sanj, knjigo ali telefon odlo\u017eite na trdno podlago&#8230;<br \/>\nPRODANO.\u00a0<span><strong>Mo\u017eno podobno naro\u010dilo po meri. Za ve\u010d nas kontaktirajte.<\/strong><\/span><\/p>\n","protected":false},"featured_media":4447,"template":"","meta":{"om_disable_all_campaigns":false,"_monsterinsights_skip_tracking":false,"_monsterinsights_sitenote_active":false,"_monsterinsights_sitenote_note":"","_monsterinsights_sitenote_category":0,"iawp_total_views":11},"product_brand":[],"product_cat":[493],"product_tag":[522,516,511],"class_list":{"0":"post-5152","1":"product","2":"type-product","3":"status-publish","4":"has-post-thumbnail","6":"product_cat-shranjevanje","7":"product_tag-nocna-omarica","8":"product_tag-shranjevanje","9":"product_tag-tabela","11":"first","12":"outofstock","13":"sold-individually","14":"product-type-simple"},"aioseo_notices":[],"_links":{"self":[{"href":"https:\/\/papajuliett.com\/sl\/wp-json\/wp\/v2\/product\/5152","targetHints":{"allow":["GET"]}}],"collection":[{"href":"https:\/\/papajuliett.com\/sl\/wp-json\/wp\/v2\/product"}],"about":[{"href":"https:\/\/papajuliett.com\/sl\/wp-json\/wp\/v2\/types\/product"}],"wp:featuredmedia":[{"embeddable":true,"href":"https:\/\/papajuliett.com\/sl\/wp-json\/wp\/v2\/media\/4447"}],"wp:attachment":[{"href":"https:\/\/papajuliett.com\/sl\/wp-json\/wp\/v2\/media?parent=5152"}],"wp:term":[{"taxonomy":"product_brand","embeddable":true,"href":"https:\/\/papajuliett.com\/sl\/wp-json\/wp\/v2\/product_brand?post=5152"},{"taxonomy":"product_cat","embeddable":true,"href":"https:\/\/papajuliett.com\/sl\/wp-json\/wp\/v2\/product_cat?post=5152"},{"taxonomy":"product_tag","embeddable":true,"href":"https:\/\/papajuliett.com\/sl\/wp-json\/wp\/v2\/product_tag?post=5152"}],"curies":[{"name":"wp","href":"https:\/\/api.w.org\/{rel}","templated":true}]}}