{"id":5151,"date":"2022-06-07T05:14:28","date_gmt":"2022-06-07T04:14:28","guid":{"rendered":"https:\/\/papajuliett.com\/product\/usnjeni-sedezi-druzbe-aeroflot\/"},"modified":"2023-02-16T19:36:11","modified_gmt":"2023-02-16T18:36:11","slug":"usnjeni-sedezi-druzbe-aeroflot","status":"publish","type":"product","link":"https:\/\/papajuliett.com\/sl\/izdelek\/usnjeni-sedezi-druzbe-aeroflot\/","title":{"rendered":"Usnjeni sede\u017ei dru\u017ebe Aeroflot"},"content":{"rendered":"","protected":false},"excerpt":{"rendered":"<p>PRODANO.<strong> Za naro\u010dilo nas kontaktirajte.\u00a0<\/strong><\/p>\n","protected":false},"featured_media":4918,"template":"","meta":{"om_disable_all_campaigns":false,"_monsterinsights_skip_tracking":false,"_monsterinsights_sitenote_active":false,"_monsterinsights_sitenote_note":"","_monsterinsights_sitenote_category":0,"iawp_total_views":26},"product_brand":[],"product_cat":[491],"product_tag":[505,520],"class_list":{"0":"post-5151","1":"product","2":"type-product","3":"status-publish","4":"has-post-thumbnail","6":"product_cat-sedez","7":"product_tag-aeroflot-sl","8":"product_tag-sedezi","10":"first","11":"instock","12":"sold-individually","13":"taxable","14":"shipping-taxable","15":"product-type-simple"},"aioseo_notices":[],"_links":{"self":[{"href":"https:\/\/papajuliett.com\/sl\/wp-json\/wp\/v2\/product\/5151","targetHints":{"allow":["GET"]}}],"collection":[{"href":"https:\/\/papajuliett.com\/sl\/wp-json\/wp\/v2\/product"}],"about":[{"href":"https:\/\/papajuliett.com\/sl\/wp-json\/wp\/v2\/types\/product"}],"wp:featuredmedia":[{"embeddable":true,"href":"https:\/\/papajuliett.com\/sl\/wp-json\/wp\/v2\/media\/4918"}],"wp:attachment":[{"href":"https:\/\/papajuliett.com\/sl\/wp-json\/wp\/v2\/media?parent=5151"}],"wp:term":[{"taxonomy":"product_brand","embeddable":true,"href":"https:\/\/papajuliett.com\/sl\/wp-json\/wp\/v2\/product_brand?post=5151"},{"taxonomy":"product_cat","embeddable":true,"href":"https:\/\/papajuliett.com\/sl\/wp-json\/wp\/v2\/product_cat?post=5151"},{"taxonomy":"product_tag","embeddable":true,"href":"https:\/\/papajuliett.com\/sl\/wp-json\/wp\/v2\/product_tag?post=5151"}],"curies":[{"name":"wp","href":"https:\/\/api.w.org\/{rel}","templated":true}]}}