{"id":5150,"date":"2021-10-26T14:51:54","date_gmt":"2021-10-26T13:51:54","guid":{"rendered":"https:\/\/papajuliett.com\/product\/lesena-propelerska-ura\/"},"modified":"2023-02-16T21:05:16","modified_gmt":"2023-02-16T20:05:16","slug":"lesena-propelerska-ura","status":"publish","type":"product","link":"https:\/\/papajuliett.com\/sl\/izdelek\/lesena-propelerska-ura\/","title":{"rendered":"Lesena propelerska ura"},"content":{"rendered":"","protected":false},"excerpt":{"rendered":"<p>Lesen propeler smo najprej restorirali in mu vrnili sijaj, nato pa nanj namestili uro ter LED svetilko,ki \u00a0ka\u017ee pot tudi v temi.<br \/>\nPRODANO.\u00a0<span><strong>Mo\u017eno podobno naro\u010dilo po meri. Za ve\u010d nas kontaktirajte.<\/strong><\/span><\/p>\n","protected":false},"featured_media":4489,"template":"","meta":{"om_disable_all_campaigns":false,"_monsterinsights_skip_tracking":false,"_monsterinsights_sitenote_active":false,"_monsterinsights_sitenote_note":"","_monsterinsights_sitenote_category":0,"iawp_total_views":27},"product_brand":[],"product_cat":[490],"product_tag":[514,518,521,509],"class_list":{"0":"post-5150","1":"product","2":"type-product","3":"status-publish","4":"has-post-thumbnail","6":"product_cat-propeler-sl","7":"product_tag-dekor","8":"product_tag-propeler-sl-2","9":"product_tag-stena","10":"product_tag-ura","12":"first","13":"outofstock","14":"product-type-simple"},"aioseo_notices":[],"_links":{"self":[{"href":"https:\/\/papajuliett.com\/sl\/wp-json\/wp\/v2\/product\/5150","targetHints":{"allow":["GET"]}}],"collection":[{"href":"https:\/\/papajuliett.com\/sl\/wp-json\/wp\/v2\/product"}],"about":[{"href":"https:\/\/papajuliett.com\/sl\/wp-json\/wp\/v2\/types\/product"}],"wp:featuredmedia":[{"embeddable":true,"href":"https:\/\/papajuliett.com\/sl\/wp-json\/wp\/v2\/media\/4489"}],"wp:attachment":[{"href":"https:\/\/papajuliett.com\/sl\/wp-json\/wp\/v2\/media?parent=5150"}],"wp:term":[{"taxonomy":"product_brand","embeddable":true,"href":"https:\/\/papajuliett.com\/sl\/wp-json\/wp\/v2\/product_brand?post=5150"},{"taxonomy":"product_cat","embeddable":true,"href":"https:\/\/papajuliett.com\/sl\/wp-json\/wp\/v2\/product_cat?post=5150"},{"taxonomy":"product_tag","embeddable":true,"href":"https:\/\/papajuliett.com\/sl\/wp-json\/wp\/v2\/product_tag?post=5150"}],"curies":[{"name":"wp","href":"https:\/\/api.w.org\/{rel}","templated":true}]}}