{"id":5149,"date":"2022-06-10T16:36:00","date_gmt":"2022-06-10T15:36:00","guid":{"rendered":"https:\/\/papajuliett.com\/product\/l410-skulptura-lopatice-propelerja\/"},"modified":"2024-10-28T12:16:26","modified_gmt":"2024-10-28T11:16:26","slug":"skulptura-propelerja-let-l-410-turbolet","status":"publish","type":"product","link":"https:\/\/papajuliett.com\/sl\/izdelek\/skulptura-propelerja-let-l-410-turbolet\/","title":{"rendered":"Skulptura propelerja Let L-410 Turbolet"},"content":{"rendered":"","protected":false},"excerpt":{"rendered":"<div class=\"group w-full text-gray-800 dark:text-gray-100 border-b border-black\/10 dark:border-gray-900\/50 bg-gray-50 dark:bg-[#444654]\">\n<div class=\"flex p-4 gap-4 text-base md:gap-6 md:max-w-2xl lg:max-w-xl xl:max-w-3xl md:py-6 lg:px-0 m-auto\">\n<div class=\"relative flex flex-col w-[calc(100%-50px)] gap-1 md:gap-3 lg:w-[calc(100%-115px)]\">\n<div class=\"flex flex-grow flex-col gap-3\">\n<div class=\"min-h-[20px] flex flex-col items-start gap-4 whitespace-pre-wrap break-words\">\n<div class=\"markdown prose w-full break-words dark:prose-invert light\">\n<p><strong>Izdelava po naro\u010dilu. Za ve\u010d nas kontaktirajte.\u00a0<\/strong><\/p>\n<p><span>\u2713 krak propelerja letala L410 Turbolet<br \/>\n\u2713 aluminij<br \/>\n\u2713poliran<br \/>\n\u2713kromiran<br \/>\n\u2713 za\u0161\u010dita<br \/>\n\u2713 avio dizajn<\/span><\/p>\n<\/div>\n<div class=\"markdown prose w-full break-words dark:prose-invert light\">\n<p>Poznamo propelerska letala in reaktivna letala. Propelerska letala imajo propeler, ki je neke vrste vrte\u010de se krilo preko katerega se ustvarja vzgon in vle\u010de letalo naprej. Propeler je lahko potisen ali vle\u010den. \u017de sama beseda pove, da potisni propeler poriva, potiska letalo naprej, vle\u010dni propeler pa letalo vle\u010de naprej. Propeler se vrti s konstantno hitrostjo ali pa jo lahko pilot nastavlja v kabini ( propeler z nastavljivim kotom).<\/p>\n<p>Let L410 Turbolet je lahko turbopropelersko \u00a0letalo, v osnovi narejeno za uporabo na neurejenih letali\u0161kih stezah. Namenjeno je prevozu potnikov in tovora.\u00a0 Letalo Let L410 Turbolet uporablja tudi Slovenska vojska, kjer so mu dodali modul za prevoz ranjenih vojakov iz mirovnih operacij in misij.<\/p>\n<p>Aluminijasti krak propelerja tovornega letala L410 Turbolet smo o\u010distili, spolirali in na koncu \u0161e kromirali za maksimalen sijaj in za\u0161\u010dito. Za namen skulpture smo izdelali posebno okroglo stojalo, na katerem je krak \u00a0name\u0161\u010dena.<\/p>\n<p>Skulptura iz kraka propelerja je odli\u010den in minimalisti\u010den kos za vsak prostor, ki mu \u017eelimo vdihniti eleganco in moderni duh. S svojim odsevom poudari okolico, slu\u017ei pa tudi kot navdih, da poletite in uresni\u010dite svoje sanje.<\/p>\n<p>Velikost: 110 x 20 cm<\/p>\n<\/div>\n<\/div>\n<\/div>\n<\/div>\n<\/div>\n<\/div>\n","protected":false},"featured_media":6559,"template":"","meta":{"om_disable_all_campaigns":false,"_monsterinsights_skip_tracking":false,"_monsterinsights_sitenote_active":false,"_monsterinsights_sitenote_note":"","_monsterinsights_sitenote_category":0,"iawp_total_views":117},"product_brand":[],"product_cat":[487,490],"product_tag":[564,563],"class_list":{"0":"post-5149","1":"product","2":"type-product","3":"status-publish","4":"has-post-thumbnail","6":"product_cat-dekor","7":"product_cat-propeler-sl","8":"product_tag-propeller-sl","9":"product_tag-sculpture-sl","11":"first","12":"instock","13":"taxable","14":"shipping-taxable","15":"product-type-simple"},"aioseo_notices":[],"_links":{"self":[{"href":"https:\/\/papajuliett.com\/sl\/wp-json\/wp\/v2\/product\/5149","targetHints":{"allow":["GET"]}}],"collection":[{"href":"https:\/\/papajuliett.com\/sl\/wp-json\/wp\/v2\/product"}],"about":[{"href":"https:\/\/papajuliett.com\/sl\/wp-json\/wp\/v2\/types\/product"}],"wp:featuredmedia":[{"embeddable":true,"href":"https:\/\/papajuliett.com\/sl\/wp-json\/wp\/v2\/media\/6559"}],"wp:attachment":[{"href":"https:\/\/papajuliett.com\/sl\/wp-json\/wp\/v2\/media?parent=5149"}],"wp:term":[{"taxonomy":"product_brand","embeddable":true,"href":"https:\/\/papajuliett.com\/sl\/wp-json\/wp\/v2\/product_brand?post=5149"},{"taxonomy":"product_cat","embeddable":true,"href":"https:\/\/papajuliett.com\/sl\/wp-json\/wp\/v2\/product_cat?post=5149"},{"taxonomy":"product_tag","embeddable":true,"href":"https:\/\/papajuliett.com\/sl\/wp-json\/wp\/v2\/product_tag?post=5149"}],"curies":[{"name":"wp","href":"https:\/\/api.w.org\/{rel}","templated":true}]}}