{"id":5145,"date":"2021-10-05T12:26:47","date_gmt":"2021-10-05T11:26:47","guid":{"rendered":"https:\/\/papajuliett.com\/product\/samostojna-lopata-propelerja\/"},"modified":"2023-02-16T21:22:31","modified_gmt":"2023-02-16T20:22:31","slug":"skulptura-iz-propelerja","status":"publish","type":"product","link":"https:\/\/papajuliett.com\/sl\/izdelek\/skulptura-iz-propelerja\/","title":{"rendered":"Skulptura iz propelerja"},"content":{"rendered":"","protected":false},"excerpt":{"rendered":"<p>Propelerji omogo\u010dajo zrakoplovu, da se premika skozi zrak. Ta \u00a0poseben dekorativni element, vas bo spominjal na va\u0161e pustolov\u0161\u010dine na nebu.\u00a0PRODANO.\u00a0<span><strong>Mo\u017eno podobno naro\u010dilo po meri. Za ve\u010d nas kontaktirajte.<\/strong><\/span><\/p>\n<p>&nbsp;<\/p>\n","protected":false},"featured_media":5013,"template":"","meta":{"om_disable_all_campaigns":false,"_monsterinsights_skip_tracking":false,"_monsterinsights_sitenote_active":false,"_monsterinsights_sitenote_note":"","_monsterinsights_sitenote_category":0,"iawp_total_views":13},"product_brand":[],"product_cat":[490],"product_tag":[514,515],"class_list":{"0":"post-5145","1":"product","2":"type-product","3":"status-publish","4":"has-post-thumbnail","6":"product_cat-propeler-sl","7":"product_tag-dekor","8":"product_tag-propeler-sl","10":"first","11":"outofstock","12":"product-type-simple"},"aioseo_notices":[],"_links":{"self":[{"href":"https:\/\/papajuliett.com\/sl\/wp-json\/wp\/v2\/product\/5145","targetHints":{"allow":["GET"]}}],"collection":[{"href":"https:\/\/papajuliett.com\/sl\/wp-json\/wp\/v2\/product"}],"about":[{"href":"https:\/\/papajuliett.com\/sl\/wp-json\/wp\/v2\/types\/product"}],"wp:featuredmedia":[{"embeddable":true,"href":"https:\/\/papajuliett.com\/sl\/wp-json\/wp\/v2\/media\/5013"}],"wp:attachment":[{"href":"https:\/\/papajuliett.com\/sl\/wp-json\/wp\/v2\/media?parent=5145"}],"wp:term":[{"taxonomy":"product_brand","embeddable":true,"href":"https:\/\/papajuliett.com\/sl\/wp-json\/wp\/v2\/product_brand?post=5145"},{"taxonomy":"product_cat","embeddable":true,"href":"https:\/\/papajuliett.com\/sl\/wp-json\/wp\/v2\/product_cat?post=5145"},{"taxonomy":"product_tag","embeddable":true,"href":"https:\/\/papajuliett.com\/sl\/wp-json\/wp\/v2\/product_tag?post=5145"}],"curies":[{"name":"wp","href":"https:\/\/api.w.org\/{rel}","templated":true}]}}