{"id":5144,"date":"2021-12-02T13:14:14","date_gmt":"2021-12-02T12:14:14","guid":{"rendered":"https:\/\/papajuliett.com\/product\/pan-american-box-par-vintage-izdaja\/"},"modified":"2023-02-16T20:05:47","modified_gmt":"2023-02-16T19:05:47","slug":"pan-american-box-par-vintage-izdaja","status":"publish","type":"product","link":"https:\/\/papajuliett.com\/sl\/izdelek\/pan-american-box-par-vintage-izdaja\/","title":{"rendered":"Pan American Box par, vintage izdaja"},"content":{"rendered":"","protected":false},"excerpt":{"rendered":"<p>Nekdanja boksa za shranjevanje hrane na letalu smo reciklirali \u00a0in jih spremenili v \u010dudovit komplet, ki je kot nala\u0161\u010d za va\u0161 kabinet, pisarno ali dnevno sobo.<br \/>\nPRODANO.\u00a0<span><strong>Mo\u017eno podobno naro\u010dilo po meri. Za ve\u010d nas kontaktirajte.<\/strong><\/span><\/p>\n","protected":false},"featured_media":5012,"template":"","meta":{"om_disable_all_campaigns":false,"_monsterinsights_skip_tracking":false,"_monsterinsights_sitenote_active":false,"_monsterinsights_sitenote_note":"","_monsterinsights_sitenote_category":0,"iawp_total_views":4},"product_brand":[],"product_cat":[493],"product_tag":[506,516,517,513],"class_list":{"0":"post-5144","1":"product","2":"type-product","3":"status-publish","4":"has-post-thumbnail","6":"product_cat-shranjevanje","7":"product_tag-atlas","8":"product_tag-shranjevanje","9":"product_tag-stenski-dekor","10":"product_tag-stensko-pohistvo","12":"first","13":"instock","14":"sold-individually","15":"product-type-simple"},"aioseo_notices":[],"_links":{"self":[{"href":"https:\/\/papajuliett.com\/sl\/wp-json\/wp\/v2\/product\/5144","targetHints":{"allow":["GET"]}}],"collection":[{"href":"https:\/\/papajuliett.com\/sl\/wp-json\/wp\/v2\/product"}],"about":[{"href":"https:\/\/papajuliett.com\/sl\/wp-json\/wp\/v2\/types\/product"}],"wp:featuredmedia":[{"embeddable":true,"href":"https:\/\/papajuliett.com\/sl\/wp-json\/wp\/v2\/media\/5012"}],"wp:attachment":[{"href":"https:\/\/papajuliett.com\/sl\/wp-json\/wp\/v2\/media?parent=5144"}],"wp:term":[{"taxonomy":"product_brand","embeddable":true,"href":"https:\/\/papajuliett.com\/sl\/wp-json\/wp\/v2\/product_brand?post=5144"},{"taxonomy":"product_cat","embeddable":true,"href":"https:\/\/papajuliett.com\/sl\/wp-json\/wp\/v2\/product_cat?post=5144"},{"taxonomy":"product_tag","embeddable":true,"href":"https:\/\/papajuliett.com\/sl\/wp-json\/wp\/v2\/product_tag?post=5144"}],"curies":[{"name":"wp","href":"https:\/\/api.w.org\/{rel}","templated":true}]}}