{"id":5143,"date":"2022-06-07T06:10:38","date_gmt":"2022-06-07T05:10:38","guid":{"rendered":"https:\/\/papajuliett.com\/product\/letalisce-vzletno-pristajalna-steza-taxi-light\/"},"modified":"2023-04-06T15:58:40","modified_gmt":"2023-04-06T14:58:40","slug":"klubska-mizica-lucka-z-vzletno-pristajalne-steze","status":"publish","type":"product","link":"https:\/\/papajuliett.com\/sl\/izdelek\/klubska-mizica-lucka-z-vzletno-pristajalne-steze\/","title":{"rendered":"Klubska mizica Lu\u010dka z vzletno-pristajalne steze"},"content":{"rendered":"","protected":false},"excerpt":{"rendered":"<p>Edinstvena mizica za kavo iz visokokakovostnega modrega stekla podnevi pono\u010di postane pomirjujo\u010da barvna terapija. <span><strong>Izdelava po naro\u010dilu. Za ve\u010d nas kontaktirajte.<\/strong><\/span><\/p>\n<p>&nbsp;<\/p>\n","protected":false},"featured_media":4921,"template":"","meta":{"om_disable_all_campaigns":false,"_monsterinsights_skip_tracking":false,"_monsterinsights_sitenote_active":false,"_monsterinsights_sitenote_note":"","_monsterinsights_sitenote_category":0,"iawp_total_views":24},"product_brand":[],"product_cat":[494],"product_tag":[510,508,512,511],"class_list":{"0":"post-5143","1":"product","2":"type-product","3":"status-publish","4":"has-post-thumbnail","6":"product_cat-miza","7":"product_tag-kava","8":"product_tag-modro","9":"product_tag-svetloba","10":"product_tag-tabela","12":"first","13":"instock","14":"sold-individually","15":"product-type-simple"},"aioseo_notices":[],"_links":{"self":[{"href":"https:\/\/papajuliett.com\/sl\/wp-json\/wp\/v2\/product\/5143","targetHints":{"allow":["GET"]}}],"collection":[{"href":"https:\/\/papajuliett.com\/sl\/wp-json\/wp\/v2\/product"}],"about":[{"href":"https:\/\/papajuliett.com\/sl\/wp-json\/wp\/v2\/types\/product"}],"wp:featuredmedia":[{"embeddable":true,"href":"https:\/\/papajuliett.com\/sl\/wp-json\/wp\/v2\/media\/4921"}],"wp:attachment":[{"href":"https:\/\/papajuliett.com\/sl\/wp-json\/wp\/v2\/media?parent=5143"}],"wp:term":[{"taxonomy":"product_brand","embeddable":true,"href":"https:\/\/papajuliett.com\/sl\/wp-json\/wp\/v2\/product_brand?post=5143"},{"taxonomy":"product_cat","embeddable":true,"href":"https:\/\/papajuliett.com\/sl\/wp-json\/wp\/v2\/product_cat?post=5143"},{"taxonomy":"product_tag","embeddable":true,"href":"https:\/\/papajuliett.com\/sl\/wp-json\/wp\/v2\/product_tag?post=5143"}],"curies":[{"name":"wp","href":"https:\/\/api.w.org\/{rel}","templated":true}]}}