{"id":5141,"date":"2022-06-07T05:29:36","date_gmt":"2022-06-07T04:29:36","guid":{"rendered":"https:\/\/papajuliett.com\/product\/vintage-letalo-krilo-oddelek-police\/"},"modified":"2022-12-31T14:20:12","modified_gmt":"2022-12-31T13:20:12","slug":"modri-vintage-bar-iz-krila","status":"publish","type":"product","link":"https:\/\/papajuliett.com\/sl\/izdelek\/modri-vintage-bar-iz-krila\/","title":{"rendered":"Modri vintage bar iz krila"},"content":{"rendered":"","protected":false},"excerpt":{"rendered":"<p><span>Staro krilo ( 1950-1960) \u00a0je bilo najdeno na podstre\u0161ju nem\u0161kega letalskega navdu\u0161enca. S skrbnim postopkom stabilizacije, poliranjem in prozornim premazom smo mu dali nov vintage sijaj. Krivino krila smo preobrazili v poli\u010dke in jih prekrili z visokokakovostnim modrim steklom. PRODANQ.<\/span><\/p>\n<p>&nbsp;<\/p>\n","protected":false},"featured_media":5545,"template":"","meta":{"om_disable_all_campaigns":false,"_monsterinsights_skip_tracking":false,"_monsterinsights_sitenote_active":false,"_monsterinsights_sitenote_note":"","_monsterinsights_sitenote_category":0,"iawp_total_views":55},"product_brand":[],"product_cat":[492],"product_tag":[],"class_list":{"0":"post-5141","1":"product","2":"type-product","3":"status-publish","4":"has-post-thumbnail","6":"product_cat-polica","8":"first","9":"instock","10":"taxable","11":"shipping-taxable","12":"product-type-simple"},"aioseo_notices":[],"_links":{"self":[{"href":"https:\/\/papajuliett.com\/sl\/wp-json\/wp\/v2\/product\/5141","targetHints":{"allow":["GET"]}}],"collection":[{"href":"https:\/\/papajuliett.com\/sl\/wp-json\/wp\/v2\/product"}],"about":[{"href":"https:\/\/papajuliett.com\/sl\/wp-json\/wp\/v2\/types\/product"}],"wp:featuredmedia":[{"embeddable":true,"href":"https:\/\/papajuliett.com\/sl\/wp-json\/wp\/v2\/media\/5545"}],"wp:attachment":[{"href":"https:\/\/papajuliett.com\/sl\/wp-json\/wp\/v2\/media?parent=5141"}],"wp:term":[{"taxonomy":"product_brand","embeddable":true,"href":"https:\/\/papajuliett.com\/sl\/wp-json\/wp\/v2\/product_brand?post=5141"},{"taxonomy":"product_cat","embeddable":true,"href":"https:\/\/papajuliett.com\/sl\/wp-json\/wp\/v2\/product_cat?post=5141"},{"taxonomy":"product_tag","embeddable":true,"href":"https:\/\/papajuliett.com\/sl\/wp-json\/wp\/v2\/product_tag?post=5141"}],"curies":[{"name":"wp","href":"https:\/\/api.w.org\/{rel}","templated":true}]}}