{"id":7932,"date":"2023-08-09T22:19:14","date_gmt":"2023-08-09T21:19:14","guid":{"rendered":"https:\/\/papajuliett.com\/zakaj-izbrati-letalsko-pohistvo\/"},"modified":"2024-11-19T15:20:18","modified_gmt":"2024-11-19T14:20:18","slug":"zakaj-izbrati-letalsko-pohistvo","status":"publish","type":"page","link":"https:\/\/papajuliett.com\/sl\/zakaj-izbrati-letalsko-pohistvo\/","title":{"rendered":"ZAKAJ IZBRATI LETALSKO POHI\u0160TVO?"},"content":{"rendered":"\n<div class=\"wp-block-group alignwide has-white-color has-body-color-background-color has-text-color has-background is-horizontal is-content-justification-center is-layout-flex wp-container-core-group-is-layout-292af4a5 wp-block-group-is-layout-flex\" style=\"padding-top:30px;padding-right:30px;padding-bottom:30px;padding-left:30px\">\n<div class=\"wp-block-columns is-layout-flex wp-container-core-columns-is-layout-4236b724 wp-block-columns-is-layout-flex\" style=\"margin-bottom:30px\">\n<div class=\"wp-block-column is-layout-flow wp-block-column-is-layout-flow\">\n<figure class=\"wp-block-image size-large is-resized\"><img decoding=\"async\" width=\"1024\" height=\"850\" src=\"https:\/\/papajuliett.com\/wp-content\/uploads\/2022\/06\/cropped-LOGO-OKROGEL_OWN-1024x850.png\" alt=\"\" class=\"wp-image-7359\" style=\"width:112px;height:93px\" srcset=\"https:\/\/papajuliett.com\/wp-content\/uploads\/2022\/06\/cropped-LOGO-OKROGEL_OWN-1024x850.png 1024w, https:\/\/papajuliett.com\/wp-content\/uploads\/2022\/06\/cropped-LOGO-OKROGEL_OWN-300x249.png 300w, https:\/\/papajuliett.com\/wp-content\/uploads\/2022\/06\/cropped-LOGO-OKROGEL_OWN-768x637.png 768w, https:\/\/papajuliett.com\/wp-content\/uploads\/2022\/06\/cropped-LOGO-OKROGEL_OWN-1536x1275.png 1536w, https:\/\/papajuliett.com\/wp-content\/uploads\/2022\/06\/cropped-LOGO-OKROGEL_OWN-600x498.png 600w, https:\/\/papajuliett.com\/wp-content\/uploads\/2022\/06\/cropped-LOGO-OKROGEL_OWN.png 1599w\" sizes=\"(max-width: 1024px) 100vw, 1024px\" \/><\/figure>\n<\/div>\n<\/div>\n\n\n\n<div class=\"wp-block-columns are-vertically-aligned-top is-layout-flex wp-container-core-columns-is-layout-9cf8123d wp-block-columns-is-layout-flex\">\n<div class=\"wp-block-column is-vertically-aligned-top is-layout-flow wp-block-column-is-layout-flow\" style=\"border-top-color:#d8d8d8;border-top-style:solid;border-top-width:5px;border-right-color:#d8d8d8;border-right-style:solid;border-right-width:5px;border-bottom-color:#d8d8d8;border-bottom-style:solid;border-bottom-width:5px;border-left-color:#d8d8d8;border-left-style:solid;border-left-width:5px;padding-top:2rem;padding-right:2rem;padding-bottom:2rem;padding-left:2rem\">\n<figure class=\"wp-block-embed is-type-video is-provider-youtube wp-block-embed-youtube wp-embed-aspect-16-9 wp-has-aspect-ratio\"><div class=\"wp-block-embed__wrapper\">\n<iframe title=\"Amazing Aviation Decor! Own a piece of an aircraft.\" width=\"750\" height=\"422\" src=\"https:\/\/www.youtube.com\/embed\/Ilf3ZkWtpOM?feature=oembed\" frameborder=\"0\" allow=\"accelerometer; autoplay; clipboard-write; encrypted-media; gyroscope; picture-in-picture; web-share\" allowfullscreen><\/iframe>\n<\/div><\/figure>\n<\/div>\n\n\n\n<div class=\"wp-block-column is-vertically-aligned-top is-layout-flow wp-block-column-is-layout-flow\">\n<h5 class=\"wp-block-heading has-text-align-left has-accent-color has-text-color\" style=\"margin-top:0;margin-right:0;margin-bottom:0;margin-left:0;text-transform:none\">Papa Juliett Aviation Art<\/h5>\n\n\n\n<p><\/p>\n\n\n\n<h2 class=\"wp-block-heading has-text-align-left\" style=\"margin-top:0;margin-right:0;margin-bottom:0;margin-left:0;font-size:24px;text-transform:none\"><strong>10 RAZLOGOV<\/strong> <strong>ZAKAJ IZBRATI NA\u0160E LETALSKO POHI\u0160TVO<\/strong> IN DEKOR<\/h2>\n\n\n\n<p><\/p>\n\n\n\n<p style=\"font-size:16px;font-style:normal;font-weight:500;letter-spacing:1px\">\ud83d\udd3aBREZ\u010cASEN STIL<\/p>\n\n\n\n<p style=\"font-size:16px\">Letalski dekor ne gre nikoli iz mode, zato je odli\u010dna nalo\u017eba v prihodnost.<\/p>\n\n\n\n<p style=\"font-size:16px;font-style:normal;font-weight:500;letter-spacing:1px\">\ud83d\udd3aFUNKCIONALEN DIZAJN<\/p>\n\n\n\n<p style=\"font-size:16px\">Zasnovan z mislijo na funkcionalnost je idealen za uporabo tako doma kot v pisarni.<\/p>\n\n\n\n<p style=\"font-size:16px;font-style:normal;font-weight:500;letter-spacing:1px\">\ud83d\udd3aIZREDNA VZDR\u017dLJIVOST<\/p>\n\n\n\n<p style=\"font-size:16px\">Letalski deli so zasnovani tako, da lahko prenesejo izredne pritiske, kar pomeni, da je letalski dekor v osnovi kakovosten in dolgotrajen.<\/p>\n\n\n\n<p style=\"font-size:16px;font-style:normal;font-weight:500;letter-spacing:1px\">\ud83d\udd3aAVTENTI\u010cNI LETALSKI DELI<\/p>\n\n\n\n<p style=\"font-size:16px\">Najdemo najbolj zanimive dele letal in jim podarimo drugo \u017eivljenje.<\/p>\n\n\n\n<p style=\"font-size:16px;font-style:normal;font-weight:500;letter-spacing:1px\">\ud83d\udd3aUNIKATEN DIZAJN<\/p>\n\n\n\n<p style=\"font-size:16px\">Vsak kos, ki ga ustvarimo, je unikaten. Veseli nas, ko lahko izpolnimo vizijo na\u0161ih strank.<\/p>\n\n\n\n<p style=\"font-size:16px;font-style:normal;font-weight:500;letter-spacing:1px\">\ud83d\udd3aTRAJNOSTNI LUKSUZ<\/p>\n\n\n\n<p style=\"font-size:16px\">S ponovno uporabo letalskih kosov pomagamo k zmanj\u0161evanju odpadkov in tako koristimo okolju.<\/p>\n\n\n\n<p style=\"font-size:16px;font-style:normal;font-weight:500;letter-spacing:1px\">\ud83d\udd3aFASCINANTNA LETALSKA ZGODOVINA<\/p>\n\n\n\n<p style=\"font-size:16px\">Letalski dekor ima fascinantno zgodovino, ki doda ob\u010dutek skrivnostnosti in vznemirjenja v vsak prostor.<\/p>\n\n\n\n<p style=\"font-size:16px;font-style:normal;font-weight:500;letter-spacing:1px\">\ud83d\udd3aEDINSTVENA TEMA ZA POGOVOR<\/p>\n\n\n\n<p style=\"font-size:16px\">Vsak kos letalskega dekorja ima svojo unikatno zgodbo in je lahko odli\u010dna tema pogovorov va\u0161ih gostov.<\/p>\n\n\n\n<p style=\"font-size:16px;font-style:normal;font-weight:500;letter-spacing:1px\">\ud83d\udd3aMO\u010c NAVDIHA<\/p>\n\n\n\n<p style=\"font-size:16px\">Letalski dekor s svojo zgodbo spodbuja ob\u010dutek avanture, kreativnosti ter inovativnosti in je odli\u010dena izbira za tiste, ki radi potujejo ali delajo v ustvarjalnih poklicih.<\/p>\n\n\n\n<p style=\"font-size:16px;font-style:normal;font-weight:500;letter-spacing:1px\">\ud83d\udd3aPOPOLNOMA DRUGA\u010cEN DEKOR<\/p>\n\n\n\n<p style=\"font-size:16px\">Edini tip dekorja, ki je na tiso\u010de ur pre\u017eivel v zraku in preletel svet, preden je pristal pri vas. Z njim se lahko pove\u017eemo z zgodovino in romantiko letenja na na\u010din, ki ga ne omogo\u010da noben drug kos pohi\u0161tva.<\/p>\n\n\n\n<p><\/p>\n\n\n\n<div class=\"wp-block-buttons has-custom-font-size has-small-font-size is-vertical is-content-justification-center is-layout-flex wp-container-core-buttons-is-layout-734eb2c2 wp-block-buttons-is-layout-flex\">\n<div class=\"wp-block-button\"><a class=\"wp-block-button__link has-accent-background-color has-background has-text-align-left wp-element-button\" href=\"https:\/\/papajuliett.com\/store\/\" target=\"_blank\" rel=\"noreferrer noopener\">AVIATION FURNITURE ART STORE<\/a><\/div>\n<\/div>\n<\/div>\n<\/div>\n<\/div>\n","protected":false},"excerpt":{"rendered":"<p>Papa Juliett Aviation Art 10 RAZLOGOV ZAKAJ IZBRATI NA\u0160E LETALSKO POHI\u0160TVO IN DEKOR \ud83d\udd3aBREZ\u010cASEN STIL Letalski dekor ne gre nikoli iz mode, zato je odli\u010dna nalo\u017eba v prihodnost. \ud83d\udd3aFUNKCIONALEN DIZAJN Zasnovan z mislijo na funkcionalnost je idealen za uporabo tako doma kot v pisarni. \ud83d\udd3aIZREDNA VZDR\u017dLJIVOST Letalski deli so zasnovani [&hellip;]<\/p>\n","protected":false},"author":6,"featured_media":4995,"parent":0,"menu_order":0,"comment_status":"closed","ping_status":"closed","template":"","meta":{"om_disable_all_campaigns":false,"_monsterinsights_skip_tracking":false,"_monsterinsights_sitenote_active":false,"_monsterinsights_sitenote_note":"","_monsterinsights_sitenote_category":0,"iawp_total_views":62,"footnotes":""},"class_list":["post-7932","page","type-page","status-publish","has-post-thumbnail","hentry"],"aioseo_notices":[],"_links":{"self":[{"href":"https:\/\/papajuliett.com\/sl\/wp-json\/wp\/v2\/pages\/7932","targetHints":{"allow":["GET"]}}],"collection":[{"href":"https:\/\/papajuliett.com\/sl\/wp-json\/wp\/v2\/pages"}],"about":[{"href":"https:\/\/papajuliett.com\/sl\/wp-json\/wp\/v2\/types\/page"}],"author":[{"embeddable":true,"href":"https:\/\/papajuliett.com\/sl\/wp-json\/wp\/v2\/users\/6"}],"replies":[{"embeddable":true,"href":"https:\/\/papajuliett.com\/sl\/wp-json\/wp\/v2\/comments?post=7932"}],"version-history":[{"count":4,"href":"https:\/\/papajuliett.com\/sl\/wp-json\/wp\/v2\/pages\/7932\/revisions"}],"predecessor-version":[{"id":8599,"href":"https:\/\/papajuliett.com\/sl\/wp-json\/wp\/v2\/pages\/7932\/revisions\/8599"}],"wp:featuredmedia":[{"embeddable":true,"href":"https:\/\/papajuliett.com\/sl\/wp-json\/wp\/v2\/media\/4995"}],"wp:attachment":[{"href":"https:\/\/papajuliett.com\/sl\/wp-json\/wp\/v2\/media?parent=7932"}],"curies":[{"name":"wp","href":"https:\/\/api.w.org\/{rel}","templated":true}]}}