{"id":7928,"date":"2023-08-09T22:38:05","date_gmt":"2023-08-09T21:38:05","guid":{"rendered":"https:\/\/papajuliett.com\/obiscite-nas\/"},"modified":"2024-11-19T15:54:37","modified_gmt":"2024-11-19T14:54:37","slug":"obiscite-nas","status":"publish","type":"page","link":"https:\/\/papajuliett.com\/sl\/obiscite-nas\/","title":{"rendered":"OBI\u0160\u010cITE NAS"},"content":{"rendered":"\n<div class=\"wp-block-group alignfull has-white-color has-body-color-background-color has-text-color has-background\" style=\"padding-top:130px;padding-right:0px;padding-bottom:0px;padding-left:0px\"><div class=\"wp-block-group__inner-container is-layout-constrained wp-container-core-group-is-layout-309d22b9 wp-block-group-is-layout-constrained\">\n<div class=\"wp-block-columns is-layout-flex wp-container-core-columns-is-layout-ccedf9e1 wp-block-columns-is-layout-flex\" style=\"margin-top:0px;margin-bottom:0px\">\n<div class=\"wp-block-column is-layout-flow wp-block-column-is-layout-flow\">\n<div class=\"wp-block-group has-body-color-background-color has-background\" style=\"margin-top:0px;margin-bottom:0px;padding-top:16px;padding-right:0px;padding-bottom:0px;padding-left:16px\"><div class=\"wp-block-group__inner-container is-layout-flow wp-block-group-is-layout-flow\">\n<div class=\"wp-block-group has-body-color-background-color has-background\" style=\"padding-top:30px;padding-right:10%;padding-bottom:30px;padding-left:10%\"><div class=\"wp-block-group__inner-container is-layout-flow wp-block-group-is-layout-flow\">\n<h2 class=\"wp-block-heading\" style=\"font-style:normal;font-weight:700;text-transform:uppercase\">OBI\u0160\u010cITE NAS<\/h2>\n\n\n\n<p style=\"font-size:16px;font-style:normal;font-weight:500;letter-spacing:1px\">Obi\u0161\u010dite nas v na\u0161em studiu. Na\u0161e izdelke je treba do\u017eiveti. Tako dobite tisti pravi ob\u010dutek, kaj vam na\u0161a letalska umetnost da. Vedno je najbolj\u0161e, da se \u010dlovek prepri\u010da sam.<\/p>\n\n\n\n<p style=\"font-size:16px;font-style:normal;font-weight:500;letter-spacing:1px\">\u010ce se poigravate z \u017eeljo  da se nagradite in postanete ponosni lastnik\/lastnica letalske umetnosti vas vabimo, da si na\u0161e izdelke ogledate v \u017eivo. <\/p>\n\n\n\n<p style=\"font-size:16px;font-style:normal;font-weight:500;letter-spacing:1px\">Pokli\u010dite nas ali nam pi\u0161ite in dogovorili se bomo za ogled.<\/p>\n<\/div><\/div>\n\n\n\n<p><\/p>\n<\/div><\/div>\n<\/div>\n\n\n\n<div class=\"wp-block-column is-layout-flow wp-block-column-is-layout-flow\">\n<figure class=\"wp-block-image size-large\"><img decoding=\"async\" width=\"1024\" height=\"768\" src=\"https:\/\/papajuliett.com\/wp-content\/uploads\/2024\/10\/IMG_7739-1024x768.jpg\" alt=\"obi\u0161\u010dite nas\" class=\"wp-image-8946\" srcset=\"https:\/\/papajuliett.com\/wp-content\/uploads\/2024\/10\/IMG_7739-1024x768.jpg 1024w, https:\/\/papajuliett.com\/wp-content\/uploads\/2024\/10\/IMG_7739-300x225.jpg 300w, https:\/\/papajuliett.com\/wp-content\/uploads\/2024\/10\/IMG_7739-768x576.jpg 768w, https:\/\/papajuliett.com\/wp-content\/uploads\/2024\/10\/IMG_7739-1536x1152.jpg 1536w, https:\/\/papajuliett.com\/wp-content\/uploads\/2024\/10\/IMG_7739-600x450.jpg 600w, https:\/\/papajuliett.com\/wp-content\/uploads\/2024\/10\/IMG_7739.jpg 2048w\" sizes=\"(max-width: 1024px) 100vw, 1024px\" \/><figcaption class=\"wp-element-caption\">Razstava &#8220;Pilotova dnevna soba&#8221; v Tehnopark Celje<\/figcaption><\/figure>\n<\/div>\n<\/div>\n\n\n\n<div class=\"wp-block-columns is-layout-flex wp-container-core-columns-is-layout-ccedf9e1 wp-block-columns-is-layout-flex\" style=\"margin-top:0px;margin-bottom:0px\">\n<div class=\"wp-block-column is-layout-flow wp-block-column-is-layout-flow\"><div class=\"wp-block-image\">\n<figure class=\"aligncenter size-full is-resized\"><a href=\"https:\/\/papajuliett.com\/store\/\"><img decoding=\"async\" width=\"874\" height=\"227\" src=\"https:\/\/papajuliett.com\/wp-content\/uploads\/2022\/07\/WEBSHOP.png\" alt=\"Trgovina\" class=\"wp-image-3902\" style=\"width:219px;height:57px\" srcset=\"https:\/\/papajuliett.com\/wp-content\/uploads\/2022\/07\/WEBSHOP.png 874w, https:\/\/papajuliett.com\/wp-content\/uploads\/2022\/07\/WEBSHOP-600x156.png 600w, https:\/\/papajuliett.com\/wp-content\/uploads\/2022\/07\/WEBSHOP-300x78.png 300w, https:\/\/papajuliett.com\/wp-content\/uploads\/2022\/07\/WEBSHOP-768x199.png 768w, https:\/\/papajuliett.com\/wp-content\/uploads\/2022\/07\/WEBSHOP-18x5.png 18w\" sizes=\"(max-width: 874px) 100vw, 874px\" \/><\/a><\/figure>\n<\/div><\/div>\n\n\n\n<div class=\"wp-block-column is-layout-flow wp-block-column-is-layout-flow\"><\/div>\n<\/div>\n\n\n\n<div style=\"height:100px\" aria-hidden=\"true\" class=\"wp-block-spacer\"><\/div>\n<\/div><\/div>\n","protected":false},"excerpt":{"rendered":"<p>OBI\u0160\u010cITE NAS Obi\u0161\u010dite nas v na\u0161em studiu. Na\u0161e izdelke je treba do\u017eiveti. Tako dobite tisti pravi ob\u010dutek, kaj vam na\u0161a letalska umetnost da. Vedno je najbolj\u0161e, da se \u010dlovek prepri\u010da sam. \u010ce se poigravate z \u017eeljo da se nagradite in postanete ponosni lastnik\/lastnica letalske umetnosti vas vabimo, da si na\u0161e [&hellip;]<\/p>\n","protected":false},"author":6,"featured_media":4995,"parent":0,"menu_order":0,"comment_status":"closed","ping_status":"closed","template":"","meta":{"om_disable_all_campaigns":false,"_monsterinsights_skip_tracking":false,"_monsterinsights_sitenote_active":false,"_monsterinsights_sitenote_note":"","_monsterinsights_sitenote_category":0,"iawp_total_views":68,"footnotes":""},"class_list":["post-7928","page","type-page","status-publish","has-post-thumbnail","hentry"],"aioseo_notices":[],"_links":{"self":[{"href":"https:\/\/papajuliett.com\/sl\/wp-json\/wp\/v2\/pages\/7928","targetHints":{"allow":["GET"]}}],"collection":[{"href":"https:\/\/papajuliett.com\/sl\/wp-json\/wp\/v2\/pages"}],"about":[{"href":"https:\/\/papajuliett.com\/sl\/wp-json\/wp\/v2\/types\/page"}],"author":[{"embeddable":true,"href":"https:\/\/papajuliett.com\/sl\/wp-json\/wp\/v2\/users\/6"}],"replies":[{"embeddable":true,"href":"https:\/\/papajuliett.com\/sl\/wp-json\/wp\/v2\/comments?post=7928"}],"version-history":[{"count":9,"href":"https:\/\/papajuliett.com\/sl\/wp-json\/wp\/v2\/pages\/7928\/revisions"}],"predecessor-version":[{"id":9043,"href":"https:\/\/papajuliett.com\/sl\/wp-json\/wp\/v2\/pages\/7928\/revisions\/9043"}],"wp:featuredmedia":[{"embeddable":true,"href":"https:\/\/papajuliett.com\/sl\/wp-json\/wp\/v2\/media\/4995"}],"wp:attachment":[{"href":"https:\/\/papajuliett.com\/sl\/wp-json\/wp\/v2\/media?parent=7928"}],"curies":[{"name":"wp","href":"https:\/\/api.w.org\/{rel}","templated":true}]}}