{"id":7916,"date":"2023-08-05T22:50:36","date_gmt":"2023-08-05T21:50:36","guid":{"rendered":"https:\/\/papajuliett.com\/letalska-polica\/"},"modified":"2024-11-19T15:48:42","modified_gmt":"2024-11-19T14:48:42","slug":"letalska-polica","status":"publish","type":"page","link":"https:\/\/papajuliett.com\/sl\/letalska-polica\/","title":{"rendered":"LETALSKA POLICA"},"content":{"rendered":"\n<div class=\"wp-block-group alignfull has-white-color has-body-color-background-color has-text-color has-background\" style=\"padding-top:130px;padding-right:0px;padding-bottom:0px;padding-left:0px\"><div class=\"wp-block-group__inner-container is-layout-constrained wp-container-core-group-is-layout-309d22b9 wp-block-group-is-layout-constrained\">\n<div class=\"wp-block-columns is-layout-flex wp-container-core-columns-is-layout-ccedf9e1 wp-block-columns-is-layout-flex\" style=\"margin-top:0px;margin-bottom:0px\">\n<div class=\"wp-block-column is-layout-flow wp-block-column-is-layout-flow\">\n<div class=\"wp-block-group has-body-color-background-color has-background\" style=\"margin-top:0px;margin-bottom:0px;padding-top:16px;padding-right:0px;padding-bottom:0px;padding-left:16px\"><div class=\"wp-block-group__inner-container is-layout-flow wp-block-group-is-layout-flow\">\n<div class=\"wp-block-group has-body-color-background-color has-background\" style=\"padding-top:30px;padding-right:10%;padding-bottom:30px;padding-left:10%\"><div class=\"wp-block-group__inner-container is-layout-flow wp-block-group-is-layout-flow\">\n<h2 class=\"wp-block-heading\" style=\"font-style:normal;font-weight:700;text-transform:uppercase\">LETALSKA POLICA<\/h2>\n\n\n\n<p style=\"font-size:16px;font-style:normal;font-weight:500;letter-spacing:1px\">Letalska polica, mesto za va\u0161e spomine! Svoje spomine in dose\u017eke lahko shranite na letalski polici, ki \u010dasti va\u0161o preteklost in ima prostor za va\u0161e prihodnje dogodiv\u0161\u010dine.<\/p>\n<\/div><\/div>\n<\/div><\/div>\n\n\n\n<p><\/p>\n\n\n\n<p><\/p>\n\n\n\n<p><\/p>\n\n\n\n<p><\/p>\n<\/div>\n\n\n\n<div class=\"wp-block-column is-layout-flow wp-block-column-is-layout-flow\">\n<figure class=\"wp-block-image size-large is-resized\"><img decoding=\"async\" width=\"819\" height=\"1024\" src=\"https:\/\/papajuliett.com\/wp-content\/uploads\/2023\/08\/Bar-iz-krila-prodan-v-Tecnam-819x1024.jpeg\" alt=\"letalska polica\" class=\"wp-image-7565\" style=\"width:402px;height:502px\" srcset=\"https:\/\/papajuliett.com\/wp-content\/uploads\/2023\/08\/Bar-iz-krila-prodan-v-Tecnam-819x1024.jpeg 819w, https:\/\/papajuliett.com\/wp-content\/uploads\/2023\/08\/Bar-iz-krila-prodan-v-Tecnam-240x300.jpeg 240w, https:\/\/papajuliett.com\/wp-content\/uploads\/2023\/08\/Bar-iz-krila-prodan-v-Tecnam-768x960.jpeg 768w, https:\/\/papajuliett.com\/wp-content\/uploads\/2023\/08\/Bar-iz-krila-prodan-v-Tecnam-600x750.jpeg 600w, https:\/\/papajuliett.com\/wp-content\/uploads\/2023\/08\/Bar-iz-krila-prodan-v-Tecnam.jpeg 960w\" sizes=\"(max-width: 819px) 100vw, 819px\" \/><figcaption class=\"wp-element-caption\"><sub><a href=\"https:\/\/papajuliett.com\/sl\/izdelek\/modri-vintage-bar-iz-krila\/\" target=\"_blank\" rel=\"noopener\" title=\"\">Blue Wing Bar, darilo za podjetje Tecnam Aircraft<\/a><\/sub><\/figcaption><\/figure>\n\n\n\n<p><\/p>\n\n\n\n<p style=\"font-size:16px\">Izberite mo\u017enost shranjevanj :<\/p>\n\n\n\n<p style=\"font-size:16px\">\u2192 atlas \u0161katle, trupa letala, okna letala, krila&#8230;<br>\u2192 barvo police<br>\u2192 velikost, vi\u0161ino<br>\u2192 Lu\u010di LED<\/p>\n\n\n\n<p style=\"font-size:16px\">Za dodatne mo\u017enosti <a href=\"mailto:order@papajuliett.com\" target=\"_blank\" rel=\"noopener\" title=\"\">se obrnite na nas<\/a>. <\/p>\n\n\n\n<p style=\"font-size:16px\">Lahko je no\u010dna omarica, stenska polica, omarica za shranjevanje, bar za pija\u010do, in drugo. <\/p>\n<\/div>\n<\/div>\n\n\n\n<div class=\"wp-block-columns is-layout-flex wp-container-core-columns-is-layout-ccedf9e1 wp-block-columns-is-layout-flex\" style=\"margin-top:0px;margin-bottom:0px\">\n<div class=\"wp-block-column is-layout-flow wp-block-column-is-layout-flow\"><div class=\"wp-block-image\">\n<figure class=\"aligncenter size-full is-resized\"><img decoding=\"async\" width=\"874\" height=\"227\" src=\"https:\/\/papajuliett.com\/wp-content\/uploads\/2022\/07\/WEBSHOP.png\" alt=\"Trgovina\" class=\"wp-image-3902\" style=\"width:219px;height:57px\" srcset=\"https:\/\/papajuliett.com\/wp-content\/uploads\/2022\/07\/WEBSHOP.png 874w, https:\/\/papajuliett.com\/wp-content\/uploads\/2022\/07\/WEBSHOP-600x156.png 600w, https:\/\/papajuliett.com\/wp-content\/uploads\/2022\/07\/WEBSHOP-300x78.png 300w, https:\/\/papajuliett.com\/wp-content\/uploads\/2022\/07\/WEBSHOP-768x199.png 768w, https:\/\/papajuliett.com\/wp-content\/uploads\/2022\/07\/WEBSHOP-18x5.png 18w\" sizes=\"(max-width: 874px) 100vw, 874px\" \/><\/figure>\n<\/div><\/div>\n\n\n\n<div class=\"wp-block-column is-layout-flow wp-block-column-is-layout-flow\" style=\"padding-top:0px;padding-right:20px;padding-bottom:0px;padding-left:20px\">\n<p style=\"font-size:16px\"><\/p>\n<\/div>\n<\/div>\n\n\n\n<div style=\"height:100px\" aria-hidden=\"true\" class=\"wp-block-spacer\"><\/div>\n\n\n\n<figure class=\"wp-block-gallery alignfull has-nested-images columns-default is-cropped wp-block-gallery-1 is-layout-flex wp-block-gallery-is-layout-flex\">\n<figure class=\"wp-block-image size-large\"><img decoding=\"async\" width=\"576\" height=\"1024\" data-id=\"7569\" src=\"https:\/\/papajuliett.com\/wp-content\/uploads\/2023\/08\/IMG_8389-1-576x1024.jpg\" alt=\"\" class=\"wp-image-7569\" srcset=\"https:\/\/papajuliett.com\/wp-content\/uploads\/2023\/08\/IMG_8389-1-576x1024.jpg 576w, https:\/\/papajuliett.com\/wp-content\/uploads\/2023\/08\/IMG_8389-1-169x300.jpg 169w, https:\/\/papajuliett.com\/wp-content\/uploads\/2023\/08\/IMG_8389-1-768x1365.jpg 768w, https:\/\/papajuliett.com\/wp-content\/uploads\/2023\/08\/IMG_8389-1-864x1536.jpg 864w, https:\/\/papajuliett.com\/wp-content\/uploads\/2023\/08\/IMG_8389-1-600x1067.jpg 600w, https:\/\/papajuliett.com\/wp-content\/uploads\/2023\/08\/IMG_8389-1.jpg 900w\" sizes=\"(max-width: 576px) 100vw, 576px\" \/><figcaption class=\"wp-element-caption\">Adria Airways Atlas Box<\/figcaption><\/figure>\n\n\n\n<figure class=\"wp-block-image size-large\"><img decoding=\"async\" width=\"1024\" height=\"951\" data-id=\"8172\" src=\"https:\/\/papajuliett.com\/wp-content\/uploads\/2023\/11\/IMG_7302-1024x951.jpeg\" alt=\"\" class=\"wp-image-8172\" srcset=\"https:\/\/papajuliett.com\/wp-content\/uploads\/2023\/11\/IMG_7302-1024x951.jpeg 1024w, https:\/\/papajuliett.com\/wp-content\/uploads\/2023\/11\/IMG_7302-300x278.jpeg 300w, https:\/\/papajuliett.com\/wp-content\/uploads\/2023\/11\/IMG_7302-768x713.jpeg 768w, https:\/\/papajuliett.com\/wp-content\/uploads\/2023\/11\/IMG_7302-1536x1426.jpeg 1536w, https:\/\/papajuliett.com\/wp-content\/uploads\/2023\/11\/IMG_7302-600x557.jpeg 600w, https:\/\/papajuliett.com\/wp-content\/uploads\/2023\/11\/IMG_7302.jpeg 2048w\" sizes=\"(max-width: 1024px) 100vw, 1024px\" \/><figcaption class=\"wp-element-caption\">Boeing 757 Wall Bar<\/figcaption><\/figure>\n\n\n\n<figure class=\"wp-block-image size-large\"><img decoding=\"async\" width=\"1024\" height=\"768\" data-id=\"7571\" src=\"https:\/\/papajuliett.com\/wp-content\/uploads\/2023\/08\/135834491_1915375855283086_7555232552676908042_n-3-1024x768.jpg\" alt=\"\" class=\"wp-image-7571\" srcset=\"https:\/\/papajuliett.com\/wp-content\/uploads\/2023\/08\/135834491_1915375855283086_7555232552676908042_n-3-1024x768.jpg 1024w, https:\/\/papajuliett.com\/wp-content\/uploads\/2023\/08\/135834491_1915375855283086_7555232552676908042_n-3-300x225.jpg 300w, https:\/\/papajuliett.com\/wp-content\/uploads\/2023\/08\/135834491_1915375855283086_7555232552676908042_n-3-768x576.jpg 768w, https:\/\/papajuliett.com\/wp-content\/uploads\/2023\/08\/135834491_1915375855283086_7555232552676908042_n-3-600x450.jpg 600w, https:\/\/papajuliett.com\/wp-content\/uploads\/2023\/08\/135834491_1915375855283086_7555232552676908042_n-3.jpg 1242w\" sizes=\"(max-width: 1024px) 100vw, 1024px\" \/><\/figure>\n\n\n\n<figure class=\"wp-block-image size-full\"><img decoding=\"async\" width=\"500\" height=\"400\" data-id=\"4037\" src=\"https:\/\/papajuliett.com\/wp-content\/uploads\/2021\/12\/IMG_4006.jpg\" alt=\"Odli\u010dne ideje za shranjevanje, letalsko pohi\u0161tvo\" class=\"wp-image-4037\" srcset=\"https:\/\/papajuliett.com\/wp-content\/uploads\/2021\/12\/IMG_4006.jpg 500w, https:\/\/papajuliett.com\/wp-content\/uploads\/2021\/12\/IMG_4006-300x240.jpg 300w, https:\/\/papajuliett.com\/wp-content\/uploads\/2021\/12\/IMG_4006-15x12.jpg 15w\" sizes=\"(max-width: 500px) 100vw, 500px\" \/><figcaption class=\"wp-element-caption\">Pan American Atlas Box<\/figcaption><\/figure>\n\n\n\n<figure class=\"wp-block-image size-large\"><img decoding=\"async\" width=\"1024\" height=\"768\" data-id=\"8182\" src=\"https:\/\/papajuliett.com\/wp-content\/uploads\/2023\/11\/IMG_7259-1024x768.jpeg\" alt=\"\" class=\"wp-image-8182\" srcset=\"https:\/\/papajuliett.com\/wp-content\/uploads\/2023\/11\/IMG_7259-1024x768.jpeg 1024w, https:\/\/papajuliett.com\/wp-content\/uploads\/2023\/11\/IMG_7259-300x225.jpeg 300w, https:\/\/papajuliett.com\/wp-content\/uploads\/2023\/11\/IMG_7259-768x576.jpeg 768w, https:\/\/papajuliett.com\/wp-content\/uploads\/2023\/11\/IMG_7259-1536x1152.jpeg 1536w, https:\/\/papajuliett.com\/wp-content\/uploads\/2023\/11\/IMG_7259-2048x1536.jpeg 2048w, https:\/\/papajuliett.com\/wp-content\/uploads\/2023\/11\/IMG_7259-600x450.jpeg 600w\" sizes=\"(max-width: 1024px) 100vw, 1024px\" \/><figcaption class=\"wp-element-caption\">Boeing 757 Wall Bar<\/figcaption><\/figure>\n<\/figure>\n<\/div><\/div>\n","protected":false},"excerpt":{"rendered":"<p>LETALSKA POLICA Letalska polica, mesto za va\u0161e spomine! Svoje spomine in dose\u017eke lahko shranite na letalski polici, ki \u010dasti va\u0161o preteklost in ima prostor za va\u0161e prihodnje dogodiv\u0161\u010dine. Izberite mo\u017enost shranjevanj : \u2192 atlas \u0161katle, trupa letala, okna letala, krila&#8230;\u2192 barvo police\u2192 velikost, vi\u0161ino\u2192 Lu\u010di LED Za dodatne mo\u017enosti se [&hellip;]<\/p>\n","protected":false},"author":6,"featured_media":4995,"parent":0,"menu_order":0,"comment_status":"closed","ping_status":"closed","template":"","meta":{"om_disable_all_campaigns":false,"_monsterinsights_skip_tracking":false,"_monsterinsights_sitenote_active":false,"_monsterinsights_sitenote_note":"","_monsterinsights_sitenote_category":0,"iawp_total_views":49,"footnotes":""},"class_list":["post-7916","page","type-page","status-publish","has-post-thumbnail","hentry"],"aioseo_notices":[],"_links":{"self":[{"href":"https:\/\/papajuliett.com\/sl\/wp-json\/wp\/v2\/pages\/7916","targetHints":{"allow":["GET"]}}],"collection":[{"href":"https:\/\/papajuliett.com\/sl\/wp-json\/wp\/v2\/pages"}],"about":[{"href":"https:\/\/papajuliett.com\/sl\/wp-json\/wp\/v2\/types\/page"}],"author":[{"embeddable":true,"href":"https:\/\/papajuliett.com\/sl\/wp-json\/wp\/v2\/users\/6"}],"replies":[{"embeddable":true,"href":"https:\/\/papajuliett.com\/sl\/wp-json\/wp\/v2\/comments?post=7916"}],"version-history":[{"count":7,"href":"https:\/\/papajuliett.com\/sl\/wp-json\/wp\/v2\/pages\/7916\/revisions"}],"predecessor-version":[{"id":9055,"href":"https:\/\/papajuliett.com\/sl\/wp-json\/wp\/v2\/pages\/7916\/revisions\/9055"}],"wp:featuredmedia":[{"embeddable":true,"href":"https:\/\/papajuliett.com\/sl\/wp-json\/wp\/v2\/media\/4995"}],"wp:attachment":[{"href":"https:\/\/papajuliett.com\/sl\/wp-json\/wp\/v2\/media?parent=7916"}],"curies":[{"name":"wp","href":"https:\/\/api.w.org\/{rel}","templated":true}]}}