{"id":7912,"date":"2023-08-09T20:53:45","date_gmt":"2023-08-09T19:53:45","guid":{"rendered":"https:\/\/papajuliett.com\/letalska-stenska-ura\/"},"modified":"2024-11-19T15:49:19","modified_gmt":"2024-11-19T14:49:19","slug":"letalska-stenska-ura","status":"publish","type":"page","link":"https:\/\/papajuliett.com\/sl\/letalska-stenska-ura\/","title":{"rendered":"LETALSKA STENSKA URA"},"content":{"rendered":"\n<div class=\"wp-block-group alignfull has-white-color has-body-color-background-color has-text-color has-background\" style=\"padding-top:130px;padding-right:0px;padding-bottom:0px;padding-left:0px\"><div class=\"wp-block-group__inner-container is-layout-constrained wp-container-core-group-is-layout-309d22b9 wp-block-group-is-layout-constrained\">\n<div class=\"wp-block-columns is-layout-flex wp-container-core-columns-is-layout-ccedf9e1 wp-block-columns-is-layout-flex\" style=\"margin-top:0px;margin-bottom:0px\">\n<div class=\"wp-block-column is-layout-flow wp-block-column-is-layout-flow\">\n<div class=\"wp-block-group has-body-color-background-color has-background\" style=\"margin-top:0px;margin-bottom:0px;padding-top:16px;padding-right:0px;padding-bottom:0px;padding-left:16px\"><div class=\"wp-block-group__inner-container is-layout-flow wp-block-group-is-layout-flow\">\n<div class=\"wp-block-group has-body-color-background-color has-background\" style=\"padding-top:30px;padding-right:10%;padding-bottom:30px;padding-left:10%\"><div class=\"wp-block-group__inner-container is-layout-flow wp-block-group-is-layout-flow\">\n<h2 class=\"wp-block-heading\" style=\"font-size:24px;font-style:normal;font-weight:700;text-transform:uppercase\">LETALSKA STENSKA URA<\/h2>\n\n\n\n<p style=\"font-size:16px;font-style:normal;font-weight:500;letter-spacing:1px\">Letalska stenska ura kot osrednji kos na va\u0161em zidu bo znova in znova jemala dih, polega tega pa poskrbela, da boste vedno ob pravem \u010dasu na pravem mestu.<\/p>\n<\/div><\/div>\n<\/div><\/div>\n<\/div>\n\n\n\n<div class=\"wp-block-column is-layout-flow wp-block-column-is-layout-flow\">\n<figure class=\"wp-block-image size-large\"><img decoding=\"async\" width=\"661\" height=\"1024\" src=\"https:\/\/papajuliett.com\/wp-content\/uploads\/2023\/08\/image0-3-661x1024.jpeg\" alt=\"letalska stenska ura\" class=\"wp-image-7520\" srcset=\"https:\/\/papajuliett.com\/wp-content\/uploads\/2023\/08\/image0-3-661x1024.jpeg 661w, https:\/\/papajuliett.com\/wp-content\/uploads\/2023\/08\/image0-3-194x300.jpeg 194w, https:\/\/papajuliett.com\/wp-content\/uploads\/2023\/08\/image0-3-768x1190.jpeg 768w, https:\/\/papajuliett.com\/wp-content\/uploads\/2023\/08\/image0-3-991x1536.jpeg 991w, https:\/\/papajuliett.com\/wp-content\/uploads\/2023\/08\/image0-3-1321x2048.jpeg 1321w, https:\/\/papajuliett.com\/wp-content\/uploads\/2023\/08\/image0-3-600x930.jpeg 600w, https:\/\/papajuliett.com\/wp-content\/uploads\/2023\/08\/image0-3.jpeg 1537w\" sizes=\"(max-width: 661px) 100vw, 661px\" \/><\/figure>\n<\/div>\n<\/div>\n\n\n\n<div class=\"wp-block-columns is-layout-flex wp-container-core-columns-is-layout-ccedf9e1 wp-block-columns-is-layout-flex\" style=\"margin-top:0px;margin-bottom:0px\">\n<div class=\"wp-block-column is-layout-flow wp-block-column-is-layout-flow\"><div class=\"wp-block-image\">\n<figure class=\"aligncenter size-full is-resized\"><a href=\"https:\/\/papajuliett.com\/store\/\" target=\"_blank\" rel=\"noreferrer noopener\"><img decoding=\"async\" width=\"874\" height=\"227\" src=\"https:\/\/papajuliett.com\/wp-content\/uploads\/2022\/07\/WEBSHOP.png\" alt=\"Trgovina\" class=\"wp-image-3902\" style=\"width:219px;height:57px\" srcset=\"https:\/\/papajuliett.com\/wp-content\/uploads\/2022\/07\/WEBSHOP.png 874w, https:\/\/papajuliett.com\/wp-content\/uploads\/2022\/07\/WEBSHOP-600x156.png 600w, https:\/\/papajuliett.com\/wp-content\/uploads\/2022\/07\/WEBSHOP-300x78.png 300w, https:\/\/papajuliett.com\/wp-content\/uploads\/2022\/07\/WEBSHOP-768x199.png 768w, https:\/\/papajuliett.com\/wp-content\/uploads\/2022\/07\/WEBSHOP-18x5.png 18w\" sizes=\"(max-width: 874px) 100vw, 874px\" \/><\/a><\/figure>\n<\/div><\/div>\n\n\n\n<div class=\"wp-block-column is-layout-flow wp-block-column-is-layout-flow\" style=\"padding-top:0px;padding-right:20px;padding-bottom:0px;padding-left:20px\">\n<p><\/p>\n\n\n\n<p style=\"font-size:16px\">Stenska letalska ura je lahko izdelana iz vrat za izhod v sili, propelerjev, kompresorjev, letalskih oken in \u0161e \u010desa.<br><\/p>\n\n\n\n<p style=\"font-size:16px\">Izberite:<br>\u2192 predlogo ure<br>\u2192 velikost<br>\u2192 material<\/p>\n\n\n\n<p style=\"font-size:16px\">\u010ce ste pravi letalski navdu\u0161enec, brez prave letalske ure ne gre! So navdih za va\u0161e goste in poslovne partnerje ter simbol va\u0161e kreativnosti. Kot osrednji kos na va\u0161em zidu bo na\u0161a letalska ura znova in znova jemala dih, polega tega pa poskrbela, da boste vedno ob pravem \u010dasu na pravem mestu.<\/p>\n\n\n\n<p style=\"font-size:16px\"><br><\/p>\n\n\n\n<p style=\"font-size:16px\">Za ve\u010d informacij <a href=\"mailto:order@papajuliett.com\" target=\"_blank\" rel=\"noopener\" title=\"\">se obrnite na nas<\/a>.<\/p>\n<\/div>\n<\/div>\n\n\n\n<div style=\"height:100px\" aria-hidden=\"true\" class=\"wp-block-spacer\"><\/div>\n\n\n\n<figure class=\"wp-block-gallery alignfull has-nested-images columns-default is-cropped wp-block-gallery-1 is-layout-flex wp-block-gallery-is-layout-flex\">\n<figure class=\"wp-block-image size-large\"><img decoding=\"async\" width=\"1024\" height=\"890\" data-id=\"7536\" src=\"https:\/\/papajuliett.com\/wp-content\/uploads\/2023\/08\/DSCF6817-1-1024x890.jpg\" alt=\"\" class=\"wp-image-7536\" srcset=\"https:\/\/papajuliett.com\/wp-content\/uploads\/2023\/08\/DSCF6817-1-1024x890.jpg 1024w, https:\/\/papajuliett.com\/wp-content\/uploads\/2023\/08\/DSCF6817-1-300x261.jpg 300w, https:\/\/papajuliett.com\/wp-content\/uploads\/2023\/08\/DSCF6817-1-768x668.jpg 768w, https:\/\/papajuliett.com\/wp-content\/uploads\/2023\/08\/DSCF6817-1-1536x1336.jpg 1536w, https:\/\/papajuliett.com\/wp-content\/uploads\/2023\/08\/DSCF6817-1-600x522.jpg 600w, https:\/\/papajuliett.com\/wp-content\/uploads\/2023\/08\/DSCF6817-1.jpg 2031w\" sizes=\"(max-width: 1024px) 100vw, 1024px\" \/><figcaption class=\"wp-element-caption\"><a href=\"https:\/\/papajuliett.com\/sl\/izdelek\/stenska-ura-eurofighter-typhoon-iz-motorja-kompresorja\/\" target=\"_blank\" rel=\"noopener\" title=\"\">Eurofighter Typhoon Jet Engine Compressor Wall Clock<\/a><\/figcaption><\/figure>\n\n\n\n<figure class=\"wp-block-image size-large\"><img decoding=\"async\" width=\"1024\" height=\"799\" data-id=\"7538\" src=\"https:\/\/papajuliett.com\/wp-content\/uploads\/2023\/08\/IMG_4178-1024x799.jpeg\" alt=\"\" class=\"wp-image-7538\" srcset=\"https:\/\/papajuliett.com\/wp-content\/uploads\/2023\/08\/IMG_4178-1024x799.jpeg 1024w, https:\/\/papajuliett.com\/wp-content\/uploads\/2023\/08\/IMG_4178-300x234.jpeg 300w, https:\/\/papajuliett.com\/wp-content\/uploads\/2023\/08\/IMG_4178-768x599.jpeg 768w, https:\/\/papajuliett.com\/wp-content\/uploads\/2023\/08\/IMG_4178-600x468.jpeg 600w, https:\/\/papajuliett.com\/wp-content\/uploads\/2023\/08\/IMG_4178.jpeg 1319w\" sizes=\"(max-width: 1024px) 100vw, 1024px\" \/><figcaption class=\"wp-element-caption\"><a href=\"https:\/\/papajuliett.com\/sl\/izdelek\/stenska-ura-panavia-tornado-engine-compressor\/\" target=\"_blank\" rel=\"noopener\" title=\"\">Stenska ura Panaviavia Tornado Engine Compressor<\/a> <\/figcaption><\/figure>\n\n\n\n<figure class=\"wp-block-image size-large\"><img decoding=\"async\" width=\"1024\" height=\"1024\" data-id=\"7532\" src=\"https:\/\/papajuliett.com\/wp-content\/uploads\/2023\/08\/72D082F5-E273-4C02-A4F4-70590DBC7805-1024x1024.jpg\" alt=\"\" class=\"wp-image-7532\" srcset=\"https:\/\/papajuliett.com\/wp-content\/uploads\/2023\/08\/72D082F5-E273-4C02-A4F4-70590DBC7805-1024x1024.jpg 1024w, https:\/\/papajuliett.com\/wp-content\/uploads\/2023\/08\/72D082F5-E273-4C02-A4F4-70590DBC7805-300x300.jpg 300w, https:\/\/papajuliett.com\/wp-content\/uploads\/2023\/08\/72D082F5-E273-4C02-A4F4-70590DBC7805-150x150.jpg 150w, https:\/\/papajuliett.com\/wp-content\/uploads\/2023\/08\/72D082F5-E273-4C02-A4F4-70590DBC7805-768x768.jpg 768w, https:\/\/papajuliett.com\/wp-content\/uploads\/2023\/08\/72D082F5-E273-4C02-A4F4-70590DBC7805-460x460.jpg 460w, https:\/\/papajuliett.com\/wp-content\/uploads\/2023\/08\/72D082F5-E273-4C02-A4F4-70590DBC7805-230x230.jpg 230w, https:\/\/papajuliett.com\/wp-content\/uploads\/2023\/08\/72D082F5-E273-4C02-A4F4-70590DBC7805-600x600.jpg 600w, https:\/\/papajuliett.com\/wp-content\/uploads\/2023\/08\/72D082F5-E273-4C02-A4F4-70590DBC7805-160x160.jpg 160w, https:\/\/papajuliett.com\/wp-content\/uploads\/2023\/08\/72D082F5-E273-4C02-A4F4-70590DBC7805.jpg 1440w\" sizes=\"(max-width: 1024px) 100vw, 1024px\" \/><\/figure>\n\n\n\n<figure class=\"wp-block-image size-full\"><img decoding=\"async\" width=\"1125\" height=\"633\" data-id=\"3711\" src=\"https:\/\/papajuliett.com\/wp-content\/uploads\/2022\/06\/IMG_4183.jpg\" alt=\"letalsko pohi\u0161tvo dnevna soba \u010drna kompresorska ura darila\" class=\"wp-image-3711\" srcset=\"https:\/\/papajuliett.com\/wp-content\/uploads\/2022\/06\/IMG_4183.jpg 1125w, https:\/\/papajuliett.com\/wp-content\/uploads\/2022\/06\/IMG_4183-600x338.jpg 600w, https:\/\/papajuliett.com\/wp-content\/uploads\/2022\/06\/IMG_4183-300x169.jpg 300w, https:\/\/papajuliett.com\/wp-content\/uploads\/2022\/06\/IMG_4183-1024x576.jpg 1024w, https:\/\/papajuliett.com\/wp-content\/uploads\/2022\/06\/IMG_4183-768x432.jpg 768w, https:\/\/papajuliett.com\/wp-content\/uploads\/2022\/06\/IMG_4183-18x10.jpg 18w\" sizes=\"(max-width: 1125px) 100vw, 1125px\" \/><\/figure>\n<\/figure>\n<\/div><\/div>\n","protected":false},"excerpt":{"rendered":"<p>LETALSKA STENSKA URA Letalska stenska ura kot osrednji kos na va\u0161em zidu bo znova in znova jemala dih, polega tega pa poskrbela, da boste vedno ob pravem \u010dasu na pravem mestu. Stenska letalska ura je lahko izdelana iz vrat za izhod v sili, propelerjev, kompresorjev, letalskih oken in \u0161e \u010desa. [&hellip;]<\/p>\n","protected":false},"author":6,"featured_media":4995,"parent":0,"menu_order":0,"comment_status":"closed","ping_status":"closed","template":"","meta":{"om_disable_all_campaigns":false,"_monsterinsights_skip_tracking":false,"_monsterinsights_sitenote_active":false,"_monsterinsights_sitenote_note":"","_monsterinsights_sitenote_category":0,"iawp_total_views":66,"footnotes":""},"class_list":["post-7912","page","type-page","status-publish","has-post-thumbnail","hentry"],"aioseo_notices":[],"_links":{"self":[{"href":"https:\/\/papajuliett.com\/sl\/wp-json\/wp\/v2\/pages\/7912","targetHints":{"allow":["GET"]}}],"collection":[{"href":"https:\/\/papajuliett.com\/sl\/wp-json\/wp\/v2\/pages"}],"about":[{"href":"https:\/\/papajuliett.com\/sl\/wp-json\/wp\/v2\/types\/page"}],"author":[{"embeddable":true,"href":"https:\/\/papajuliett.com\/sl\/wp-json\/wp\/v2\/users\/6"}],"replies":[{"embeddable":true,"href":"https:\/\/papajuliett.com\/sl\/wp-json\/wp\/v2\/comments?post=7912"}],"version-history":[{"count":4,"href":"https:\/\/papajuliett.com\/sl\/wp-json\/wp\/v2\/pages\/7912\/revisions"}],"predecessor-version":[{"id":9056,"href":"https:\/\/papajuliett.com\/sl\/wp-json\/wp\/v2\/pages\/7912\/revisions\/9056"}],"wp:featuredmedia":[{"embeddable":true,"href":"https:\/\/papajuliett.com\/sl\/wp-json\/wp\/v2\/media\/4995"}],"wp:attachment":[{"href":"https:\/\/papajuliett.com\/sl\/wp-json\/wp\/v2\/media?parent=7912"}],"curies":[{"name":"wp","href":"https:\/\/api.w.org\/{rel}","templated":true}]}}