{"id":7908,"date":"2023-08-09T19:34:41","date_gmt":"2023-08-09T18:34:41","guid":{"rendered":"https:\/\/papajuliett.com\/letalsko-ogledalo\/"},"modified":"2024-11-19T15:50:18","modified_gmt":"2024-11-19T14:50:18","slug":"letalsko-ogledalo","status":"publish","type":"page","link":"https:\/\/papajuliett.com\/sl\/letalsko-ogledalo\/","title":{"rendered":"LETALSKO OGLEDALO"},"content":{"rendered":"\n<div class=\"wp-block-group alignfull has-white-color has-body-color-background-color has-text-color has-background has-small-font-size\" style=\"padding-top:130px;padding-right:0px;padding-bottom:0px;padding-left:0px\"><div class=\"wp-block-group__inner-container is-layout-constrained wp-container-core-group-is-layout-309d22b9 wp-block-group-is-layout-constrained\">\n<div class=\"wp-block-columns is-layout-flex wp-container-core-columns-is-layout-ccedf9e1 wp-block-columns-is-layout-flex\" style=\"margin-top:0px;margin-bottom:0px\">\n<div class=\"wp-block-column is-layout-flow wp-block-column-is-layout-flow\">\n<div class=\"wp-block-group has-body-color-background-color has-background\" style=\"margin-top:0px;margin-bottom:0px;padding-top:16px;padding-right:0px;padding-bottom:0px;padding-left:16px\"><div class=\"wp-block-group__inner-container is-layout-flow wp-block-group-is-layout-flow\">\n<div class=\"wp-block-group has-body-color-background-color has-background\" style=\"padding-top:30px;padding-right:10%;padding-bottom:30px;padding-left:10%\"><div class=\"wp-block-group__inner-container is-layout-flow wp-block-group-is-layout-flow\">\n<h2 class=\"wp-block-heading\" style=\"font-style:normal;font-weight:700;text-transform:uppercase\">LETALSKO OGLEDALO<\/h2>\n\n\n\n<p style=\"font-size:16px;font-style:normal;font-weight:500;letter-spacing:1px\">Letalsko ogledalo nudi ve\u010d kot le odsev &#8211; je simbol va\u0161ega uspeha.<\/p>\n\n\n\n<p style=\"font-size:16px;font-style:normal;font-weight:500;letter-spacing:1px\">Z na\u0161imi letalskimi ogledali se lahko zazrete v svojo du\u0161o in v\u017egete v svojih o\u010deh strast do tega, kar \u0161ele prihaja.<\/p>\n<\/div><\/div>\n<\/div><\/div>\n<\/div>\n\n\n\n<div class=\"wp-block-column is-layout-flow wp-block-column-is-layout-flow\">\n<figure class=\"wp-block-image size-large\"><img decoding=\"async\" width=\"749\" height=\"1024\" src=\"https:\/\/papajuliett.com\/wp-content\/uploads\/2023\/07\/F094D3BC-1021-4FAB-A1FA-4037DCBE809A-749x1024.jpeg\" alt=\"letalsko pohi\u0161tvo eva kra\u0161 ohi\u0161je motorja ogledalo\" class=\"wp-image-7351\" srcset=\"https:\/\/papajuliett.com\/wp-content\/uploads\/2023\/07\/F094D3BC-1021-4FAB-A1FA-4037DCBE809A-749x1024.jpeg 749w, https:\/\/papajuliett.com\/wp-content\/uploads\/2023\/07\/F094D3BC-1021-4FAB-A1FA-4037DCBE809A-220x300.jpeg 220w, https:\/\/papajuliett.com\/wp-content\/uploads\/2023\/07\/F094D3BC-1021-4FAB-A1FA-4037DCBE809A-768x1049.jpeg 768w, https:\/\/papajuliett.com\/wp-content\/uploads\/2023\/07\/F094D3BC-1021-4FAB-A1FA-4037DCBE809A-600x820.jpeg 600w, https:\/\/papajuliett.com\/wp-content\/uploads\/2023\/07\/F094D3BC-1021-4FAB-A1FA-4037DCBE809A.jpeg 966w\" sizes=\"(max-width: 749px) 100vw, 749px\" \/><figcaption class=\"wp-element-caption\"><a href=\"https:\/\/papajuliett.com\/sl\/izdelek\/ogledalo-breguet-atlantic-engine-cowling\/\" target=\"_blank\" rel=\"noopener\" title=\"\">Ogledalo Breguet Atlantic Engine Cowling<\/a><\/figcaption><\/figure>\n<\/div>\n<\/div>\n\n\n\n<div class=\"wp-block-columns is-layout-flex wp-container-core-columns-is-layout-ccedf9e1 wp-block-columns-is-layout-flex\" style=\"margin-top:0px;margin-bottom:0px\">\n<div class=\"wp-block-column is-layout-flow wp-block-column-is-layout-flow\"><div class=\"wp-block-image\">\n<figure class=\"aligncenter size-full is-resized\"><img decoding=\"async\" width=\"874\" height=\"227\" src=\"https:\/\/papajuliett.com\/wp-content\/uploads\/2022\/07\/WEBSHOP.png\" alt=\"Trgovina\" class=\"wp-image-3902\" style=\"width:219px;height:57px\" srcset=\"https:\/\/papajuliett.com\/wp-content\/uploads\/2022\/07\/WEBSHOP.png 874w, https:\/\/papajuliett.com\/wp-content\/uploads\/2022\/07\/WEBSHOP-600x156.png 600w, https:\/\/papajuliett.com\/wp-content\/uploads\/2022\/07\/WEBSHOP-300x78.png 300w, https:\/\/papajuliett.com\/wp-content\/uploads\/2022\/07\/WEBSHOP-768x199.png 768w, https:\/\/papajuliett.com\/wp-content\/uploads\/2022\/07\/WEBSHOP-18x5.png 18w\" sizes=\"(max-width: 874px) 100vw, 874px\" \/><\/figure>\n<\/div><\/div>\n\n\n\n<div class=\"wp-block-column is-layout-flow wp-block-column-is-layout-flow\" style=\"padding-top:0px;padding-right:20px;padding-bottom:0px;padding-left:20px\">\n<p><\/p>\n\n\n\n<p style=\"font-size:16px\">Za ogledalo lahko izberete:<\/p>\n\n\n\n<p style=\"font-size:16px\">\u2192 okrov motorja letala, stator, kompresor, izpu\u0161no cev<br>\u2192 barvo<br>\u2192 Lu\u010di LED<br>\u2192 velikost<\/p>\n\n\n\n<p style=\"font-size:16px\">Na\u0161a letalska ogledala so ve\u010d kot funkcionalna umetnina; so luksuzni izdelki, ki dodajo vrednost va\u0161emu domu ali pisarni. S svojim industrijskim videzom postanejo osrednji element va\u0161ega prostora in zdru\u017eujejo eleganco z drznim dizajnom.<\/p>\n\n\n\n<p><\/p>\n<\/div>\n<\/div>\n\n\n\n<div style=\"height:100px\" aria-hidden=\"true\" class=\"wp-block-spacer\"><\/div>\n\n\n\n<figure class=\"wp-block-gallery alignfull has-nested-images columns-default is-cropped wp-block-gallery-1 is-layout-flex wp-block-gallery-is-layout-flex\">\n<figure class=\"wp-block-image size-full\"><img decoding=\"async\" width=\"768\" height=\"1024\" data-id=\"8114\" src=\"https:\/\/papajuliett.com\/wp-content\/uploads\/2023\/10\/32F8C41B-4F31-4166-8003-66AACD8BEC75-1.jpeg\" alt=\"\" class=\"wp-image-8114\" srcset=\"https:\/\/papajuliett.com\/wp-content\/uploads\/2023\/10\/32F8C41B-4F31-4166-8003-66AACD8BEC75-1.jpeg 768w, https:\/\/papajuliett.com\/wp-content\/uploads\/2023\/10\/32F8C41B-4F31-4166-8003-66AACD8BEC75-1-225x300.jpeg 225w, https:\/\/papajuliett.com\/wp-content\/uploads\/2023\/10\/32F8C41B-4F31-4166-8003-66AACD8BEC75-1-600x800.jpeg 600w\" sizes=\"(max-width: 768px) 100vw, 768px\" \/><figcaption class=\"wp-element-caption\"><a href=\"https:\/\/papajuliett.com\/sl\/izdelek\/letalsko-ogledalo-jetfighter-fiat-g91-exhaust-cone\/\" target=\"_blank\" rel=\"noopener\" title=\"\">Jetfighter Fiat G.91 Exhaust Cone ogledalo  <\/a><\/figcaption><\/figure>\n\n\n\n<figure class=\"wp-block-image size-full\"><img decoding=\"async\" width=\"500\" height=\"700\" data-id=\"5771\" src=\"https:\/\/papajuliett.com\/wp-content\/uploads\/2022\/10\/66842DA9-7853-481C-A019-8972287DCA3C.jpeg\" alt=\"edinstveno ogledalo letalsko pohi\u0161tvo in dekor poslovno darilo korporativno papa juliett letalska umetnost doma\u010da stran letalsko ogledalo\" class=\"wp-image-5771\" srcset=\"https:\/\/papajuliett.com\/wp-content\/uploads\/2022\/10\/66842DA9-7853-481C-A019-8972287DCA3C.jpeg 500w, https:\/\/papajuliett.com\/wp-content\/uploads\/2022\/10\/66842DA9-7853-481C-A019-8972287DCA3C-214x300.jpeg 214w\" sizes=\"(max-width: 500px) 100vw, 500px\" \/><figcaption class=\"wp-element-caption\"><a href=\"https:\/\/papajuliett.com\/sl\/izdelek\/ogledalo-iz-reaktivnega-motorja-f4-phantom\/\" target=\"_blank\" rel=\"noopener\" title=\"\">Ogledalo kompresorja <\/a><\/figcaption><\/figure>\n\n\n\n<figure class=\"wp-block-image size-full\"><img decoding=\"async\" width=\"1024\" height=\"1024\" data-id=\"6561\" src=\"https:\/\/papajuliett.com\/wp-content\/uploads\/2023\/03\/87E10E2A-294A-4EA5-9EB5-4E3744876D98.jpeg\" alt=\"letalsko ogledalo za prodajo\" class=\"wp-image-6561\" srcset=\"https:\/\/papajuliett.com\/wp-content\/uploads\/2023\/03\/87E10E2A-294A-4EA5-9EB5-4E3744876D98.jpeg 1024w, https:\/\/papajuliett.com\/wp-content\/uploads\/2023\/03\/87E10E2A-294A-4EA5-9EB5-4E3744876D98-300x300.jpeg 300w, https:\/\/papajuliett.com\/wp-content\/uploads\/2023\/03\/87E10E2A-294A-4EA5-9EB5-4E3744876D98-150x150.jpeg 150w, https:\/\/papajuliett.com\/wp-content\/uploads\/2023\/03\/87E10E2A-294A-4EA5-9EB5-4E3744876D98-768x768.jpeg 768w, https:\/\/papajuliett.com\/wp-content\/uploads\/2023\/03\/87E10E2A-294A-4EA5-9EB5-4E3744876D98-460x460.jpeg 460w, https:\/\/papajuliett.com\/wp-content\/uploads\/2023\/03\/87E10E2A-294A-4EA5-9EB5-4E3744876D98-230x230.jpeg 230w, https:\/\/papajuliett.com\/wp-content\/uploads\/2023\/03\/87E10E2A-294A-4EA5-9EB5-4E3744876D98-600x600.jpeg 600w, https:\/\/papajuliett.com\/wp-content\/uploads\/2023\/03\/87E10E2A-294A-4EA5-9EB5-4E3744876D98-160x160.jpeg 160w\" sizes=\"(max-width: 1024px) 100vw, 1024px\" \/><figcaption class=\"wp-element-caption\"><a href=\"https:\/\/papajuliett.com\/sl\/izdelek\/ogledalo-cessna-citation-engine-cowling\/\" target=\"_blank\" rel=\"noopener\" title=\"\">Ogledalo Cessna Citation Engine Cowling<\/a> <\/figcaption><\/figure>\n\n\n\n<figure class=\"wp-block-image size-large\"><img decoding=\"async\" width=\"588\" height=\"1024\" data-id=\"7524\" src=\"https:\/\/papajuliett.com\/wp-content\/uploads\/2023\/08\/image1-2-588x1024.jpeg\" alt=\"\" class=\"wp-image-7524\" srcset=\"https:\/\/papajuliett.com\/wp-content\/uploads\/2023\/08\/image1-2-588x1024.jpeg 588w, https:\/\/papajuliett.com\/wp-content\/uploads\/2023\/08\/image1-2-172x300.jpeg 172w, https:\/\/papajuliett.com\/wp-content\/uploads\/2023\/08\/image1-2-768x1337.jpeg 768w, https:\/\/papajuliett.com\/wp-content\/uploads\/2023\/08\/image1-2-883x1536.jpeg 883w, https:\/\/papajuliett.com\/wp-content\/uploads\/2023\/08\/image1-2-600x1044.jpeg 600w, https:\/\/papajuliett.com\/wp-content\/uploads\/2023\/08\/image1-2.jpeg 1102w\" sizes=\"(max-width: 588px) 100vw, 588px\" \/><figcaption class=\"wp-element-caption\"><a href=\"https:\/\/papajuliett.com\/sl\/izdelek\/ogledalo-jet-engine-stator\/\" target=\"_blank\" rel=\"noopener\" title=\"\">Statorsko ogledalo reaktivnega motorja z LED lu\u010dmi<\/a><\/figcaption><\/figure>\n\n\n\n<figure class=\"wp-block-image size-full\"><img decoding=\"async\" width=\"768\" height=\"1024\" data-id=\"8141\" src=\"https:\/\/papajuliett.com\/wp-content\/uploads\/2023\/10\/B9164F15-16B3-4C68-B391-113A53C5094F.jpeg\" alt=\"\" class=\"wp-image-8141\" srcset=\"https:\/\/papajuliett.com\/wp-content\/uploads\/2023\/10\/B9164F15-16B3-4C68-B391-113A53C5094F.jpeg 768w, https:\/\/papajuliett.com\/wp-content\/uploads\/2023\/10\/B9164F15-16B3-4C68-B391-113A53C5094F-225x300.jpeg 225w, https:\/\/papajuliett.com\/wp-content\/uploads\/2023\/10\/B9164F15-16B3-4C68-B391-113A53C5094F-600x800.jpeg 600w\" sizes=\"(max-width: 768px) 100vw, 768px\" \/><figcaption class=\"wp-element-caption\"><a href=\"https:\/\/papajuliett.com\/sl\/izdelek\/letalsko-ogledalo-jetfighter-fiat-g91-exhaust-cone\/\" target=\"_blank\" rel=\"noopener\" title=\"\">Pratt Whitney Exhaust Mixer ogledalo  <\/a><\/figcaption><\/figure>\n<\/figure>\n<\/div><\/div>\n","protected":false},"excerpt":{"rendered":"<p>LETALSKO OGLEDALO Letalsko ogledalo nudi ve\u010d kot le odsev &#8211; je simbol va\u0161ega uspeha. Z na\u0161imi letalskimi ogledali se lahko zazrete v svojo du\u0161o in v\u017egete v svojih o\u010deh strast do tega, kar \u0161ele prihaja. Za ogledalo lahko izberete: \u2192 okrov motorja letala, stator, kompresor, izpu\u0161no cev\u2192 barvo\u2192 Lu\u010di LED\u2192 [&hellip;]<\/p>\n","protected":false},"author":6,"featured_media":4995,"parent":0,"menu_order":0,"comment_status":"closed","ping_status":"closed","template":"","meta":{"om_disable_all_campaigns":false,"_monsterinsights_skip_tracking":false,"_monsterinsights_sitenote_active":false,"_monsterinsights_sitenote_note":"","_monsterinsights_sitenote_category":0,"iawp_total_views":54,"footnotes":""},"class_list":["post-7908","page","type-page","status-publish","has-post-thumbnail","hentry"],"aioseo_notices":[],"_links":{"self":[{"href":"https:\/\/papajuliett.com\/sl\/wp-json\/wp\/v2\/pages\/7908","targetHints":{"allow":["GET"]}}],"collection":[{"href":"https:\/\/papajuliett.com\/sl\/wp-json\/wp\/v2\/pages"}],"about":[{"href":"https:\/\/papajuliett.com\/sl\/wp-json\/wp\/v2\/types\/page"}],"author":[{"embeddable":true,"href":"https:\/\/papajuliett.com\/sl\/wp-json\/wp\/v2\/users\/6"}],"replies":[{"embeddable":true,"href":"https:\/\/papajuliett.com\/sl\/wp-json\/wp\/v2\/comments?post=7908"}],"version-history":[{"count":4,"href":"https:\/\/papajuliett.com\/sl\/wp-json\/wp\/v2\/pages\/7908\/revisions"}],"predecessor-version":[{"id":9035,"href":"https:\/\/papajuliett.com\/sl\/wp-json\/wp\/v2\/pages\/7908\/revisions\/9035"}],"wp:featuredmedia":[{"embeddable":true,"href":"https:\/\/papajuliett.com\/sl\/wp-json\/wp\/v2\/media\/4995"}],"wp:attachment":[{"href":"https:\/\/papajuliett.com\/sl\/wp-json\/wp\/v2\/media?parent=7908"}],"curies":[{"name":"wp","href":"https:\/\/api.w.org\/{rel}","templated":true}]}}