{"id":7903,"date":"2023-08-09T16:01:15","date_gmt":"2023-08-09T15:01:15","guid":{"rendered":"https:\/\/papajuliett.com\/letalska-mizica-za-kavo\/"},"modified":"2024-11-19T15:45:48","modified_gmt":"2024-11-19T14:45:48","slug":"klubska-mizica-iz-letala","status":"publish","type":"page","link":"https:\/\/papajuliett.com\/sl\/klubska-mizica-iz-letala\/","title":{"rendered":"KLUBSKA MIZICA IZ LETALA"},"content":{"rendered":"\n<div class=\"wp-block-group alignfull has-white-color has-body-color-background-color has-text-color has-background has-small-font-size\" style=\"padding-top:130px;padding-right:0px;padding-bottom:0px;padding-left:0px\"><div class=\"wp-block-group__inner-container is-layout-constrained wp-container-core-group-is-layout-309d22b9 wp-block-group-is-layout-constrained\">\n<div class=\"wp-block-columns is-layout-flex wp-container-core-columns-is-layout-ccedf9e1 wp-block-columns-is-layout-flex\" style=\"margin-top:0px;margin-bottom:0px\">\n<div class=\"wp-block-column is-layout-flow wp-block-column-is-layout-flow\">\n<div class=\"wp-block-group has-body-color-background-color has-background\" style=\"margin-top:0px;margin-bottom:0px;padding-top:16px;padding-right:0px;padding-bottom:0px;padding-left:16px\"><div class=\"wp-block-group__inner-container is-layout-flow wp-block-group-is-layout-flow\">\n<div class=\"wp-block-group has-body-color-background-color has-background\" style=\"padding-top:30px;padding-right:10%;padding-bottom:30px;padding-left:10%\"><div class=\"wp-block-group__inner-container is-layout-flow wp-block-group-is-layout-flow\">\n<h2 class=\"wp-block-heading\" style=\"font-style:normal;font-weight:700;text-transform:uppercase\">KLUBSKA MIZICA IZ LETALA<\/h2>\n\n\n\n<p style=\"font-size:16px;font-style:normal;font-weight:500;letter-spacing:1px\">Klubska mizica iz letala je kos v va\u0161em domu ali pisarni, ki se ga ne da prezreti: je simbol va\u0161ih dose\u017ekov in odraz va\u0161ega dobrega okusa.<\/p>\n<\/div><\/div>\n<\/div><\/div>\n<\/div>\n\n\n\n<div class=\"wp-block-column is-layout-flow wp-block-column-is-layout-flow\">\n<figure class=\"wp-block-image size-full\"><img decoding=\"async\" width=\"1024\" height=\"1024\" src=\"https:\/\/papajuliett.com\/wp-content\/uploads\/2023\/01\/0A76C1C8-70BE-45C4-AB38-18E7A5115191.jpeg\" alt=\"klubska miza iz letala\" class=\"wp-image-6554\" srcset=\"https:\/\/papajuliett.com\/wp-content\/uploads\/2023\/01\/0A76C1C8-70BE-45C4-AB38-18E7A5115191.jpeg 1024w, https:\/\/papajuliett.com\/wp-content\/uploads\/2023\/01\/0A76C1C8-70BE-45C4-AB38-18E7A5115191-300x300.jpeg 300w, https:\/\/papajuliett.com\/wp-content\/uploads\/2023\/01\/0A76C1C8-70BE-45C4-AB38-18E7A5115191-150x150.jpeg 150w, https:\/\/papajuliett.com\/wp-content\/uploads\/2023\/01\/0A76C1C8-70BE-45C4-AB38-18E7A5115191-768x768.jpeg 768w, https:\/\/papajuliett.com\/wp-content\/uploads\/2023\/01\/0A76C1C8-70BE-45C4-AB38-18E7A5115191-460x460.jpeg 460w, https:\/\/papajuliett.com\/wp-content\/uploads\/2023\/01\/0A76C1C8-70BE-45C4-AB38-18E7A5115191-230x230.jpeg 230w, https:\/\/papajuliett.com\/wp-content\/uploads\/2023\/01\/0A76C1C8-70BE-45C4-AB38-18E7A5115191-600x600.jpeg 600w, https:\/\/papajuliett.com\/wp-content\/uploads\/2023\/01\/0A76C1C8-70BE-45C4-AB38-18E7A5115191-160x160.jpeg 160w\" sizes=\"(max-width: 1024px) 100vw, 1024px\" \/><\/figure>\n<\/div>\n<\/div>\n\n\n\n<div class=\"wp-block-columns is-layout-flex wp-container-core-columns-is-layout-ccedf9e1 wp-block-columns-is-layout-flex\" style=\"margin-top:0px;margin-bottom:0px\">\n<div class=\"wp-block-column is-layout-flow wp-block-column-is-layout-flow\"><div class=\"wp-block-image\">\n<figure class=\"aligncenter size-full is-resized\"><a href=\"https:\/\/papajuliett.com\/store\/\" target=\"_blank\" rel=\"noreferrer noopener\"><img decoding=\"async\" width=\"874\" height=\"227\" src=\"https:\/\/papajuliett.com\/wp-content\/uploads\/2022\/07\/WEBSHOP.png\" alt=\"Trgovina\" class=\"wp-image-3902\" style=\"width:219px;height:57px\" srcset=\"https:\/\/papajuliett.com\/wp-content\/uploads\/2022\/07\/WEBSHOP.png 874w, https:\/\/papajuliett.com\/wp-content\/uploads\/2022\/07\/WEBSHOP-600x156.png 600w, https:\/\/papajuliett.com\/wp-content\/uploads\/2022\/07\/WEBSHOP-300x78.png 300w, https:\/\/papajuliett.com\/wp-content\/uploads\/2022\/07\/WEBSHOP-768x199.png 768w, https:\/\/papajuliett.com\/wp-content\/uploads\/2022\/07\/WEBSHOP-18x5.png 18w\" sizes=\"(max-width: 874px) 100vw, 874px\" \/><\/a><\/figure>\n<\/div><\/div>\n\n\n\n<div class=\"wp-block-column is-layout-flow wp-block-column-is-layout-flow\" style=\"padding-top:0px;padding-right:20px;padding-bottom:0px;padding-left:20px\">\n<p style=\"font-size:16px\">Izdelana iz:<br>\u2192 avtenti\u010dnega pokrova motorja propelerja ali iz krila<br>\u2192 premium stekla<br>\u2192 Lu\u010di LED<br>\u2192 barva stekla po \u017eelji<br><\/p>\n\n\n\n<p style=\"font-size:16px\">\u2192 edinstvena oblika<br>\u2192 kos, ki bo tema pogovora<br>\u2192 simbol va\u0161ih dose\u017ekov<br>\u2192 odraz va\u0161e ustvarjalnosti<br>\u2192 ekolo\u0161ka ozave\u0161\u010denost<br><\/p>\n\n\n\n<p>Izberite med na\u0161o <a href=\"https:\/\/papajuliett.com\/sl\/trgovina\/\" target=\"_blank\" rel=\"noopener\" title=\"\">ponudbo v trgovini<\/a> ali <a href=\"mailto:order@papajuliett.com\" target=\"_blank\" rel=\"noopener\" title=\"\">nam pi\u0161ite, da<\/a> jo izdelamo posebej za vas!<\/p>\n\n\n\n<p style=\"font-size:16px\"><\/p>\n<\/div>\n<\/div>\n\n\n\n<div style=\"height:100px\" aria-hidden=\"true\" class=\"wp-block-spacer\"><\/div>\n\n\n\n<figure class=\"wp-block-gallery alignfull has-nested-images columns-default is-cropped wp-block-gallery-1 is-layout-flex wp-block-gallery-is-layout-flex\">\n<figure class=\"wp-block-image size-large\"><img decoding=\"async\" width=\"1024\" height=\"577\" data-id=\"5843\" src=\"https:\/\/papajuliett.com\/wp-content\/uploads\/2022\/10\/779288e2-ede6-4612-8954-2f4e3848e1d5-1024x577.jpg\" alt=\"Mizica za kavo v dnevni sobi\" class=\"wp-image-5843\" srcset=\"https:\/\/papajuliett.com\/wp-content\/uploads\/2022\/10\/779288e2-ede6-4612-8954-2f4e3848e1d5-1024x577.jpg 1024w, https:\/\/papajuliett.com\/wp-content\/uploads\/2022\/10\/779288e2-ede6-4612-8954-2f4e3848e1d5-300x169.jpg 300w, https:\/\/papajuliett.com\/wp-content\/uploads\/2022\/10\/779288e2-ede6-4612-8954-2f4e3848e1d5-768x432.jpg 768w, https:\/\/papajuliett.com\/wp-content\/uploads\/2022\/10\/779288e2-ede6-4612-8954-2f4e3848e1d5-1536x865.jpg 1536w, https:\/\/papajuliett.com\/wp-content\/uploads\/2022\/10\/779288e2-ede6-4612-8954-2f4e3848e1d5-600x338.jpg 600w, https:\/\/papajuliett.com\/wp-content\/uploads\/2022\/10\/779288e2-ede6-4612-8954-2f4e3848e1d5.jpg 2000w\" sizes=\"(max-width: 1024px) 100vw, 1024px\" \/><figcaption class=\"wp-element-caption\">Klubska miza<\/figcaption><\/figure>\n\n\n\n<figure class=\"wp-block-image size-large\"><img decoding=\"async\" width=\"683\" height=\"1024\" data-id=\"7503\" src=\"https:\/\/papajuliett.com\/wp-content\/uploads\/2023\/08\/DSCF0565-683x1024.jpeg\" alt=\"\" class=\"wp-image-7503\" srcset=\"https:\/\/papajuliett.com\/wp-content\/uploads\/2023\/08\/DSCF0565-683x1024.jpeg 683w, https:\/\/papajuliett.com\/wp-content\/uploads\/2023\/08\/DSCF0565-200x300.jpeg 200w, https:\/\/papajuliett.com\/wp-content\/uploads\/2023\/08\/DSCF0565-768x1152.jpeg 768w, https:\/\/papajuliett.com\/wp-content\/uploads\/2023\/08\/DSCF0565-1024x1536.jpeg 1024w, https:\/\/papajuliett.com\/wp-content\/uploads\/2023\/08\/DSCF0565-1365x2048.jpeg 1365w, https:\/\/papajuliett.com\/wp-content\/uploads\/2023\/08\/DSCF0565-600x900.jpeg 600w\" sizes=\"(max-width: 683px) 100vw, 683px\" \/><figcaption class=\"wp-element-caption\"><a href=\"https:\/\/papajuliett.com\/sl\/izdelek\/klubska-mizica-red-jet-flap-l29-dolphin\/\" target=\"_blank\" rel=\"noopener\" title=\"\">Rde\u010da klubska miza Jet Flap L29<\/a><\/figcaption><\/figure>\n\n\n\n<figure class=\"wp-block-image size-full\"><img decoding=\"async\" width=\"825\" height=\"1024\" data-id=\"6187\" src=\"https:\/\/papajuliett.com\/wp-content\/uploads\/2023\/01\/2425c0e6-96a1-4201-9130-f77796ac460e-2.jpg\" alt=\"Klubska miza\" class=\"wp-image-6187\" srcset=\"https:\/\/papajuliett.com\/wp-content\/uploads\/2023\/01\/2425c0e6-96a1-4201-9130-f77796ac460e-2.jpg 825w, https:\/\/papajuliett.com\/wp-content\/uploads\/2023\/01\/2425c0e6-96a1-4201-9130-f77796ac460e-2-242x300.jpg 242w, https:\/\/papajuliett.com\/wp-content\/uploads\/2023\/01\/2425c0e6-96a1-4201-9130-f77796ac460e-2-768x953.jpg 768w, https:\/\/papajuliett.com\/wp-content\/uploads\/2023\/01\/2425c0e6-96a1-4201-9130-f77796ac460e-2-600x745.jpg 600w\" sizes=\"(max-width: 825px) 100vw, 825px\" \/><\/figure>\n<\/figure>\n<\/div><\/div>\n","protected":false},"excerpt":{"rendered":"<p>KLUBSKA MIZICA IZ LETALA Klubska mizica iz letala je kos v va\u0161em domu ali pisarni, ki se ga ne da prezreti: je simbol va\u0161ih dose\u017ekov in odraz va\u0161ega dobrega okusa. Izdelana iz:\u2192 avtenti\u010dnega pokrova motorja propelerja ali iz krila\u2192 premium stekla\u2192 Lu\u010di LED\u2192 barva stekla po \u017eelji \u2192 edinstvena oblika\u2192 [&hellip;]<\/p>\n","protected":false},"author":6,"featured_media":4995,"parent":0,"menu_order":0,"comment_status":"closed","ping_status":"closed","template":"","meta":{"om_disable_all_campaigns":false,"_monsterinsights_skip_tracking":false,"_monsterinsights_sitenote_active":false,"_monsterinsights_sitenote_note":"","_monsterinsights_sitenote_category":0,"iawp_total_views":51,"footnotes":""},"class_list":["post-7903","page","type-page","status-publish","has-post-thumbnail","hentry"],"aioseo_notices":[],"_links":{"self":[{"href":"https:\/\/papajuliett.com\/sl\/wp-json\/wp\/v2\/pages\/7903","targetHints":{"allow":["GET"]}}],"collection":[{"href":"https:\/\/papajuliett.com\/sl\/wp-json\/wp\/v2\/pages"}],"about":[{"href":"https:\/\/papajuliett.com\/sl\/wp-json\/wp\/v2\/types\/page"}],"author":[{"embeddable":true,"href":"https:\/\/papajuliett.com\/sl\/wp-json\/wp\/v2\/users\/6"}],"replies":[{"embeddable":true,"href":"https:\/\/papajuliett.com\/sl\/wp-json\/wp\/v2\/comments?post=7903"}],"version-history":[{"count":6,"href":"https:\/\/papajuliett.com\/sl\/wp-json\/wp\/v2\/pages\/7903\/revisions"}],"predecessor-version":[{"id":9033,"href":"https:\/\/papajuliett.com\/sl\/wp-json\/wp\/v2\/pages\/7903\/revisions\/9033"}],"wp:featuredmedia":[{"embeddable":true,"href":"https:\/\/papajuliett.com\/sl\/wp-json\/wp\/v2\/media\/4995"}],"wp:attachment":[{"href":"https:\/\/papajuliett.com\/sl\/wp-json\/wp\/v2\/media?parent=7903"}],"curies":[{"name":"wp","href":"https:\/\/api.w.org\/{rel}","templated":true}]}}