{"id":7898,"date":"2023-08-09T17:48:19","date_gmt":"2023-08-09T16:48:19","guid":{"rendered":"https:\/\/papajuliett.com\/konferencna-miza-iz-trupa-letala\/"},"modified":"2024-11-19T15:46:44","modified_gmt":"2024-11-19T14:46:44","slug":"konferencna-miza-iz-letala","status":"publish","type":"page","link":"https:\/\/papajuliett.com\/sl\/konferencna-miza-iz-letala\/","title":{"rendered":"KONFEREN\u010cNA MIZA IZ LETALA"},"content":{"rendered":"\n<div class=\"wp-block-group alignfull has-white-color has-body-color-background-color has-text-color has-background\" style=\"padding-top:130px;padding-right:0px;padding-bottom:0px;padding-left:0px\"><div class=\"wp-block-group__inner-container is-layout-constrained wp-container-core-group-is-layout-309d22b9 wp-block-group-is-layout-constrained\">\n<div class=\"wp-block-columns is-layout-flex wp-container-core-columns-is-layout-ccedf9e1 wp-block-columns-is-layout-flex\" style=\"margin-top:0px;margin-bottom:0px\">\n<div class=\"wp-block-column is-layout-flow wp-block-column-is-layout-flow\">\n<div class=\"wp-block-group has-body-color-background-color has-background\" style=\"margin-top:0px;margin-bottom:0px;padding-top:16px;padding-right:0px;padding-bottom:0px;padding-left:16px\"><div class=\"wp-block-group__inner-container is-layout-flow wp-block-group-is-layout-flow\">\n<h2 class=\"wp-block-heading has-text-align-left has-body-color-background-color has-background\" style=\"font-style:normal;font-weight:700;text-transform:uppercase\">KONFEREN\u010cNA MIZA IZ LETALA<\/h2>\n\n\n\n<p style=\"font-size:16px;font-style:normal;font-weight:500\">Konferen\u010dna miza iz letala- navdu\u0161ite va\u0161e poslovne partnerje. Zagotovite, da si vas bodo zapomnili.<\/p>\n\n\n\n<div class=\"wp-block-group has-body-color-background-color has-background\" style=\"padding-top:30px;padding-right:10%;padding-bottom:30px;padding-left:10%\"><div class=\"wp-block-group__inner-container is-layout-flow wp-block-group-is-layout-flow\"><\/div><\/div>\n<\/div><\/div>\n<\/div>\n\n\n\n<div class=\"wp-block-column has-small-font-size is-layout-flow wp-block-column-is-layout-flow\">\n<figure class=\"wp-block-image size-large\"><img decoding=\"async\" width=\"1024\" height=\"768\" src=\"https:\/\/papajuliett.com\/wp-content\/uploads\/2023\/05\/0EF0417C-F347-489B-9156-7E8658A3BE60-1024x768.jpeg\" alt=\"\" class=\"wp-image-6956\" srcset=\"https:\/\/papajuliett.com\/wp-content\/uploads\/2023\/05\/0EF0417C-F347-489B-9156-7E8658A3BE60-1024x768.jpeg 1024w, https:\/\/papajuliett.com\/wp-content\/uploads\/2023\/05\/0EF0417C-F347-489B-9156-7E8658A3BE60-300x225.jpeg 300w, https:\/\/papajuliett.com\/wp-content\/uploads\/2023\/05\/0EF0417C-F347-489B-9156-7E8658A3BE60-768x576.jpeg 768w, https:\/\/papajuliett.com\/wp-content\/uploads\/2023\/05\/0EF0417C-F347-489B-9156-7E8658A3BE60-1536x1152.jpeg 1536w, https:\/\/papajuliett.com\/wp-content\/uploads\/2023\/05\/0EF0417C-F347-489B-9156-7E8658A3BE60-2048x1536.jpeg 2048w, https:\/\/papajuliett.com\/wp-content\/uploads\/2023\/05\/0EF0417C-F347-489B-9156-7E8658A3BE60-600x450.jpeg 600w\" sizes=\"(max-width: 1024px) 100vw, 1024px\" \/><figcaption class=\"wp-element-caption\"><a href=\"https:\/\/papajuliett.com\/product\/crj-900-fuselage-conference-table\/\" target=\"_blank\" rel=\"noopener\" title=\"\">Konferen\u010dna miza iz trupa letala CRJ 900<\/a><\/figcaption><\/figure>\n<\/div>\n<\/div>\n\n\n\n<div class=\"wp-block-columns is-layout-flex wp-container-core-columns-is-layout-ccedf9e1 wp-block-columns-is-layout-flex\" style=\"margin-top:0px;margin-bottom:0px\">\n<div class=\"wp-block-column is-layout-flow wp-block-column-is-layout-flow\">\n<div class=\"wp-block-buttons is-content-justification-center is-layout-flex wp-container-core-buttons-is-layout-b5994976 wp-block-buttons-is-layout-flex\">\n<div class=\"wp-block-button has-custom-font-size is-style-fill has-small-font-size\"><a class=\"wp-block-button__link has-accent-background-color has-background has-text-align-center wp-element-button\" href=\"mailto:order@papajuliett.com\">Povpra\u0161evanje:<br>order@papajuliett.com<\/a><\/div>\n<\/div>\n<\/div>\n\n\n\n<div class=\"wp-block-column is-layout-flow wp-block-column-is-layout-flow\" style=\"padding-top:0px;padding-right:20px;padding-bottom:0px;padding-left:20px\">\n<p style=\"font-size:16px\"><br>Za svojo mizo izberite: <\/p>\n\n\n\n<p style=\"font-size:16px\">\u2192 opcije: miza iz trupa letala, iz krila, krmilnih povr\u0161in <br>\u2192 lahko se vidijo &#8220;rebra&#8221;<br>\u2192 slog stojala za mizo<br>\u2192 debelino steklene plo\u0161\u010de<br>\u2192 barvo <br>\u2192 velikost (koliko oseb) <br>\u2192 Mo\u017enosti osvetlitve LED<br>\u2192 izberite notranje povr\u0161ine<br>\u2192 poliran ali satenast aluminij<br><\/p>\n\n\n\n<p><\/p>\n\n\n\n<p style=\"font-size:16px\">Na\u0161a konferen\u010dna miza iz letalskega trupa je ve\u010d kot le kos pohi\u0161tva: je simbol mo\u010di in inovativnosti va\u0161ega podjetja. <\/p>\n\n\n\n<p style=\"font-size:16px\">Ta edinstven osrednji element v prostoru odra\u017ea va\u0161o zavezanost najsodobnej\u0161i tehnologiji, ustvarjalnosti ter duhu letenja, navdu\u0161uje stranke in navdihuje va\u0161o ekipo. Pooseblja bistvo va\u0161e blagovne znamke in zagotovi, da si vas bodo zapomnili vsi.<\/p>\n<\/div>\n<\/div>\n\n\n\n<div style=\"height:100px\" aria-hidden=\"true\" class=\"wp-block-spacer\"><\/div>\n\n\n\n<figure class=\"wp-block-gallery alignfull has-nested-images columns-default is-cropped wp-block-gallery-1 is-layout-flex wp-block-gallery-is-layout-flex\">\n<figure class=\"wp-block-image size-large\"><img decoding=\"async\" width=\"768\" height=\"1024\" data-id=\"6914\" src=\"https:\/\/papajuliett.com\/wp-content\/uploads\/2023\/05\/IMG_8124-2-768x1024.jpeg\" alt=\"\" class=\"wp-image-6914\" srcset=\"https:\/\/papajuliett.com\/wp-content\/uploads\/2023\/05\/IMG_8124-2-768x1024.jpeg 768w, https:\/\/papajuliett.com\/wp-content\/uploads\/2023\/05\/IMG_8124-2-225x300.jpeg 225w, https:\/\/papajuliett.com\/wp-content\/uploads\/2023\/05\/IMG_8124-2-1152x1536.jpeg 1152w, https:\/\/papajuliett.com\/wp-content\/uploads\/2023\/05\/IMG_8124-2-1536x2048.jpeg 1536w, https:\/\/papajuliett.com\/wp-content\/uploads\/2023\/05\/IMG_8124-2-600x800.jpeg 600w\" sizes=\"(max-width: 768px) 100vw, 768px\" \/><\/figure>\n\n\n\n<figure class=\"wp-block-image size-large\"><img decoding=\"async\" width=\"768\" height=\"1024\" data-id=\"6918\" src=\"https:\/\/papajuliett.com\/wp-content\/uploads\/2023\/05\/IMG_8142-2-768x1024.jpeg\" alt=\"\" class=\"wp-image-6918\" srcset=\"https:\/\/papajuliett.com\/wp-content\/uploads\/2023\/05\/IMG_8142-2-768x1024.jpeg 768w, https:\/\/papajuliett.com\/wp-content\/uploads\/2023\/05\/IMG_8142-2-225x300.jpeg 225w, https:\/\/papajuliett.com\/wp-content\/uploads\/2023\/05\/IMG_8142-2-1152x1536.jpeg 1152w, https:\/\/papajuliett.com\/wp-content\/uploads\/2023\/05\/IMG_8142-2-1536x2048.jpeg 1536w, https:\/\/papajuliett.com\/wp-content\/uploads\/2023\/05\/IMG_8142-2-600x800.jpeg 600w\" sizes=\"(max-width: 768px) 100vw, 768px\" \/><\/figure>\n\n\n\n<figure class=\"wp-block-image size-large\"><img decoding=\"async\" width=\"768\" height=\"1024\" data-id=\"6912\" src=\"https:\/\/papajuliett.com\/wp-content\/uploads\/2023\/05\/IMG_8120-768x1024.jpeg\" alt=\"\" class=\"wp-image-6912\" srcset=\"https:\/\/papajuliett.com\/wp-content\/uploads\/2023\/05\/IMG_8120-768x1024.jpeg 768w, https:\/\/papajuliett.com\/wp-content\/uploads\/2023\/05\/IMG_8120-225x300.jpeg 225w, https:\/\/papajuliett.com\/wp-content\/uploads\/2023\/05\/IMG_8120-1152x1536.jpeg 1152w, https:\/\/papajuliett.com\/wp-content\/uploads\/2023\/05\/IMG_8120-1536x2048.jpeg 1536w, https:\/\/papajuliett.com\/wp-content\/uploads\/2023\/05\/IMG_8120-600x800.jpeg 600w\" sizes=\"(max-width: 768px) 100vw, 768px\" \/><\/figure>\n\n\n\n<figure class=\"wp-block-image size-large\"><img decoding=\"async\" width=\"1024\" height=\"577\" data-id=\"6902\" src=\"https:\/\/papajuliett.com\/wp-content\/uploads\/2023\/05\/IMG_8160-2-1024x577.jpg\" alt=\"\" class=\"wp-image-6902\" srcset=\"https:\/\/papajuliett.com\/wp-content\/uploads\/2023\/05\/IMG_8160-2-1024x577.jpg 1024w, https:\/\/papajuliett.com\/wp-content\/uploads\/2023\/05\/IMG_8160-2-300x169.jpg 300w, https:\/\/papajuliett.com\/wp-content\/uploads\/2023\/05\/IMG_8160-2-768x432.jpg 768w, https:\/\/papajuliett.com\/wp-content\/uploads\/2023\/05\/IMG_8160-2-1536x865.jpg 1536w, https:\/\/papajuliett.com\/wp-content\/uploads\/2023\/05\/IMG_8160-2-600x338.jpg 600w, https:\/\/papajuliett.com\/wp-content\/uploads\/2023\/05\/IMG_8160-2.jpg 2048w\" sizes=\"(max-width: 1024px) 100vw, 1024px\" \/><\/figure>\n\n\n\n<figure class=\"wp-block-image size-large\"><img decoding=\"async\" width=\"1024\" height=\"577\" data-id=\"7306\" src=\"https:\/\/papajuliett.com\/wp-content\/uploads\/2023\/06\/IMG_8288-1024x577.jpeg\" alt=\"konferen\u010dna miza iz letala\" class=\"wp-image-7306\" srcset=\"https:\/\/papajuliett.com\/wp-content\/uploads\/2023\/06\/IMG_8288-1024x577.jpeg 1024w, https:\/\/papajuliett.com\/wp-content\/uploads\/2023\/06\/IMG_8288-300x169.jpeg 300w, https:\/\/papajuliett.com\/wp-content\/uploads\/2023\/06\/IMG_8288-768x432.jpeg 768w, https:\/\/papajuliett.com\/wp-content\/uploads\/2023\/06\/IMG_8288-1536x865.jpeg 1536w, https:\/\/papajuliett.com\/wp-content\/uploads\/2023\/06\/IMG_8288-600x338.jpeg 600w, https:\/\/papajuliett.com\/wp-content\/uploads\/2023\/06\/IMG_8288.jpeg 2048w\" sizes=\"(max-width: 1024px) 100vw, 1024px\" \/><figcaption class=\"wp-element-caption\">konferen\u010dna miza iz trupa<\/figcaption><\/figure>\n<\/figure>\n<\/div><\/div>\n\n\n\n<p>Kako je bila izdelana:<\/p>\n\n\n\n<figure class=\"wp-block-embed is-type-video is-provider-youtube wp-block-embed-youtube wp-embed-aspect-16-9 wp-has-aspect-ratio\"><div class=\"wp-block-embed__wrapper\">\n<iframe title=\"Amazing Airplane Fuselage Conference Table!\" width=\"750\" height=\"422\" src=\"https:\/\/www.youtube.com\/embed\/06Bpn8vHgGg?feature=oembed\" frameborder=\"0\" allow=\"accelerometer; autoplay; clipboard-write; encrypted-media; gyroscope; picture-in-picture; web-share\" referrerpolicy=\"strict-origin-when-cross-origin\" allowfullscreen><\/iframe>\n<\/div><\/figure>\n\n\n\n<p><\/p>\n","protected":false},"excerpt":{"rendered":"<p>KONFEREN\u010cNA MIZA IZ LETALA Konferen\u010dna miza iz letala- navdu\u0161ite va\u0161e poslovne partnerje. Zagotovite, da si vas bodo zapomnili. Za svojo mizo izberite: \u2192 opcije: miza iz trupa letala, iz krila, krmilnih povr\u0161in \u2192 lahko se vidijo &#8220;rebra&#8221;\u2192 slog stojala za mizo\u2192 debelino steklene plo\u0161\u010de\u2192 barvo \u2192 velikost (koliko oseb) \u2192 [&hellip;]<\/p>\n","protected":false},"author":6,"featured_media":4995,"parent":0,"menu_order":0,"comment_status":"closed","ping_status":"closed","template":"","meta":{"om_disable_all_campaigns":false,"_monsterinsights_skip_tracking":false,"_monsterinsights_sitenote_active":false,"_monsterinsights_sitenote_note":"","_monsterinsights_sitenote_category":0,"iawp_total_views":68,"footnotes":""},"class_list":["post-7898","page","type-page","status-publish","has-post-thumbnail","hentry"],"aioseo_notices":[],"_links":{"self":[{"href":"https:\/\/papajuliett.com\/sl\/wp-json\/wp\/v2\/pages\/7898","targetHints":{"allow":["GET"]}}],"collection":[{"href":"https:\/\/papajuliett.com\/sl\/wp-json\/wp\/v2\/pages"}],"about":[{"href":"https:\/\/papajuliett.com\/sl\/wp-json\/wp\/v2\/types\/page"}],"author":[{"embeddable":true,"href":"https:\/\/papajuliett.com\/sl\/wp-json\/wp\/v2\/users\/6"}],"replies":[{"embeddable":true,"href":"https:\/\/papajuliett.com\/sl\/wp-json\/wp\/v2\/comments?post=7898"}],"version-history":[{"count":5,"href":"https:\/\/papajuliett.com\/sl\/wp-json\/wp\/v2\/pages\/7898\/revisions"}],"predecessor-version":[{"id":9053,"href":"https:\/\/papajuliett.com\/sl\/wp-json\/wp\/v2\/pages\/7898\/revisions\/9053"}],"wp:featuredmedia":[{"embeddable":true,"href":"https:\/\/papajuliett.com\/sl\/wp-json\/wp\/v2\/media\/4995"}],"wp:attachment":[{"href":"https:\/\/papajuliett.com\/sl\/wp-json\/wp\/v2\/media?parent=7898"}],"curies":[{"name":"wp","href":"https:\/\/api.w.org\/{rel}","templated":true}]}}