{"id":7888,"date":"2023-08-09T13:24:40","date_gmt":"2023-08-09T12:24:40","guid":{"rendered":"https:\/\/papajuliett.com\/notranjost-z-letalsko-tematiko\/"},"modified":"2024-11-19T15:53:10","modified_gmt":"2024-11-19T14:53:10","slug":"notranja-oprema-z-letalsko-tematiko","status":"publish","type":"page","link":"https:\/\/papajuliett.com\/sl\/notranja-oprema-z-letalsko-tematiko\/","title":{"rendered":"NOTRANJA OPREMA Z LETALSKO TEMATIKO"},"content":{"rendered":"\n<div class=\"wp-block-group alignfull has-white-color has-body-color-background-color has-text-color has-background\" style=\"padding-top:130px;padding-right:0px;padding-bottom:0px;padding-left:0px\"><div class=\"wp-block-group__inner-container is-layout-constrained wp-container-core-group-is-layout-309d22b9 wp-block-group-is-layout-constrained\">\n<div class=\"wp-block-columns is-layout-flex wp-container-core-columns-is-layout-ccedf9e1 wp-block-columns-is-layout-flex\" style=\"margin-top:0px;margin-bottom:0px\">\n<div class=\"wp-block-column is-layout-flow wp-block-column-is-layout-flow\">\n<div class=\"wp-block-group has-body-color-background-color has-background\" style=\"margin-top:0px;margin-bottom:0px;padding-top:16px;padding-right:0px;padding-bottom:0px;padding-left:16px\"><div class=\"wp-block-group__inner-container is-layout-flow wp-block-group-is-layout-flow\">\n<div class=\"wp-block-group has-body-color-background-color has-background\" style=\"padding-top:30px;padding-right:10%;padding-bottom:30px;padding-left:10%\"><div class=\"wp-block-group__inner-container is-layout-flow wp-block-group-is-layout-flow\">\n<h2 class=\"wp-block-heading\" style=\"font-style:normal;font-weight:700;text-transform:uppercase\">NOTRANJA OPREMA Z LETALSKO TEMATIKO<\/h2>\n\n\n\n<p style=\"font-size:16px;font-style:normal;font-weight:500;letter-spacing:1px\">Ste pripravljeni vzleteti v svet edinstvenega dizajna? Izberite notranjo opremo z letalsko tematiko. <\/p>\n<\/div><\/div>\n<\/div><\/div>\n<\/div>\n\n\n\n<div class=\"wp-block-column is-layout-flow wp-block-column-is-layout-flow\">\n<figure class=\"wp-block-image size-full\"><img decoding=\"async\" width=\"752\" height=\"756\" src=\"https:\/\/papajuliett.com\/wp-content\/uploads\/2021\/05\/received_168827348363723.jpg\" alt=\"notranja oprema z letalsko tematiko\" class=\"wp-image-566\" srcset=\"https:\/\/papajuliett.com\/wp-content\/uploads\/2021\/05\/received_168827348363723.jpg 752w, https:\/\/papajuliett.com\/wp-content\/uploads\/2021\/05\/received_168827348363723-230x230.jpg 230w, https:\/\/papajuliett.com\/wp-content\/uploads\/2021\/05\/received_168827348363723-160x160.jpg 160w, https:\/\/papajuliett.com\/wp-content\/uploads\/2021\/05\/received_168827348363723-600x603.jpg 600w, https:\/\/papajuliett.com\/wp-content\/uploads\/2021\/05\/received_168827348363723-298x300.jpg 298w, https:\/\/papajuliett.com\/wp-content\/uploads\/2021\/05\/received_168827348363723-150x150.jpg 150w\" sizes=\"(max-width: 752px) 100vw, 752px\" \/><\/figure>\n<\/div>\n<\/div>\n\n\n\n<div class=\"wp-block-columns is-layout-flex wp-container-core-columns-is-layout-ccedf9e1 wp-block-columns-is-layout-flex\" style=\"margin-top:0px;margin-bottom:0px\">\n<div class=\"wp-block-column is-layout-flow wp-block-column-is-layout-flow\">\n<div class=\"wp-block-buttons is-content-justification-center is-layout-flex wp-container-core-buttons-is-layout-72caf8c6 wp-block-buttons-is-layout-flex\">\n<div class=\"wp-block-button has-custom-width wp-block-button__width-75 has-custom-font-size has-small-font-size\"><a class=\"wp-block-button__link has-accent-background-color has-background wp-element-button\" href=\"mailto:order@papajuliett.com\" style=\"border-radius:100px\" target=\"_blank\" rel=\"noreferrer noopener\"><strong>Povpra\u0161evanje: <br>order@papajuliett.com<\/strong><\/a><\/div>\n<\/div>\n<\/div>\n\n\n\n<div class=\"wp-block-column is-layout-flow wp-block-column-is-layout-flow\" style=\"padding-top:0px;padding-right:20px;padding-bottom:0px;padding-left:20px\">\n<p><\/p>\n\n\n\n<p style=\"font-size:16px\">Od miz iz delov kril do ogledal, izdelanih iz letalskih motorjev \u2013 va\u0161 prostor lahko postane dinami\u010den odraz va\u0161e strasti do letalstva. Dovolite, da va\u0161a notranja oprema pripoveduje va\u0161o zgodbo in doda brez\u010dasno eleganco vsakemu koti\u010dku.<\/p>\n\n\n\n<p style=\"font-size:16px\">Dodajte k temu \u0161e prispevek ekologiji z na\u0161imi ve\u010dvrednostno recikliranimi kosi in u\u017eivajte v popolnem okolju za spodbujanje ustvarjalnosti, ki prina\u0161a nove zmage za vas in va\u0161o ekipo.<\/p>\n\n\n\n<p style=\"font-size:16px\"><br> <\/p>\n<\/div>\n<\/div>\n\n\n\n<div style=\"height:100px\" aria-hidden=\"true\" class=\"wp-block-spacer\"><\/div>\n\n\n\n<figure class=\"wp-block-gallery alignfull has-nested-images columns-default is-cropped wp-block-gallery-1 is-layout-flex wp-block-gallery-is-layout-flex\">\n<figure class=\"wp-block-image size-full\"><img decoding=\"async\" width=\"1024\" height=\"905\" data-id=\"6189\" src=\"https:\/\/papajuliett.com\/wp-content\/uploads\/2023\/01\/41750fd0-3521-4b5a-bc74-aae4250da2b5-2.jpg\" alt=\"\u010crna linija, miza za kavo\" class=\"wp-image-6189\" srcset=\"https:\/\/papajuliett.com\/wp-content\/uploads\/2023\/01\/41750fd0-3521-4b5a-bc74-aae4250da2b5-2.jpg 1024w, https:\/\/papajuliett.com\/wp-content\/uploads\/2023\/01\/41750fd0-3521-4b5a-bc74-aae4250da2b5-2-300x265.jpg 300w, https:\/\/papajuliett.com\/wp-content\/uploads\/2023\/01\/41750fd0-3521-4b5a-bc74-aae4250da2b5-2-768x679.jpg 768w, https:\/\/papajuliett.com\/wp-content\/uploads\/2023\/01\/41750fd0-3521-4b5a-bc74-aae4250da2b5-2-600x530.jpg 600w\" sizes=\"(max-width: 1024px) 100vw, 1024px\" \/><figcaption class=\"wp-element-caption\"><a href=\"https:\/\/papajuliett.com\/sl\/izdelek\/klubska-mizica-aztec-spinner-black-edition\/\" target=\"_blank\" rel=\"noopener\" title=\"\">klubska miza Aztec<\/a> L410 v<a href=\"https:\/\/papajuliett.com\/sl\/izdelek\/l410-skulptura-lopatica-propelerja\/\" target=\"_blank\" rel=\"noopener\" title=\"\">dnevni sobi <\/a> <\/figcaption><\/figure>\n\n\n\n<figure class=\"wp-block-image size-large\"><img decoding=\"async\" width=\"661\" height=\"1024\" data-id=\"7520\" src=\"https:\/\/papajuliett.com\/wp-content\/uploads\/2023\/08\/image0-3-661x1024.jpeg\" alt=\"\" class=\"wp-image-7520\" srcset=\"https:\/\/papajuliett.com\/wp-content\/uploads\/2023\/08\/image0-3-661x1024.jpeg 661w, https:\/\/papajuliett.com\/wp-content\/uploads\/2023\/08\/image0-3-194x300.jpeg 194w, https:\/\/papajuliett.com\/wp-content\/uploads\/2023\/08\/image0-3-768x1190.jpeg 768w, https:\/\/papajuliett.com\/wp-content\/uploads\/2023\/08\/image0-3-991x1536.jpeg 991w, https:\/\/papajuliett.com\/wp-content\/uploads\/2023\/08\/image0-3-1321x2048.jpeg 1321w, https:\/\/papajuliett.com\/wp-content\/uploads\/2023\/08\/image0-3-600x930.jpeg 600w, https:\/\/papajuliett.com\/wp-content\/uploads\/2023\/08\/image0-3.jpeg 1537w\" sizes=\"(max-width: 661px) 100vw, 661px\" \/><figcaption class=\"wp-element-caption\"><a href=\"https:\/\/papajuliett.com\/sl\/izdelek\/stenska-ura-crj-200-adria-airways\/\" target=\"_blank\" rel=\"noopener\" title=\"\">Stenska ura<\/a> in klubska<a href=\"https:\/\/papajuliett.com\/sl\/izdelek\/klubska-mizica-red-jet-flap-l29-dolphin\/\" target=\"_blank\" rel=\"noopener\" title=\"\"> miza (rde\u010da linija) <\/a><\/figcaption><\/figure>\n\n\n\n<figure class=\"wp-block-image size-large\"><img decoding=\"async\" width=\"768\" height=\"1024\" data-id=\"7241\" src=\"https:\/\/papajuliett.com\/wp-content\/uploads\/2023\/05\/IMG_0519-768x1024.jpeg\" alt=\"Stenski dekor propeler letala Cessna 172\" class=\"wp-image-7241\" srcset=\"https:\/\/papajuliett.com\/wp-content\/uploads\/2023\/05\/IMG_0519-768x1024.jpeg 768w, https:\/\/papajuliett.com\/wp-content\/uploads\/2023\/05\/IMG_0519-225x300.jpeg 225w, https:\/\/papajuliett.com\/wp-content\/uploads\/2023\/05\/IMG_0519-1152x1536.jpeg 1152w, https:\/\/papajuliett.com\/wp-content\/uploads\/2023\/05\/IMG_0519-1536x2048.jpeg 1536w, https:\/\/papajuliett.com\/wp-content\/uploads\/2023\/05\/IMG_0519-600x800.jpeg 600w\" sizes=\"(max-width: 768px) 100vw, 768px\" \/><figcaption class=\"wp-element-caption\"><a href=\"https:\/\/papajuliett.com\/sl\/izdelek\/l410-skulptura-lopatica-propelerja\/\" target=\"_blank\" rel=\"noopener\" title=\"\">Stenski dekor Cessna 172 Propeler<\/a><\/figcaption><\/figure>\n\n\n\n<figure class=\"wp-block-image size-full\"><img decoding=\"async\" width=\"752\" height=\"756\" data-id=\"566\" src=\"https:\/\/papajuliett.com\/wp-content\/uploads\/2021\/05\/received_168827348363723.jpg\" alt=\"\" class=\"wp-image-566\" srcset=\"https:\/\/papajuliett.com\/wp-content\/uploads\/2021\/05\/received_168827348363723.jpg 752w, https:\/\/papajuliett.com\/wp-content\/uploads\/2021\/05\/received_168827348363723-230x230.jpg 230w, https:\/\/papajuliett.com\/wp-content\/uploads\/2021\/05\/received_168827348363723-160x160.jpg 160w, https:\/\/papajuliett.com\/wp-content\/uploads\/2021\/05\/received_168827348363723-600x603.jpg 600w, https:\/\/papajuliett.com\/wp-content\/uploads\/2021\/05\/received_168827348363723-298x300.jpg 298w, https:\/\/papajuliett.com\/wp-content\/uploads\/2021\/05\/received_168827348363723-150x150.jpg 150w\" sizes=\"(max-width: 752px) 100vw, 752px\" \/><figcaption class=\"wp-element-caption\">Okna letala s fotografijami in sede\u017ei v turisti\u010dni agenciji <\/figcaption><\/figure>\n\n\n\n<figure class=\"wp-block-image size-large\"><img decoding=\"async\" width=\"768\" height=\"1024\" data-id=\"6918\" src=\"https:\/\/papajuliett.com\/wp-content\/uploads\/2023\/05\/IMG_8142-2-768x1024.jpeg\" alt=\"\" class=\"wp-image-6918\" srcset=\"https:\/\/papajuliett.com\/wp-content\/uploads\/2023\/05\/IMG_8142-2-768x1024.jpeg 768w, https:\/\/papajuliett.com\/wp-content\/uploads\/2023\/05\/IMG_8142-2-225x300.jpeg 225w, https:\/\/papajuliett.com\/wp-content\/uploads\/2023\/05\/IMG_8142-2-1152x1536.jpeg 1152w, https:\/\/papajuliett.com\/wp-content\/uploads\/2023\/05\/IMG_8142-2-1536x2048.jpeg 1536w, https:\/\/papajuliett.com\/wp-content\/uploads\/2023\/05\/IMG_8142-2-600x800.jpeg 600w\" sizes=\"(max-width: 768px) 100vw, 768px\" \/><figcaption class=\"wp-element-caption\">Konferen\u010dna miza iz letalskega trupa za letalsko podjetje<\/figcaption><\/figure>\n<\/figure>\n<\/div><\/div>\n","protected":false},"excerpt":{"rendered":"<p>NOTRANJA OPREMA Z LETALSKO TEMATIKO Ste pripravljeni vzleteti v svet edinstvenega dizajna? Izberite notranjo opremo z letalsko tematiko. Od miz iz delov kril do ogledal, izdelanih iz letalskih motorjev \u2013 va\u0161 prostor lahko postane dinami\u010den odraz va\u0161e strasti do letalstva. Dovolite, da va\u0161a notranja oprema pripoveduje va\u0161o zgodbo in doda [&hellip;]<\/p>\n","protected":false},"author":6,"featured_media":4995,"parent":0,"menu_order":0,"comment_status":"closed","ping_status":"closed","template":"","meta":{"om_disable_all_campaigns":false,"_monsterinsights_skip_tracking":false,"_monsterinsights_sitenote_active":false,"_monsterinsights_sitenote_note":"","_monsterinsights_sitenote_category":0,"iawp_total_views":70,"footnotes":""},"class_list":["post-7888","page","type-page","status-publish","has-post-thumbnail","hentry"],"aioseo_notices":[],"_links":{"self":[{"href":"https:\/\/papajuliett.com\/sl\/wp-json\/wp\/v2\/pages\/7888","targetHints":{"allow":["GET"]}}],"collection":[{"href":"https:\/\/papajuliett.com\/sl\/wp-json\/wp\/v2\/pages"}],"about":[{"href":"https:\/\/papajuliett.com\/sl\/wp-json\/wp\/v2\/types\/page"}],"author":[{"embeddable":true,"href":"https:\/\/papajuliett.com\/sl\/wp-json\/wp\/v2\/users\/6"}],"replies":[{"embeddable":true,"href":"https:\/\/papajuliett.com\/sl\/wp-json\/wp\/v2\/comments?post=7888"}],"version-history":[{"count":6,"href":"https:\/\/papajuliett.com\/sl\/wp-json\/wp\/v2\/pages\/7888\/revisions"}],"predecessor-version":[{"id":9060,"href":"https:\/\/papajuliett.com\/sl\/wp-json\/wp\/v2\/pages\/7888\/revisions\/9060"}],"wp:featuredmedia":[{"embeddable":true,"href":"https:\/\/papajuliett.com\/sl\/wp-json\/wp\/v2\/media\/4995"}],"wp:attachment":[{"href":"https:\/\/papajuliett.com\/sl\/wp-json\/wp\/v2\/media?parent=7888"}],"curies":[{"name":"wp","href":"https:\/\/api.w.org\/{rel}","templated":true}]}}