{"id":7877,"date":"2023-08-07T18:51:11","date_gmt":"2023-08-07T17:51:11","guid":{"rendered":"https:\/\/papajuliett.com\/letalska-darila\/"},"modified":"2025-01-13T19:17:23","modified_gmt":"2025-01-13T18:17:23","slug":"letalska-darila","status":"publish","type":"page","link":"https:\/\/papajuliett.com\/sl\/letalska-darila\/","title":{"rendered":"LETALSKA DARILA"},"content":{"rendered":"\n<div class=\"wp-block-group alignfull has-white-color has-body-color-background-color has-text-color has-background\" style=\"padding-top:130px;padding-right:0px;padding-bottom:0px;padding-left:0px\"><div class=\"wp-block-group__inner-container is-layout-constrained wp-container-core-group-is-layout-309d22b9 wp-block-group-is-layout-constrained\">\n<div class=\"wp-block-columns is-layout-flex wp-container-core-columns-is-layout-ccedf9e1 wp-block-columns-is-layout-flex\" style=\"margin-top:0px;margin-bottom:0px\">\n<div class=\"wp-block-column is-layout-flow wp-block-column-is-layout-flow\">\n<h2 class=\"wp-block-heading has-body-color-background-color has-background\" style=\"font-style:normal;font-weight:700;text-transform:uppercase\">LETALSKA DARILA<\/h2>\n\n\n\n<div class=\"wp-block-group has-body-color-background-color has-background\" style=\"margin-top:0px;margin-bottom:0px;padding-top:16px;padding-right:0px;padding-bottom:0px;padding-left:16px\"><div class=\"wp-block-group__inner-container is-layout-flow wp-block-group-is-layout-flow\">\n<p style=\"font-size:16px;font-style:normal;font-weight:500;letter-spacing:1px\">Letalska darila so unikatni letalski kosi, predelani v luksuzno umetni\u0161ko pohi\u0161tvo in dekor. Slu\u017eijo kot poklon kariernemu uspehu, odsevajo ljubezen do potovanj, kreativnih re\u0161itev, svobode in so edinstveno presene\u010denje.<\/p>\n\n\n\n<div class=\"wp-block-group has-body-color-background-color has-background\" style=\"padding-top:30px;padding-right:10%;padding-bottom:30px;padding-left:10%\"><div class=\"wp-block-group__inner-container is-layout-flow wp-block-group-is-layout-flow\">\n<p><\/p>\n<\/div><\/div>\n<\/div><\/div>\n\n\n\n<hr class=\"wp-block-separator has-alpha-channel-opacity\"\/>\n<\/div>\n\n\n\n<div class=\"wp-block-column is-layout-flow wp-block-column-is-layout-flow\">\n<figure class=\"wp-block-image size-large\"><img decoding=\"async\" width=\"1024\" height=\"768\" src=\"https:\/\/papajuliett.com\/wp-content\/uploads\/2022\/05\/281560505_2845766565717132_3917612170195507080_n-1024x768.jpg\" alt=\"letalska darila\" class=\"wp-image-3504\" srcset=\"https:\/\/papajuliett.com\/wp-content\/uploads\/2022\/05\/281560505_2845766565717132_3917612170195507080_n-1024x768.jpg 1024w, https:\/\/papajuliett.com\/wp-content\/uploads\/2022\/05\/281560505_2845766565717132_3917612170195507080_n-600x450.jpg 600w, https:\/\/papajuliett.com\/wp-content\/uploads\/2022\/05\/281560505_2845766565717132_3917612170195507080_n-300x225.jpg 300w, https:\/\/papajuliett.com\/wp-content\/uploads\/2022\/05\/281560505_2845766565717132_3917612170195507080_n-768x576.jpg 768w, https:\/\/papajuliett.com\/wp-content\/uploads\/2022\/05\/281560505_2845766565717132_3917612170195507080_n-16x12.jpg 16w, https:\/\/papajuliett.com\/wp-content\/uploads\/2022\/05\/281560505_2845766565717132_3917612170195507080_n.jpg 1080w\" sizes=\"(max-width: 1024px) 100vw, 1024px\" \/><\/figure>\n<\/div>\n<\/div>\n\n\n\n<div class=\"wp-block-columns is-layout-flex wp-container-core-columns-is-layout-ccedf9e1 wp-block-columns-is-layout-flex\" style=\"margin-top:0px;margin-bottom:0px\">\n<div class=\"wp-block-column is-layout-flow wp-block-column-is-layout-flow\">\n<div class=\"wp-block-buttons is-content-justification-center is-layout-flex wp-container-core-buttons-is-layout-a89b3969 wp-block-buttons-is-layout-flex\">\n<div class=\"wp-block-button has-custom-width wp-block-button__width-75 has-custom-font-size\" style=\"font-size:14px;font-style:normal;font-weight:500\"><a class=\"wp-block-button__link has-accent-background-color has-background wp-element-button\" href=\"mailto:order@papajuliett.com\" style=\"border-radius:100px\" target=\"_blank\" rel=\"noreferrer noopener\">Povpra\u0161evanje: <br>order@papajuliett.com<\/a><\/div>\n<\/div>\n<\/div>\n\n\n\n<div class=\"wp-block-column has-body-color-background-color has-background is-layout-flow wp-block-column-is-layout-flow\" style=\"padding-top:0px;padding-right:20px;padding-bottom:0px;padding-left:20px\">\n<p style=\"font-size:16px\">\u010ce podarite umetni\u0161ki kos, narejen iz dela letala boste v o\u010deh obdarovanca nekaj \u010disto posebnega in zapomnili si vas bodo za vedno. Letalski dekor ima mo\u010d vzbuditi mo\u010dna \u010dustva, navdihniti z inspiracijo, negovati lepe spomine. V dom ali pisarno vnese vznemirljivost letenja in \u0161irino horizonta.<\/p>\n\n\n\n<p style=\"font-size:16px\">Za izku\u0161enega pilota je letalski dekor kompliment njegovi karieri, za letalskega navdu\u0161enca simbol strasti, za popotnika pa iskrica navdiha in spomin na pretekle ter prihodnje dogodiv\u0161\u010dine. Tudi za tiste, ki preprosto obo\u017eujejo druga\u010den notranji dizajn, so izdelki z letalsko tematiko dodatna popestritev vsakega prostora in morda ravno tista pika na &#8220;i&#8221;, ki jo i\u0161\u010dejo.<\/p>\n\n\n\n<p style=\"font-size:16px\">Podariti letalski dekor ni le dobra investicija in odraz uspeha- je tudi podarjena izku\u0161nja ter brez\u010dasen opomnik, da nemogo\u010de je mogo\u010de.<\/p>\n\n\n\n<p><\/p>\n\n\n\n<blockquote class=\"wp-block-quote is-layout-flow wp-block-quote-is-layout-flow\">\n<p style=\"font-size:16px;font-style:normal;font-weight:500\"><em>&#8220;Znanost, svoboda, lepota, pustolov\u0161\u010dina: kaj ve\u010d bi si lahko \u017eeleli od \u017eivljenja? Letalstvo je zdru\u017eevalo vse elemente, ki sem jih imel rad.&#8221;<\/em><\/p>\n<cite>Ameri\u0161ki letalec Charles Lindbergh <\/cite><\/blockquote>\n<\/div>\n<\/div>\n\n\n\n<div style=\"height:100px\" aria-hidden=\"true\" class=\"wp-block-spacer\"><\/div>\n\n\n\n<figure class=\"wp-block-gallery alignfull has-nested-images columns-default is-cropped wp-block-gallery-1 is-layout-flex wp-block-gallery-is-layout-flex\">\n<figure class=\"wp-block-image size-large\"><img decoding=\"async\" width=\"1024\" height=\"799\" data-id=\"7538\" src=\"https:\/\/papajuliett.com\/wp-content\/uploads\/2023\/08\/IMG_4178-1024x799.jpeg\" alt=\"\" class=\"wp-image-7538\" srcset=\"https:\/\/papajuliett.com\/wp-content\/uploads\/2023\/08\/IMG_4178-1024x799.jpeg 1024w, https:\/\/papajuliett.com\/wp-content\/uploads\/2023\/08\/IMG_4178-300x234.jpeg 300w, https:\/\/papajuliett.com\/wp-content\/uploads\/2023\/08\/IMG_4178-768x599.jpeg 768w, https:\/\/papajuliett.com\/wp-content\/uploads\/2023\/08\/IMG_4178-600x468.jpeg 600w, https:\/\/papajuliett.com\/wp-content\/uploads\/2023\/08\/IMG_4178.jpeg 1319w\" sizes=\"(max-width: 1024px) 100vw, 1024px\" \/><figcaption class=\"wp-element-caption\">Odli\u010dno darilo za pilota<\/figcaption><\/figure>\n\n\n\n<figure class=\"wp-block-image size-large\"><img decoding=\"async\" width=\"819\" height=\"1024\" data-id=\"7565\" src=\"https:\/\/papajuliett.com\/wp-content\/uploads\/2023\/08\/Bar-iz-krila-prodan-v-Tecnam-819x1024.jpeg\" alt=\"\" class=\"wp-image-7565\" srcset=\"https:\/\/papajuliett.com\/wp-content\/uploads\/2023\/08\/Bar-iz-krila-prodan-v-Tecnam-819x1024.jpeg 819w, https:\/\/papajuliett.com\/wp-content\/uploads\/2023\/08\/Bar-iz-krila-prodan-v-Tecnam-240x300.jpeg 240w, https:\/\/papajuliett.com\/wp-content\/uploads\/2023\/08\/Bar-iz-krila-prodan-v-Tecnam-768x960.jpeg 768w, https:\/\/papajuliett.com\/wp-content\/uploads\/2023\/08\/Bar-iz-krila-prodan-v-Tecnam-600x750.jpeg 600w, https:\/\/papajuliett.com\/wp-content\/uploads\/2023\/08\/Bar-iz-krila-prodan-v-Tecnam.jpeg 960w\" sizes=\"(max-width: 819px) 100vw, 819px\" \/><figcaption class=\"wp-element-caption\">Darilo za podjetje Tecnam Aircraft v Italiji<\/figcaption><\/figure>\n\n\n\n<figure class=\"wp-block-image size-large\"><img decoding=\"async\" width=\"814\" height=\"1024\" data-id=\"7575\" src=\"https:\/\/papajuliett.com\/wp-content\/uploads\/2023\/08\/349162477_766359915042989_4427716617248066816_n-814x1024.jpg\" alt=\"\" class=\"wp-image-7575\" srcset=\"https:\/\/papajuliett.com\/wp-content\/uploads\/2023\/08\/349162477_766359915042989_4427716617248066816_n-814x1024.jpg 814w, https:\/\/papajuliett.com\/wp-content\/uploads\/2023\/08\/349162477_766359915042989_4427716617248066816_n-239x300.jpg 239w, https:\/\/papajuliett.com\/wp-content\/uploads\/2023\/08\/349162477_766359915042989_4427716617248066816_n-768x966.jpg 768w, https:\/\/papajuliett.com\/wp-content\/uploads\/2023\/08\/349162477_766359915042989_4427716617248066816_n-1221x1536.jpg 1221w, https:\/\/papajuliett.com\/wp-content\/uploads\/2023\/08\/349162477_766359915042989_4427716617248066816_n-600x755.jpg 600w, https:\/\/papajuliett.com\/wp-content\/uploads\/2023\/08\/349162477_766359915042989_4427716617248066816_n.jpg 1272w\" sizes=\"(max-width: 814px) 100vw, 814px\" \/><figcaption class=\"wp-element-caption\">Darilo za rojstni dan profesionalnega pilota<\/figcaption><\/figure>\n<\/figure>\n<\/div><\/div>\n\n\n\n<p><\/p>\n\n\n\n<figure class=\"wp-block-gallery has-nested-images columns-default is-cropped has-body-color-background-color has-background wp-block-gallery-2 is-layout-flex wp-block-gallery-is-layout-flex\">\n<figure data-wp-context=\"{&quot;imageId&quot;:&quot;69f312f8cfe79&quot;}\" data-wp-interactive=\"core\/image\" data-wp-key=\"69f312f8cfe79\" class=\"wp-block-image size-large wp-lightbox-container\"><img decoding=\"async\" width=\"1024\" height=\"665\" data-wp-class--hide=\"state.isContentHidden\" data-wp-class--show=\"state.isContentVisible\" data-wp-init=\"callbacks.setButtonStyles\" data-wp-on--click=\"actions.showLightbox\" data-wp-on--load=\"callbacks.setButtonStyles\" data-wp-on-window--resize=\"callbacks.setButtonStyles\" data-id=\"8160\" src=\"https:\/\/papajuliett.com\/wp-content\/uploads\/2023\/11\/IMG_7275-1024x665.jpg\" alt=\"\" class=\"wp-image-8160\" srcset=\"https:\/\/papajuliett.com\/wp-content\/uploads\/2023\/11\/IMG_7275-1024x665.jpg 1024w, https:\/\/papajuliett.com\/wp-content\/uploads\/2023\/11\/IMG_7275-300x195.jpg 300w, https:\/\/papajuliett.com\/wp-content\/uploads\/2023\/11\/IMG_7275-768x499.jpg 768w, https:\/\/papajuliett.com\/wp-content\/uploads\/2023\/11\/IMG_7275-600x390.jpg 600w, https:\/\/papajuliett.com\/wp-content\/uploads\/2023\/11\/IMG_7275.jpg 1290w\" sizes=\"(max-width: 1024px) 100vw, 1024px\" \/><button\n\t\t\tclass=\"lightbox-trigger\"\n\t\t\ttype=\"button\"\n\t\t\taria-haspopup=\"dialog\"\n\t\t\taria-label=\"Pove\u010daj\"\n\t\t\tdata-wp-init=\"callbacks.initTriggerButton\"\n\t\t\tdata-wp-on--click=\"actions.showLightbox\"\n\t\t\tdata-wp-style--right=\"state.imageButtonRight\"\n\t\t\tdata-wp-style--top=\"state.imageButtonTop\"\n\t\t>\n\t\t\t<svg xmlns=\"http:\/\/www.w3.org\/2000\/svg\" width=\"12\" height=\"12\" fill=\"none\" viewBox=\"0 0 12 12\">\n\t\t\t\t<path fill=\"#fff\" d=\"M2 0a2 2 0 0 0-2 2v2h1.5V2a.5.5 0 0 1 .5-.5h2V0H2Zm2 10.5H2a.5.5 0 0 1-.5-.5V8H0v2a2 2 0 0 0 2 2h2v-1.5ZM8 12v-1.5h2a.5.5 0 0 0 .5-.5V8H12v2a2 2 0 0 1-2 2H8Zm2-12a2 2 0 0 1 2 2v2h-1.5V2a.5.5 0 0 0-.5-.5H8V0h2Z\" \/>\n\t\t\t<\/svg>\n\t\t<\/button><figcaption class=\"wp-element-caption\">Boeing 757 Wall Bar for Blueberry Aviation in Monaco<\/figcaption><\/figure>\n\n\n\n<figure class=\"wp-block-image size-large\"><img decoding=\"async\" width=\"1024\" height=\"576\" data-id=\"8188\" src=\"https:\/\/papajuliett.com\/wp-content\/uploads\/2023\/11\/b95bbc2b-facc-4873-a7b3-136e56b7cf8e-1-1024x576.jpg\" alt=\"\" class=\"wp-image-8188\" srcset=\"https:\/\/papajuliett.com\/wp-content\/uploads\/2023\/11\/b95bbc2b-facc-4873-a7b3-136e56b7cf8e-1-1024x576.jpg 1024w, https:\/\/papajuliett.com\/wp-content\/uploads\/2023\/11\/b95bbc2b-facc-4873-a7b3-136e56b7cf8e-1-300x169.jpg 300w, https:\/\/papajuliett.com\/wp-content\/uploads\/2023\/11\/b95bbc2b-facc-4873-a7b3-136e56b7cf8e-1-768x432.jpg 768w, https:\/\/papajuliett.com\/wp-content\/uploads\/2023\/11\/b95bbc2b-facc-4873-a7b3-136e56b7cf8e-1-1536x864.jpg 1536w, https:\/\/papajuliett.com\/wp-content\/uploads\/2023\/11\/b95bbc2b-facc-4873-a7b3-136e56b7cf8e-1-600x338.jpg 600w, https:\/\/papajuliett.com\/wp-content\/uploads\/2023\/11\/b95bbc2b-facc-4873-a7b3-136e56b7cf8e-1.jpg 2048w\" sizes=\"(max-width: 1024px) 100vw, 1024px\" \/><figcaption class=\"wp-element-caption\">Boeing 757 Wall Bar for Blueberry Aviation in Monaco<\/figcaption><\/figure>\n<\/figure>\n","protected":false},"excerpt":{"rendered":"<p>LETALSKA DARILA Letalska darila so unikatni letalski kosi, predelani v luksuzno umetni\u0161ko pohi\u0161tvo in dekor. Slu\u017eijo kot poklon kariernemu uspehu, odsevajo ljubezen do potovanj, kreativnih re\u0161itev, svobode in so edinstveno presene\u010denje. \u010ce podarite umetni\u0161ki kos, narejen iz dela letala boste v o\u010deh obdarovanca nekaj \u010disto posebnega in zapomnili si vas [&hellip;]<\/p>\n","protected":false},"author":6,"featured_media":4995,"parent":0,"menu_order":0,"comment_status":"closed","ping_status":"closed","template":"","meta":{"om_disable_all_campaigns":false,"_monsterinsights_skip_tracking":false,"_monsterinsights_sitenote_active":false,"_monsterinsights_sitenote_note":"","_monsterinsights_sitenote_category":0,"iawp_total_views":340,"footnotes":""},"class_list":["post-7877","page","type-page","status-publish","has-post-thumbnail","hentry"],"aioseo_notices":[],"_links":{"self":[{"href":"https:\/\/papajuliett.com\/sl\/wp-json\/wp\/v2\/pages\/7877","targetHints":{"allow":["GET"]}}],"collection":[{"href":"https:\/\/papajuliett.com\/sl\/wp-json\/wp\/v2\/pages"}],"about":[{"href":"https:\/\/papajuliett.com\/sl\/wp-json\/wp\/v2\/types\/page"}],"author":[{"embeddable":true,"href":"https:\/\/papajuliett.com\/sl\/wp-json\/wp\/v2\/users\/6"}],"replies":[{"embeddable":true,"href":"https:\/\/papajuliett.com\/sl\/wp-json\/wp\/v2\/comments?post=7877"}],"version-history":[{"count":9,"href":"https:\/\/papajuliett.com\/sl\/wp-json\/wp\/v2\/pages\/7877\/revisions"}],"predecessor-version":[{"id":9112,"href":"https:\/\/papajuliett.com\/sl\/wp-json\/wp\/v2\/pages\/7877\/revisions\/9112"}],"wp:featuredmedia":[{"embeddable":true,"href":"https:\/\/papajuliett.com\/sl\/wp-json\/wp\/v2\/media\/4995"}],"wp:attachment":[{"href":"https:\/\/papajuliett.com\/sl\/wp-json\/wp\/v2\/media?parent=7877"}],"curies":[{"name":"wp","href":"https:\/\/api.w.org\/{rel}","templated":true}]}}