{"id":5050,"date":"2021-01-02T22:40:09","date_gmt":"2021-01-02T21:40:09","guid":{"rendered":"https:\/\/papajuliett.com\/izdelano-po-meri\/"},"modified":"2024-11-19T15:43:58","modified_gmt":"2024-11-19T14:43:58","slug":"izdelano-po-meri","status":"publish","type":"page","link":"https:\/\/papajuliett.com\/sl\/izdelano-po-meri\/","title":{"rendered":"IZDELANO PO MERI"},"content":{"rendered":"\n<div class=\"wp-block-cover alignfull is-light\" style=\"min-height:800px;aspect-ratio:unset;\"><span aria-hidden=\"true\" class=\"wp-block-cover__background has-header-overlay-color-background-color has-background-dim-10 has-background-dim\"><\/span><img decoding=\"async\" width=\"4032\" height=\"3024\" class=\"wp-block-cover__image-background wp-image-7325\" alt=\"\" src=\"https:\/\/papajuliett.com\/wp-content\/uploads\/2023\/07\/IMG_2391.jpeg\" data-object-fit=\"cover\" srcset=\"https:\/\/papajuliett.com\/wp-content\/uploads\/2023\/07\/IMG_2391.jpeg 4032w, https:\/\/papajuliett.com\/wp-content\/uploads\/2023\/07\/IMG_2391-300x225.jpeg 300w, https:\/\/papajuliett.com\/wp-content\/uploads\/2023\/07\/IMG_2391-1024x768.jpeg 1024w, https:\/\/papajuliett.com\/wp-content\/uploads\/2023\/07\/IMG_2391-768x576.jpeg 768w, https:\/\/papajuliett.com\/wp-content\/uploads\/2023\/07\/IMG_2391-1536x1152.jpeg 1536w, https:\/\/papajuliett.com\/wp-content\/uploads\/2023\/07\/IMG_2391-2048x1536.jpeg 2048w, https:\/\/papajuliett.com\/wp-content\/uploads\/2023\/07\/IMG_2391-600x450.jpeg 600w\" sizes=\"(max-width: 4032px) 100vw, 4032px\" \/><div class=\"wp-block-cover__inner-container is-layout-flow wp-block-cover-is-layout-flow\">\n<div class=\"wp-block-columns alignwide is-layout-flex wp-container-core-columns-is-layout-28f84493 wp-block-columns-is-layout-flex\">\n<div class=\"wp-block-column is-layout-flow wp-block-column-is-layout-flow\" style=\"flex-basis:55%\"><\/div>\n\n\n\n<div class=\"wp-block-column is-layout-flow wp-block-column-is-layout-flow\"><\/div>\n<\/div>\n\n\n\n<h2 class=\"wp-block-heading alignwide has-text-align-left has-text-color\" style=\"color:#d81717;font-size:70px;font-style:normal;font-weight:700;letter-spacing:1px\">Letalski dekor izdelan po meri.<\/h2>\n<\/div><\/div>\n\n\n\n<div class=\"wp-block-group alignfull has-background\" style=\"background:linear-gradient(143deg,rgb(6,59,95) 29%,rgb(255,255,255) 29%);padding-top:4rem;padding-right:4rem;padding-bottom:4rem;padding-left:4rem\"><div class=\"wp-block-group__inner-container is-layout-flow wp-block-group-is-layout-flow\">\n<div style=\"height:39px\" aria-hidden=\"true\" class=\"wp-block-spacer\"><\/div>\n\n\n\n<div class=\"wp-block-columns is-layout-flex wp-container-core-columns-is-layout-28f84493 wp-block-columns-is-layout-flex\">\n<div class=\"wp-block-column is-layout-flow wp-block-column-is-layout-flow\" style=\"padding-top:0px;padding-right:0px;padding-bottom:0px;padding-left:0px;flex-basis:50%\"><div class=\"wp-block-image\">\n<figure class=\"aligncenter size-large is-resized\"><img decoding=\"async\" width=\"1024\" height=\"768\" src=\"https:\/\/papajuliett.com\/wp-content\/uploads\/2022\/05\/281560505_2845766565717132_3917612170195507080_n-1024x768.jpg\" alt=\"Aviaton pohi\u0161tvo letalski darilni dekor F4 phantom reaktivni motor kompresor ogledalo FerroECOBlast Europe Papa Juliett Aviation Art Primo\u017e Jovanovi\u0107\" class=\"wp-image-4940\" style=\"width:413px;height:309px\" srcset=\"https:\/\/papajuliett.com\/wp-content\/uploads\/2022\/05\/281560505_2845766565717132_3917612170195507080_n-1024x768.jpg 1024w, https:\/\/papajuliett.com\/wp-content\/uploads\/2022\/05\/281560505_2845766565717132_3917612170195507080_n-600x450.jpg 600w, https:\/\/papajuliett.com\/wp-content\/uploads\/2022\/05\/281560505_2845766565717132_3917612170195507080_n-300x225.jpg 300w, https:\/\/papajuliett.com\/wp-content\/uploads\/2022\/05\/281560505_2845766565717132_3917612170195507080_n-768x576.jpg 768w, https:\/\/papajuliett.com\/wp-content\/uploads\/2022\/05\/281560505_2845766565717132_3917612170195507080_n-16x12.jpg 16w, https:\/\/papajuliett.com\/wp-content\/uploads\/2022\/05\/281560505_2845766565717132_3917612170195507080_n.jpg 1080w\" sizes=\"(max-width: 1024px) 100vw, 1024px\" \/><figcaption class=\"wp-element-caption\"><em><strong>Izdelek po naro\u010dilu na\u0161e stranke: ogledalo iz kompresorja, darilo za rojstni dan<\/strong> <\/em><\/figcaption><\/figure>\n<\/div>\n\n<div class=\"wp-block-image\">\n<figure class=\"aligncenter size-large\"><img decoding=\"async\" width=\"1024\" height=\"577\" src=\"https:\/\/papajuliett.com\/wp-content\/uploads\/2023\/05\/IMG_8160-2-1024x577.jpg\" alt=\"izdelan po meri\" class=\"wp-image-6901\" srcset=\"https:\/\/papajuliett.com\/wp-content\/uploads\/2023\/05\/IMG_8160-2-1024x577.jpg 1024w, https:\/\/papajuliett.com\/wp-content\/uploads\/2023\/05\/IMG_8160-2-300x169.jpg 300w, https:\/\/papajuliett.com\/wp-content\/uploads\/2023\/05\/IMG_8160-2-768x432.jpg 768w, https:\/\/papajuliett.com\/wp-content\/uploads\/2023\/05\/IMG_8160-2-1536x865.jpg 1536w, https:\/\/papajuliett.com\/wp-content\/uploads\/2023\/05\/IMG_8160-2-600x338.jpg 600w, https:\/\/papajuliett.com\/wp-content\/uploads\/2023\/05\/IMG_8160-2.jpg 2048w\" sizes=\"(max-width: 1024px) 100vw, 1024px\" \/><figcaption class=\"wp-element-caption\"><em><strong>Izdelek po naro\u010dilu na\u0161e stranke: konferen\u010dna miza iz trupa letala za pisarno<\/strong><\/em><\/figcaption><\/figure>\n<\/div><\/div>\n\n\n\n<div class=\"wp-block-column is-layout-flow wp-block-column-is-layout-flow\" style=\"flex-basis:50%\">\n<p><\/p>\n\n\n\n<h3 class=\"wp-block-heading has-accent-color has-text-color\"><strong>Si \u017eelite, da va\u0161 prostor poleti?<\/strong><\/h3>\n\n\n\n<p><\/p>\n\n\n\n<p>Va\u0161 prostor opremimo po meri!  Na\u0161a ekskluzivna ponudba va\u0161emu domu, pisarni ali podjetju zagotovi neprimerljivo raven druga\u010dnosti, prefinjenosti in stila.<\/p>\n\n\n\n<p><span style=\"color: #000000;\">Vabimo vas, da ste ustvarjalni in <\/span>si z na\u0161o pomo\u010djo zamislite izdelek, ki si ga \u017eelite<span style=\"color: #000000;\">. <\/span> Z veseljem vam pomagamo va\u0161o vizijo spremeniti v resni\u010dnost.<\/p>\n\n\n\n<p><\/p>\n\n\n\n<p><span style=\"color: #000000;\">I\u0161\u010dete edinstveno konferen\u010dno mizo ali manj\u0161o klubsko mizico? <\/span>Izdelamo jih iz pristnega letalskega krila, pokrova propelerja ali trupa letala. Kaj pa osupljivo stensko umetnino iz letalskih vrat? Morda ogledalo ali uro iz kompresorja motorja? Mo\u017enosti so neskon\u010dne!<\/p>\n\n\n\n<p><\/p>\n\n\n\n<p><strong><span style=\"font-size: revert;\">Z vsakim dizajnom se trudimo prese\u010di pri\u010dakovanja.  Na\u0161e poslanstvo je, da za vas ustvarimo nekaj resni\u010dno izjemnega in tako ponesemo va\u0161 prostor v nove vi\u0161ine.<\/span> <\/strong><\/p>\n\n\n\n<p><\/p>\n\n\n\n<p><\/p>\n\n\n\n<p><br><br><\/p>\n<\/div>\n<\/div>\n<\/div><\/div>\n\n\n\n<h2 class=\"wp-block-heading has-text-align-center has-accent-color has-text-color has-medium-font-size\">Kontaktirajte nas na elektronski naslov <a href=\"mailto:order@papajuliett.com\">order@papajuliett.com<\/a><br> in skupaj najdemo re\u0161itev.<\/h2>\n\n\n\n<p class=\"has-text-align-center\">Vabljeni v na\u0161o spletno trgovino.<\/p>\n\n\n<div class=\"wp-block-image\">\n<figure class=\"aligncenter size-full is-resized\"><a href=\"https:\/\/papajuliett.com\/shop\/\" target=\"_blank\" rel=\"noreferrer noopener\"><img decoding=\"async\" width=\"874\" height=\"227\" src=\"https:\/\/papajuliett.com\/wp-content\/uploads\/2022\/07\/WEBSHOP.png\" alt=\"\" class=\"wp-image-3902\" style=\"width:293px;height:76px\" srcset=\"https:\/\/papajuliett.com\/wp-content\/uploads\/2022\/07\/WEBSHOP.png 874w, https:\/\/papajuliett.com\/wp-content\/uploads\/2022\/07\/WEBSHOP-600x156.png 600w, https:\/\/papajuliett.com\/wp-content\/uploads\/2022\/07\/WEBSHOP-300x78.png 300w, https:\/\/papajuliett.com\/wp-content\/uploads\/2022\/07\/WEBSHOP-768x199.png 768w, https:\/\/papajuliett.com\/wp-content\/uploads\/2022\/07\/WEBSHOP-18x5.png 18w\" sizes=\"(max-width: 874px) 100vw, 874px\" \/><\/a><\/figure>\n<\/div>\n\n\n<hr class=\"wp-block-separator has-alpha-channel-opacity\"\/>\n\n\n\n<div style=\"height:51px\" aria-hidden=\"true\" class=\"wp-block-spacer\"><\/div>\n\n\n\n<hr class=\"wp-block-separator has-alpha-channel-opacity\"\/>\n\n\n\n<p class=\"has-black-color has-text-color\"><strong>Ste letalski navdu\u0161enec? Preberite<\/strong> <strong>na\u0161e zgodbe o letenju in letalcih: <\/strong><\/p>\n\n\n\n<figure class=\"wp-block-gallery has-nested-images columns-default is-cropped wp-block-gallery-1 is-layout-flex wp-block-gallery-is-layout-flex\">\n<figure class=\"wp-block-image size-full is-style-default\"><a href=\"\/sl\/?page_id=5033\"><img decoding=\"async\" width=\"577\" height=\"227\" data-id=\"3907\" src=\"https:\/\/papajuliett.com\/wp-content\/uploads\/2022\/07\/FLYING.png\" alt=\"\" class=\"wp-image-3907\" srcset=\"https:\/\/papajuliett.com\/wp-content\/uploads\/2022\/07\/FLYING.png 577w, https:\/\/papajuliett.com\/wp-content\/uploads\/2022\/07\/FLYING-300x118.png 300w, https:\/\/papajuliett.com\/wp-content\/uploads\/2022\/07\/FLYING-18x7.png 18w\" sizes=\"(max-width: 577px) 100vw, 577px\" \/><\/a><\/figure>\n\n\n\n<figure class=\"wp-block-image size-full is-style-default\"><a href=\"https:\/\/papajuliett.com\/sl\/galeb-g-2\/\"><img decoding=\"async\" width=\"577\" height=\"227\" data-id=\"3906\" src=\"https:\/\/papajuliett.com\/wp-content\/uploads\/2022\/07\/GALEB-G2-B.png\" alt=\"\" class=\"wp-image-3906\" srcset=\"https:\/\/papajuliett.com\/wp-content\/uploads\/2022\/07\/GALEB-G2-B.png 577w, https:\/\/papajuliett.com\/wp-content\/uploads\/2022\/07\/GALEB-G2-B-300x118.png 300w, https:\/\/papajuliett.com\/wp-content\/uploads\/2022\/07\/GALEB-G2-B-18x7.png 18w\" sizes=\"(max-width: 577px) 100vw, 577px\" \/><\/a><\/figure>\n\n\n\n<figure class=\"wp-block-image size-full\"><a href=\"\/sl\/?page_id=5031\"><img decoding=\"async\" width=\"577\" height=\"227\" data-id=\"3908\" src=\"https:\/\/papajuliett.com\/wp-content\/uploads\/2022\/07\/HANGAR-BLOG.png\" alt=\"\" class=\"wp-image-3908\" srcset=\"https:\/\/papajuliett.com\/wp-content\/uploads\/2022\/07\/HANGAR-BLOG.png 577w, https:\/\/papajuliett.com\/wp-content\/uploads\/2022\/07\/HANGAR-BLOG-300x118.png 300w, https:\/\/papajuliett.com\/wp-content\/uploads\/2022\/07\/HANGAR-BLOG-18x7.png 18w\" sizes=\"(max-width: 577px) 100vw, 577px\" \/><\/a><\/figure>\n<\/figure>\n\n\n\n<div style=\"height:0px\" aria-hidden=\"true\" class=\"wp-block-spacer\"><\/div>\n\n\n\n<div style=\"height:127px\" aria-hidden=\"true\" class=\"wp-block-spacer\"><\/div>\n","protected":false},"excerpt":{"rendered":"<p>Si \u017eelite, da va\u0161 prostor poleti? Va\u0161 prostor opremimo po meri! Na\u0161a ekskluzivna ponudba va\u0161emu domu, pisarni ali podjetju zagotovi neprimerljivo raven druga\u010dnosti, prefinjenosti in stila. Vabimo vas, da ste ustvarjalni in si z na\u0161o pomo\u010djo zamislite izdelek, ki si ga \u017eelite. Z veseljem vam pomagamo va\u0161o vizijo spremeniti v [&hellip;]<\/p>\n","protected":false},"author":19,"featured_media":4995,"parent":0,"menu_order":0,"comment_status":"closed","ping_status":"closed","template":"","meta":{"om_disable_all_campaigns":false,"_monsterinsights_skip_tracking":false,"_monsterinsights_sitenote_active":false,"_monsterinsights_sitenote_note":"","_monsterinsights_sitenote_category":0,"iawp_total_views":234,"footnotes":""},"class_list":["post-5050","page","type-page","status-publish","has-post-thumbnail","hentry"],"aioseo_notices":[],"_links":{"self":[{"href":"https:\/\/papajuliett.com\/sl\/wp-json\/wp\/v2\/pages\/5050","targetHints":{"allow":["GET"]}}],"collection":[{"href":"https:\/\/papajuliett.com\/sl\/wp-json\/wp\/v2\/pages"}],"about":[{"href":"https:\/\/papajuliett.com\/sl\/wp-json\/wp\/v2\/types\/page"}],"author":[{"embeddable":true,"href":"https:\/\/papajuliett.com\/sl\/wp-json\/wp\/v2\/users\/19"}],"replies":[{"embeddable":true,"href":"https:\/\/papajuliett.com\/sl\/wp-json\/wp\/v2\/comments?post=5050"}],"version-history":[{"count":15,"href":"https:\/\/papajuliett.com\/sl\/wp-json\/wp\/v2\/pages\/5050\/revisions"}],"predecessor-version":[{"id":9052,"href":"https:\/\/papajuliett.com\/sl\/wp-json\/wp\/v2\/pages\/5050\/revisions\/9052"}],"wp:featuredmedia":[{"embeddable":true,"href":"https:\/\/papajuliett.com\/sl\/wp-json\/wp\/v2\/media\/4995"}],"wp:attachment":[{"href":"https:\/\/papajuliett.com\/sl\/wp-json\/wp\/v2\/media?parent=5050"}],"curies":[{"name":"wp","href":"https:\/\/api.w.org\/{rel}","templated":true}]}}