{"id":5034,"date":"2022-01-11T21:23:47","date_gmt":"2022-01-11T20:23:47","guid":{"rendered":"https:\/\/papajuliett.com\/o-nas\/"},"modified":"2025-09-24T14:26:04","modified_gmt":"2025-09-24T13:26:04","slug":"o-nas","status":"publish","type":"page","link":"https:\/\/papajuliett.com\/sl\/o-nas\/","title":{"rendered":"O NAS"},"content":{"rendered":"\n<div class=\"wp-block-columns alignfull is-layout-flex wp-container-core-columns-is-layout-28f84493 wp-block-columns-is-layout-flex\">\n<div class=\"wp-block-column is-vertically-aligned-center has-white-background-color has-background is-layout-flow wp-block-column-is-layout-flow\" style=\"flex-basis:100%\"><\/div>\n<\/div>\n\n\n\n<div class=\"wp-block-group\"><div class=\"wp-block-group__inner-container is-layout-flow wp-block-group-is-layout-flow\">\n<h2 class=\"wp-block-heading\">OBJAVLJENI V<\/h2>\n\n\n\n<div class=\"wp-block-group alignfull\"><div class=\"wp-block-group__inner-container is-layout-constrained wp-block-group-is-layout-constrained\">\n<div class=\"wp-block-columns alignwide is-layout-flex wp-container-core-columns-is-layout-a5cf46d6 wp-block-columns-is-layout-flex\" style=\"margin-bottom:var(--wp--preset--spacing--40)\">\n<div class=\"wp-block-column is-layout-flow wp-block-column-is-layout-flow\"><\/div>\n\n\n\n<div class=\"wp-block-column is-layout-flow wp-block-column-is-layout-flow\"><\/div>\n\n\n\n<div class=\"wp-block-column is-layout-flow wp-block-column-is-layout-flow\"><\/div>\n\n\n\n<div class=\"wp-block-column is-layout-flow wp-block-column-is-layout-flow\"><\/div>\n\n\n\n<div class=\"wp-block-column is-vertically-aligned-center is-layout-flow wp-block-column-is-layout-flow\"><\/div>\n<\/div>\n\n\n\n<div class=\"wp-block-columns alignwide is-layout-flex wp-container-core-columns-is-layout-28f84493 wp-block-columns-is-layout-flex\">\n<div class=\"wp-block-column is-layout-flow wp-block-column-is-layout-flow\">\n<hr class=\"wp-block-separator has-text-color has-alpha-channel-opacity has-background is-style-default\" style=\"margin-top:0;background-color:#abb7c21a;color:#abb7c21a\"\/>\n\n\n<div class=\"wp-block-image\">\n<figure class=\"aligncenter size-large\"><img decoding=\"async\" width=\"1024\" height=\"275\" src=\"https:\/\/papajuliett.com\/wp-content\/uploads\/2024\/10\/Untitled-design-2-1024x275.jpg\" alt=\"\" class=\"wp-image-8936\" srcset=\"https:\/\/papajuliett.com\/wp-content\/uploads\/2024\/10\/Untitled-design-2-1024x275.jpg 1024w, https:\/\/papajuliett.com\/wp-content\/uploads\/2024\/10\/Untitled-design-2-300x81.jpg 300w, https:\/\/papajuliett.com\/wp-content\/uploads\/2024\/10\/Untitled-design-2-768x206.jpg 768w, https:\/\/papajuliett.com\/wp-content\/uploads\/2024\/10\/Untitled-design-2-1536x413.jpg 1536w, https:\/\/papajuliett.com\/wp-content\/uploads\/2024\/10\/Untitled-design-2-2048x550.jpg 2048w, https:\/\/papajuliett.com\/wp-content\/uploads\/2024\/10\/Untitled-design-2-600x161.jpg 600w\" sizes=\"(max-width: 1024px) 100vw, 1024px\" \/><\/figure>\n<\/div><\/div>\n<\/div>\n<\/div><\/div>\n\n\n\n<div class=\"wp-block-group alignwide\"><div class=\"wp-block-group__inner-container is-layout-constrained wp-block-group-is-layout-constrained\">\n<div class=\"wp-block-columns alignwide is-layout-flex wp-container-core-columns-is-layout-cb0d27bd wp-block-columns-is-layout-flex\" style=\"margin-top:var(--wp--preset--spacing--70);margin-bottom:0\">\n<div class=\"wp-block-column is-layout-flow wp-block-column-is-layout-flow\"><div class=\"wp-block-image is-style-rounded\">\n<figure class=\"alignleft size-large is-resized\"><img decoding=\"async\" width=\"1024\" height=\"768\" src=\"https:\/\/papajuliett.com\/wp-content\/uploads\/2023\/05\/0EF0417C-F347-489B-9156-7E8658A3BE60-1024x768.jpeg\" alt=\"o nas\" class=\"wp-image-6957\" style=\"width:434px;height:331px\" srcset=\"https:\/\/papajuliett.com\/wp-content\/uploads\/2023\/05\/0EF0417C-F347-489B-9156-7E8658A3BE60-1024x768.jpeg 1024w, https:\/\/papajuliett.com\/wp-content\/uploads\/2023\/05\/0EF0417C-F347-489B-9156-7E8658A3BE60-300x225.jpeg 300w, https:\/\/papajuliett.com\/wp-content\/uploads\/2023\/05\/0EF0417C-F347-489B-9156-7E8658A3BE60-768x576.jpeg 768w, https:\/\/papajuliett.com\/wp-content\/uploads\/2023\/05\/0EF0417C-F347-489B-9156-7E8658A3BE60-1536x1152.jpeg 1536w, https:\/\/papajuliett.com\/wp-content\/uploads\/2023\/05\/0EF0417C-F347-489B-9156-7E8658A3BE60-2048x1536.jpeg 2048w, https:\/\/papajuliett.com\/wp-content\/uploads\/2023\/05\/0EF0417C-F347-489B-9156-7E8658A3BE60-600x450.jpeg 600w\" sizes=\"(max-width: 1024px) 100vw, 1024px\" \/><figcaption class=\"wp-element-caption\"><sub>Primo\u017e Jovanovi\u0107 in Eva Kra\u0161, Papa Juliett Aviation Art tim<\/sub><\/figcaption><\/figure>\n<\/div>\n\n\n<p><\/p>\n\n\n\n<hr class=\"wp-block-separator has-alpha-channel-opacity\"\/>\n<\/div>\n\n\n\n<div class=\"wp-block-column is-layout-flow wp-block-column-is-layout-flow\">\n<h6 class=\"wp-block-heading has-accent-color has-text-color\" style=\"font-style:normal;font-weight:600\"><\/h6>\n\n\n\n<h2 class=\"wp-block-heading has-text-align-center\" style=\"font-style:normal;font-weight:700;text-transform:capitalize\">LEP POZDRAV\u010cEK!<br>O NAS<\/h2>\n\n\n\n<hr class=\"wp-block-separator has-alpha-channel-opacity\"\/>\n\n\n\n<p style=\"font-size:16px;font-style:normal;font-weight:500\"><strong>NA\u0160A MISIJA ..<\/strong>.<br>je podpreti va\u0161 uspeh!<\/p>\n\n\n\n<p style=\"font-size:16px;font-style:normal;font-weight:200\"><strong>ZAKAJ IZBRATI NAS<\/strong><br>Kdo bi lahko bolje oblikoval va\u0161 letalski dekor kot profesionalni pilot, ki je svoje \u017eivljenje posvetil letalstvu?Na\u0161i izdelki so narejeni pod ustvarjalnimi rokami kapitana Primo\u017ea Jovanovi\u0107a. <\/p>\n\n\n\n<p style=\"font-size:16px;font-style:normal;font-weight:200\"><strong>KAKO DELAMO<\/strong><br>Smo buti\u010dno podjetje in zagotavljamo vam, da dobite unikaten izdelek, kot ga \u0161e ni bilo. V vsakem izdelku zdru\u017eujemo kreativnost, zgodovino, umetnost in skrb za okolje. Na\u0161 cilj ni mno\u017ei\u010dna proizvodnja, temve\u010d kakovost in umetni\u0161kost vsakega izdelka.<\/p>\n\n\n\n<p style=\"font-size:16px\"><\/p>\n\n\n\n<p style=\"font-size:16px;font-style:normal;font-weight:200\"><strong>KDO SMO<\/strong><br>Sva Primo\u017e in Eva, dinami\u010dni duo, letalca in umetnika s strastjo do preoblikovanja originalnih letalskih delov v osupljive, unikatne dekoracije za va\u0161 dom ali pisarno.<\/p>\n\n\n\n<p style=\"font-size:16px;font-style:normal;font-weight:200\"><strong>NA\u0160E STORITVE<\/strong><br>Kot tim sva zavezana, da zagotoviva profesionalno storitev, dr\u017eiva obljubo in garantirava odli\u010dno komunikacijo v vsakem trenutku va\u0161ega naro\u010dila.&nbsp;<\/p>\n\n\n\n<p style=\"font-size:16px;font-style:normal;font-weight:200\"><strong>KJE SMO<\/strong><br>Izdelke si lahko ogledate tako v na\u0161i spletni trgovini, kot tudi v \u017eivo. Za ogled nas prosim kontaktirajte.<\/p>\n\n\n\n<p style=\"font-size:16px;font-style:normal;font-weight:200\"><strong>NA\u0160E VREDNOTE<\/strong><br>Kot letalca se zavedava na\u0161ega vpliva na okolje. S tem, ko rabljene kose letal preoblikujemo in jim vdihnemo drugo \u017eivljenje, prispevamo k trajnostni uporabi materialov.&nbsp;<\/p>\n\n\n\n<p style=\"font-size:16px;font-style:normal;font-weight:200\">Ob vsakem nakupu vam podarimo drevo, ki jih sadimo v Tanzaniji in tako na na\u0161 na\u010din prispevamo k dobrobitu planeta.<\/p>\n\n\n\n<p style=\"font-size:16px\"><\/p>\n\n\n\n<hr class=\"wp-block-separator has-alpha-channel-opacity\"\/>\n\n\n\n<hr class=\"wp-block-separator has-alpha-channel-opacity\"\/>\n<\/div>\n<\/div>\n<\/div><\/div>\n<\/div><\/div>\n\n\n\n<div class=\"wp-block-group alignfull\"><div class=\"wp-block-group__inner-container is-layout-flow wp-block-group-is-layout-flow\">\n<div class=\"wp-block-columns is-layout-flex wp-container-core-columns-is-layout-28f84493 wp-block-columns-is-layout-flex\">\n<div class=\"wp-block-column is-layout-flow wp-block-column-is-layout-flow\" style=\"flex-basis:100%\">\n<div class=\"wp-block-group alignfull\"><div class=\"wp-block-group__inner-container is-layout-flow wp-block-group-is-layout-flow\">\n<div class=\"wp-block-group alignfull has-black-background-color has-background\"><div class=\"wp-block-group__inner-container is-layout-constrained wp-container-core-group-is-layout-15c356c4 wp-block-group-is-layout-constrained\">\n<div class=\"wp-block-columns alignfull has-body-color-background-color has-background is-layout-flex wp-container-core-columns-is-layout-3d851504 wp-block-columns-is-layout-flex\" style=\"padding-top:2em;padding-bottom:2rem\">\n<div class=\"wp-block-column has-white-color has-body-color-background-color has-text-color has-background is-layout-flow wp-block-column-is-layout-flow\" style=\"padding-right:1em;padding-left:1em\">\n<div class=\"wp-block-cover alignleft\" style=\"min-height:491px;aspect-ratio:unset;\"><img decoding=\"async\" width=\"1024\" height=\"683\" class=\"wp-block-cover__image-background wp-image-3313\" alt=\"\" src=\"https:\/\/papajuliett.com\/wp-content\/uploads\/2022\/04\/NASLOVNA-1024x683-1.jpg\" style=\"object-position:79% 44%\" data-object-fit=\"cover\" data-object-position=\"79% 44%\" srcset=\"https:\/\/papajuliett.com\/wp-content\/uploads\/2022\/04\/NASLOVNA-1024x683-1.jpg 1024w, https:\/\/papajuliett.com\/wp-content\/uploads\/2022\/04\/NASLOVNA-1024x683-1-600x400.jpg 600w, https:\/\/papajuliett.com\/wp-content\/uploads\/2022\/04\/NASLOVNA-1024x683-1-300x200.jpg 300w, https:\/\/papajuliett.com\/wp-content\/uploads\/2022\/04\/NASLOVNA-1024x683-1-768x512.jpg 768w, https:\/\/papajuliett.com\/wp-content\/uploads\/2022\/04\/NASLOVNA-1024x683-1-18x12.jpg 18w, https:\/\/papajuliett.com\/wp-content\/uploads\/2022\/04\/NASLOVNA-1024x683-1-360x240.jpg 360w\" sizes=\"(max-width: 1024px) 100vw, 1024px\" \/><span aria-hidden=\"true\" class=\"wp-block-cover__background has-background-dim-0 has-background-dim\"><\/span><div class=\"wp-block-cover__inner-container is-layout-flow wp-block-cover-is-layout-flow\">\n<p><\/p>\n<\/div><\/div>\n\n\n\n<p class=\"has-text-align-center has-body-color-background-color has-background\" style=\"font-size:16px\"><em>Vedno sem rad ustvarjal z rokami. Ko sem bil \u0161e otrok, sem si iz ponija naredil BMX-a, ker nismo imeli denarja zanj. U\u017eivam, ko se znajdem pred in\u017eenirskim problemom, in potem najdem re\u0161itev zanj. Izdelovanje letalskega pohi\u0161tva opazujem \u017ee nekaj let in ideja mi je bila takoj v\u0161e\u010d. Velikokrat sem razmi\u0161ljal, kaj bi lahko ustvaril sam, vendar sem bil vedno prezaposlen s svojo kariero v letalstvu. V zadnjih letih sem v hangarju nabral kar nekaj zanimivih letalskih kosov. Ko smo zaradi ste\u010daja Adrie Airways izgubili slu\u017ebe, ra\u010duni pa so morali vseeno biti pla\u010dani, sem se spomnil svoje vizije in si rekel: \u00bbPoskusil bom.\u00ab Bil sem vesel, da je bil moj poskus ljudem v\u0161e\u010d. V obdobju vsesplo\u0161nega zaprtja zaradi &#8220;koronakrize&#8221; sem imel \u010das dokon\u010dati \u0161tevilne kose in se sproti u\u010dil. Vsaki\u010d, ko vidim kos letala, me spodbode, da iz njega naredim nekaj posebnega in uporabnega. Ko sem se ukvarjal s fotografijo, sem za\u010del odkrivati umetni\u0161ki del sebe. Med izdelovanjem letalskega pohi\u0161tva pa sem si kon\u010dno priznal, da sem po du\u0161i umetnik. Celoten proces izdelave je postal svojevrstna meditacija, v kateri res u\u017eivam in si \u017eivljenja brez tega&nbsp;ne predstavljam ve\u010d. Zato sem se odlo\u010dil ustanoviti podjetje PapaJuliett Aviation Art.&nbsp;Moja kopilotka je tudi sama aviatorka in umetnica. Skupaj ustvarjava vizijo, ki jo poganja strast do stvari, ki jih res rada po\u010dneva.&nbsp;Predelava starih letalskih delov v unikate me veseli.&nbsp;Iskreno upam, da bodo moji izdelki razveseljevali tudi vas.<\/em><\/p>\n\n\n\n<p class=\"has-text-align-right has-navbar-transparent-text-color-color has-text-color\" style=\"font-size:16px\">Primo\u017e Jovanovi\u0107,<br> Direktor in oblikovalec<em><br><\/em><\/p>\n<\/div>\n<\/div>\n<\/div><\/div>\n<\/div><\/div>\n<\/div>\n<\/div>\n<\/div><\/div>\n\n\n\n<hr class=\"wp-block-separator has-alpha-channel-opacity\"\/>\n\n\n\n<h2 class=\"wp-block-heading\">V SODELOVANJU Z<\/h2>\n\n\n\n<p><strong>www.festiveyou.com\/sl<\/strong><\/p>\n\n\n\n<figure class=\"wp-block-image size-large is-resized\"><img decoding=\"async\" width=\"1024\" height=\"1024\" src=\"https:\/\/papajuliett.com\/wp-content\/uploads\/2025\/08\/A7E0D3C8-F1F6-4D05-99BE-36F0FE352C75-1024x1024.jpeg\" alt=\"Eva Kras Festive You\" class=\"wp-image-9161\" style=\"width:129px;height:auto\" srcset=\"https:\/\/papajuliett.com\/wp-content\/uploads\/2025\/08\/A7E0D3C8-F1F6-4D05-99BE-36F0FE352C75-1024x1024.jpeg 1024w, https:\/\/papajuliett.com\/wp-content\/uploads\/2025\/08\/A7E0D3C8-F1F6-4D05-99BE-36F0FE352C75-300x300.jpeg 300w, https:\/\/papajuliett.com\/wp-content\/uploads\/2025\/08\/A7E0D3C8-F1F6-4D05-99BE-36F0FE352C75-150x150.jpeg 150w, https:\/\/papajuliett.com\/wp-content\/uploads\/2025\/08\/A7E0D3C8-F1F6-4D05-99BE-36F0FE352C75-768x768.jpeg 768w, https:\/\/papajuliett.com\/wp-content\/uploads\/2025\/08\/A7E0D3C8-F1F6-4D05-99BE-36F0FE352C75-1536x1536.jpeg 1536w, https:\/\/papajuliett.com\/wp-content\/uploads\/2025\/08\/A7E0D3C8-F1F6-4D05-99BE-36F0FE352C75-2048x2048.jpeg 2048w, https:\/\/papajuliett.com\/wp-content\/uploads\/2025\/08\/A7E0D3C8-F1F6-4D05-99BE-36F0FE352C75-460x460.jpeg 460w, https:\/\/papajuliett.com\/wp-content\/uploads\/2025\/08\/A7E0D3C8-F1F6-4D05-99BE-36F0FE352C75-230x230.jpeg 230w, https:\/\/papajuliett.com\/wp-content\/uploads\/2025\/08\/A7E0D3C8-F1F6-4D05-99BE-36F0FE352C75-600x600.jpeg 600w, https:\/\/papajuliett.com\/wp-content\/uploads\/2025\/08\/A7E0D3C8-F1F6-4D05-99BE-36F0FE352C75-160x160.jpeg 160w\" sizes=\"(max-width: 1024px) 100vw, 1024px\" \/><\/figure>\n\n\n\n<p class=\"has-large-font-size\"><strong>NA\u0160I PARTNERJI <\/strong><\/p>\n\n\n\n<figure class=\"wp-block-image size-large is-resized\"><a class=\"dofollow\" href=\"https:\/\/flyone.si\" rel=\"dofollow\"><img decoding=\"async\" width=\"1024\" height=\"748\" src=\"https:\/\/papajuliett.com\/wp-content\/uploads\/2025\/07\/Screenshot-2025-07-08-at-17.30.34-1024x748.png\" alt=\"simulator letenja fly one\" class=\"wp-image-9150\" style=\"width:130px;height:auto\" srcset=\"https:\/\/papajuliett.com\/wp-content\/uploads\/2025\/07\/Screenshot-2025-07-08-at-17.30.34-1024x748.png 1024w, https:\/\/papajuliett.com\/wp-content\/uploads\/2025\/07\/Screenshot-2025-07-08-at-17.30.34-300x219.png 300w, https:\/\/papajuliett.com\/wp-content\/uploads\/2025\/07\/Screenshot-2025-07-08-at-17.30.34-768x561.png 768w, https:\/\/papajuliett.com\/wp-content\/uploads\/2025\/07\/Screenshot-2025-07-08-at-17.30.34-1536x1122.png 1536w, https:\/\/papajuliett.com\/wp-content\/uploads\/2025\/07\/Screenshot-2025-07-08-at-17.30.34-2048x1496.png 2048w, https:\/\/papajuliett.com\/wp-content\/uploads\/2025\/07\/Screenshot-2025-07-08-at-17.30.34-600x438.png 600w\" sizes=\"(max-width: 1024px) 100vw, 1024px\" \/><\/a><\/figure>\n\n\n\n<p><\/p>\n","protected":false},"excerpt":{"rendered":"<p>OBJAVLJENI V LEP POZDRAV\u010cEK!O NAS NA\u0160A MISIJA &#8230;je podpreti va\u0161 uspeh! ZAKAJ IZBRATI NASKdo bi lahko bolje oblikoval va\u0161 letalski dekor kot profesionalni pilot, ki je svoje \u017eivljenje posvetil letalstvu?Na\u0161i izdelki so narejeni pod ustvarjalnimi rokami kapitana Primo\u017ea Jovanovi\u0107a. KAKO DELAMOSmo buti\u010dno podjetje in zagotavljamo vam, da dobite unikaten izdelek, [&hellip;]<\/p>\n","protected":false},"author":19,"featured_media":4995,"parent":0,"menu_order":0,"comment_status":"closed","ping_status":"closed","template":"","meta":{"om_disable_all_campaigns":false,"_monsterinsights_skip_tracking":false,"_monsterinsights_sitenote_active":false,"_monsterinsights_sitenote_note":"","_monsterinsights_sitenote_category":0,"iawp_total_views":426,"footnotes":""},"class_list":["post-5034","page","type-page","status-publish","has-post-thumbnail","hentry"],"aioseo_notices":[],"_links":{"self":[{"href":"https:\/\/papajuliett.com\/sl\/wp-json\/wp\/v2\/pages\/5034","targetHints":{"allow":["GET"]}}],"collection":[{"href":"https:\/\/papajuliett.com\/sl\/wp-json\/wp\/v2\/pages"}],"about":[{"href":"https:\/\/papajuliett.com\/sl\/wp-json\/wp\/v2\/types\/page"}],"author":[{"embeddable":true,"href":"https:\/\/papajuliett.com\/sl\/wp-json\/wp\/v2\/users\/19"}],"replies":[{"embeddable":true,"href":"https:\/\/papajuliett.com\/sl\/wp-json\/wp\/v2\/comments?post=5034"}],"version-history":[{"count":45,"href":"https:\/\/papajuliett.com\/sl\/wp-json\/wp\/v2\/pages\/5034\/revisions"}],"predecessor-version":[{"id":9180,"href":"https:\/\/papajuliett.com\/sl\/wp-json\/wp\/v2\/pages\/5034\/revisions\/9180"}],"wp:featuredmedia":[{"embeddable":true,"href":"https:\/\/papajuliett.com\/sl\/wp-json\/wp\/v2\/media\/4995"}],"wp:attachment":[{"href":"https:\/\/papajuliett.com\/sl\/wp-json\/wp\/v2\/media?parent=5034"}],"curies":[{"name":"wp","href":"https:\/\/api.w.org\/{rel}","templated":true}]}}